{"id":73,"date":"2017-03-01T10:15:41","date_gmt":"2017-03-01T09:15:41","guid":{"rendered":"http:\/\/roelofs.test\/?page_id=73"},"modified":"2020-08-26T19:33:05","modified_gmt":"2020-08-26T17:33:05","slug":"rassen","status":"publish","type":"page","link":"https:\/\/www.boomkwekerijroelofs.nl\/pl\/rassen\/","title":{"rendered":"Odmiany"},"content":{"rendered":"<p><strong>Dokonaj wyboru<\/strong><\/p>\n<p>Nasz asortyment jab\u0142oni i gruszy wsp\u00f3\u0142gra z aktualnymi \u017cyczeniami (mi\u0119dzy)narodowych sadownik\u00f3w. Ponadto razem ze stacjami szczepie\u0144, stacjami badawczymi, konsorcjami zajmuj\u0105cymi si\u0119 odmianami, organizacjami zbytu, przedsi\u0119biorstwami handlowymi i sadownikami szukamy mo\u017cliwo\u015bci ulepszenia obecnego asortymentu. Przy z\u0142o\u017ceniu zam\u00f3wie\u0144 odpowiednio wcze\u015bniej istnieje mo\u017cliwo\u015b\u0107 realizacji indywidualnych \u017cycze\u0144 dotycz\u0105cych gatunk\u00f3w i mutant\u00f3w, podk\u0142adek oraz typ\u00f3w drzew. Poni\u017csze zestawienie przedstawia wszystkie odmiany, kt\u00f3re mo\u017cemy dostarczy\u0107. Wybierz pomi\u0119dzy jab\u0142oni\u0105, grusz\u0105 albo obydwoma rodzajami drzewek.<\/p>\n","protected":false},"excerpt":{"rendered":"<p>Dokonaj wyboru Nasz asortyment jab\u0142oni i gruszy wsp\u00f3\u0142gra z aktualnymi \u017cyczeniami (mi\u0119dzy)narodowych sadownik\u00f3w. Ponadto razem ze stacjami szczepie\u0144, stacjami badawczymi, konsorcjami zajmuj\u0105cymi si\u0119 odmianami, organizacjami zbytu, przedsi\u0119biorstwami handlowymi i sadownikami szukamy mo\u017cliwo\u015bci ulepszenia obecnego asortymentu. Przy z\u0142o\u017ceniu zam\u00f3wie\u0144 odpowiednio wcze\u015bniej istnieje mo\u017cliwo\u015b\u0107 realizacji indywidualnych \u017cycze\u0144 dotycz\u0105cych gatunk\u00f3w i mutant\u00f3w, podk\u0142adek oraz typ\u00f3w drzew. Poni\u017csze zestawienie [&hellip;]<\/p>\n","protected":false},"author":1,"featured_media":363,"parent":0,"menu_order":0,"comment_status":"closed","ping_status":"closed","template":"rassen.php","meta":{"_acf_changed":false,"footnotes":""},"class_list":["post-73","page","type-page","status-publish","has-post-thumbnail","hentry"],"acf":[],"yoast_head":"<!-- This site is optimized with the Yoast SEO plugin v27.5 - https:\/\/yoast.com\/product\/yoast-seo-wordpress\/ -->\n<title>Odmiany - Roelofs Boomkwekerij (PL)<\/title>\n<meta name=\"robots\" content=\"index, follow, max-snippet:-1, max-image-preview:large, max-video-preview:-1\" \/>\n<link rel=\"canonical\" href=\"https:\/\/www.boomkwekerijroelofs.nl\/pl\/rassen\/\" \/>\n<meta property=\"og:locale\" content=\"pl_PL\" \/>\n<meta property=\"og:type\" content=\"article\" \/>\n<meta property=\"og:title\" content=\"Odmiany - Roelofs Boomkwekerij (PL)\" \/>\n<meta property=\"og:description\" content=\"Dokonaj wyboru Nasz asortyment jab\u0142oni i gruszy wsp\u00f3\u0142gra z aktualnymi \u017cyczeniami (mi\u0119dzy)narodowych sadownik\u00f3w. Ponadto razem ze stacjami szczepie\u0144, stacjami badawczymi, konsorcjami zajmuj\u0105cymi si\u0119 odmianami, organizacjami zbytu, przedsi\u0119biorstwami handlowymi i sadownikami szukamy mo\u017cliwo\u015bci ulepszenia obecnego asortymentu. Przy z\u0142o\u017ceniu zam\u00f3wie\u0144 odpowiednio wcze\u015bniej istnieje mo\u017cliwo\u015b\u0107 realizacji indywidualnych \u017cycze\u0144 dotycz\u0105cych gatunk\u00f3w i mutant\u00f3w, podk\u0142adek oraz typ\u00f3w drzew. Poni\u017csze zestawienie [&hellip;]\" \/>\n<meta property=\"og:url\" content=\"https:\/\/www.boomkwekerijroelofs.nl\/pl\/rassen\/\" \/>\n<meta property=\"og:site_name\" content=\"Roelofs Boomkwekerij (PL)\" \/>\n<meta property=\"article:modified_time\" content=\"2020-08-26T17:33:05+00:00\" \/>\n<meta property=\"og:image\" content=\"https:\/\/www.boomkwekerijroelofs.nl\/wp-content\/uploads\/sites\/7\/2018\/10\/2018-opkweek-bomen-enten-onderstammen2.jpg\" \/>\n\t<meta property=\"og:image:width\" content=\"1024\" \/>\n\t<meta property=\"og:image:height\" content=\"683\" \/>\n\t<meta property=\"og:image:type\" content=\"image\/jpeg\" \/>\n<meta name=\"twitter:card\" content=\"summary_large_image\" \/>\n<script type=\"application\/ld+json\" class=\"yoast-schema-graph\">{\"@context\":\"https:\\\/\\\/schema.org\",\"@graph\":[{\"@type\":\"WebPage\",\"@id\":\"https:\\\/\\\/www.boomkwekerijroelofs.nl\\\/pl\\\/rassen\\\/\",\"url\":\"https:\\\/\\\/www.boomkwekerijroelofs.nl\\\/pl\\\/rassen\\\/\",\"name\":\"Odmiany - Roelofs Boomkwekerij (PL)\",\"isPartOf\":{\"@id\":\"https:\\\/\\\/www.boomkwekerijroelofs.nl\\\/pl\\\/#website\"},\"primaryImageOfPage\":{\"@id\":\"https:\\\/\\\/www.boomkwekerijroelofs.nl\\\/pl\\\/rassen\\\/#primaryimage\"},\"image\":{\"@id\":\"https:\\\/\\\/www.boomkwekerijroelofs.nl\\\/pl\\\/rassen\\\/#primaryimage\"},\"thumbnailUrl\":\"https:\\\/\\\/www.boomkwekerijroelofs.nl\\\/wp-content\\\/uploads\\\/sites\\\/7\\\/2018\\\/10\\\/2018-opkweek-bomen-enten-onderstammen2.jpg\",\"datePublished\":\"2017-03-01T09:15:41+00:00\",\"dateModified\":\"2020-08-26T17:33:05+00:00\",\"breadcrumb\":{\"@id\":\"https:\\\/\\\/www.boomkwekerijroelofs.nl\\\/pl\\\/rassen\\\/#breadcrumb\"},\"inLanguage\":\"pl-PL\",\"potentialAction\":[{\"@type\":\"ReadAction\",\"target\":[\"https:\\\/\\\/www.boomkwekerijroelofs.nl\\\/pl\\\/rassen\\\/\"]}]},{\"@type\":\"ImageObject\",\"inLanguage\":\"pl-PL\",\"@id\":\"https:\\\/\\\/www.boomkwekerijroelofs.nl\\\/pl\\\/rassen\\\/#primaryimage\",\"url\":\"https:\\\/\\\/www.boomkwekerijroelofs.nl\\\/wp-content\\\/uploads\\\/sites\\\/7\\\/2018\\\/10\\\/2018-opkweek-bomen-enten-onderstammen2.jpg\",\"contentUrl\":\"https:\\\/\\\/www.boomkwekerijroelofs.nl\\\/wp-content\\\/uploads\\\/sites\\\/7\\\/2018\\\/10\\\/2018-opkweek-bomen-enten-onderstammen2.jpg\",\"width\":1024,\"height\":683},{\"@type\":\"BreadcrumbList\",\"@id\":\"https:\\\/\\\/www.boomkwekerijroelofs.nl\\\/pl\\\/rassen\\\/#breadcrumb\",\"itemListElement\":[{\"@type\":\"ListItem\",\"position\":1,\"name\":\"Home\",\"item\":\"https:\\\/\\\/www.boomkwekerijroelofs.nl\\\/pl\\\/\"},{\"@type\":\"ListItem\",\"position\":2,\"name\":\"Odmiany\"}]},{\"@type\":\"WebSite\",\"@id\":\"https:\\\/\\\/www.boomkwekerijroelofs.nl\\\/pl\\\/#website\",\"url\":\"https:\\\/\\\/www.boomkwekerijroelofs.nl\\\/pl\\\/\",\"name\":\"Roelofs Boomkwekerij (PL)\",\"description\":\"\",\"potentialAction\":[{\"@type\":\"SearchAction\",\"target\":{\"@type\":\"EntryPoint\",\"urlTemplate\":\"https:\\\/\\\/www.boomkwekerijroelofs.nl\\\/pl\\\/?s={search_term_string}\"},\"query-input\":{\"@type\":\"PropertyValueSpecification\",\"valueRequired\":true,\"valueName\":\"search_term_string\"}}],\"inLanguage\":\"pl-PL\"}]}<\/script>\n<!-- \/ Yoast SEO plugin. -->","yoast_head_json":{"title":"Odmiany - Roelofs Boomkwekerij (PL)","robots":{"index":"index","follow":"follow","max-snippet":"max-snippet:-1","max-image-preview":"max-image-preview:large","max-video-preview":"max-video-preview:-1"},"canonical":"https:\/\/www.boomkwekerijroelofs.nl\/pl\/rassen\/","og_locale":"pl_PL","og_type":"article","og_title":"Odmiany - Roelofs Boomkwekerij (PL)","og_description":"Dokonaj wyboru Nasz asortyment jab\u0142oni i gruszy wsp\u00f3\u0142gra z aktualnymi \u017cyczeniami (mi\u0119dzy)narodowych sadownik\u00f3w. Ponadto razem ze stacjami szczepie\u0144, stacjami badawczymi, konsorcjami zajmuj\u0105cymi si\u0119 odmianami, organizacjami zbytu, przedsi\u0119biorstwami handlowymi i sadownikami szukamy mo\u017cliwo\u015bci ulepszenia obecnego asortymentu. Przy z\u0142o\u017ceniu zam\u00f3wie\u0144 odpowiednio wcze\u015bniej istnieje mo\u017cliwo\u015b\u0107 realizacji indywidualnych \u017cycze\u0144 dotycz\u0105cych gatunk\u00f3w i mutant\u00f3w, podk\u0142adek oraz typ\u00f3w drzew. Poni\u017csze zestawienie [&hellip;]","og_url":"https:\/\/www.boomkwekerijroelofs.nl\/pl\/rassen\/","og_site_name":"Roelofs Boomkwekerij (PL)","article_modified_time":"2020-08-26T17:33:05+00:00","og_image":[{"width":1024,"height":683,"url":"https:\/\/www.boomkwekerijroelofs.nl\/wp-content\/uploads\/sites\/7\/2018\/10\/2018-opkweek-bomen-enten-onderstammen2.jpg","type":"image\/jpeg"}],"twitter_card":"summary_large_image","schema":{"@context":"https:\/\/schema.org","@graph":[{"@type":"WebPage","@id":"https:\/\/www.boomkwekerijroelofs.nl\/pl\/rassen\/","url":"https:\/\/www.boomkwekerijroelofs.nl\/pl\/rassen\/","name":"Odmiany - Roelofs Boomkwekerij (PL)","isPartOf":{"@id":"https:\/\/www.boomkwekerijroelofs.nl\/pl\/#website"},"primaryImageOfPage":{"@id":"https:\/\/www.boomkwekerijroelofs.nl\/pl\/rassen\/#primaryimage"},"image":{"@id":"https:\/\/www.boomkwekerijroelofs.nl\/pl\/rassen\/#primaryimage"},"thumbnailUrl":"https:\/\/www.boomkwekerijroelofs.nl\/wp-content\/uploads\/sites\/7\/2018\/10\/2018-opkweek-bomen-enten-onderstammen2.jpg","datePublished":"2017-03-01T09:15:41+00:00","dateModified":"2020-08-26T17:33:05+00:00","breadcrumb":{"@id":"https:\/\/www.boomkwekerijroelofs.nl\/pl\/rassen\/#breadcrumb"},"inLanguage":"pl-PL","potentialAction":[{"@type":"ReadAction","target":["https:\/\/www.boomkwekerijroelofs.nl\/pl\/rassen\/"]}]},{"@type":"ImageObject","inLanguage":"pl-PL","@id":"https:\/\/www.boomkwekerijroelofs.nl\/pl\/rassen\/#primaryimage","url":"https:\/\/www.boomkwekerijroelofs.nl\/wp-content\/uploads\/sites\/7\/2018\/10\/2018-opkweek-bomen-enten-onderstammen2.jpg","contentUrl":"https:\/\/www.boomkwekerijroelofs.nl\/wp-content\/uploads\/sites\/7\/2018\/10\/2018-opkweek-bomen-enten-onderstammen2.jpg","width":1024,"height":683},{"@type":"BreadcrumbList","@id":"https:\/\/www.boomkwekerijroelofs.nl\/pl\/rassen\/#breadcrumb","itemListElement":[{"@type":"ListItem","position":1,"name":"Home","item":"https:\/\/www.boomkwekerijroelofs.nl\/pl\/"},{"@type":"ListItem","position":2,"name":"Odmiany"}]},{"@type":"WebSite","@id":"https:\/\/www.boomkwekerijroelofs.nl\/pl\/#website","url":"https:\/\/www.boomkwekerijroelofs.nl\/pl\/","name":"Roelofs Boomkwekerij (PL)","description":"","potentialAction":[{"@type":"SearchAction","target":{"@type":"EntryPoint","urlTemplate":"https:\/\/www.boomkwekerijroelofs.nl\/pl\/?s={search_term_string}"},"query-input":{"@type":"PropertyValueSpecification","valueRequired":true,"valueName":"search_term_string"}}],"inLanguage":"pl-PL"}]}},"_links":{"self":[{"href":"https:\/\/www.boomkwekerijroelofs.nl\/pl\/wp-json\/wp\/v2\/pages\/73","targetHints":{"allow":["GET"]}}],"collection":[{"href":"https:\/\/www.boomkwekerijroelofs.nl\/pl\/wp-json\/wp\/v2\/pages"}],"about":[{"href":"https:\/\/www.boomkwekerijroelofs.nl\/pl\/wp-json\/wp\/v2\/types\/page"}],"author":[{"embeddable":true,"href":"https:\/\/www.boomkwekerijroelofs.nl\/pl\/wp-json\/wp\/v2\/users\/1"}],"replies":[{"embeddable":true,"href":"https:\/\/www.boomkwekerijroelofs.nl\/pl\/wp-json\/wp\/v2\/comments?post=73"}],"version-history":[{"count":5,"href":"https:\/\/www.boomkwekerijroelofs.nl\/pl\/wp-json\/wp\/v2\/pages\/73\/revisions"}],"predecessor-version":[{"id":606,"href":"https:\/\/www.boomkwekerijroelofs.nl\/pl\/wp-json\/wp\/v2\/pages\/73\/revisions\/606"}],"wp:featuredmedia":[{"embeddable":true,"href":"https:\/\/www.boomkwekerijroelofs.nl\/pl\/wp-json\/wp\/v2\/media\/363"}],"wp:attachment":[{"href":"https:\/\/www.boomkwekerijroelofs.nl\/pl\/wp-json\/wp\/v2\/media?parent=73"}],"curies":[{"name":"wp","href":"https:\/\/api.w.org\/{rel}","templated":true}]}}