{"id":7,"date":"2017-02-22T07:41:01","date_gmt":"2017-02-22T06:41:01","guid":{"rendered":"http:\/\/roelofs.test\/?page_id=7"},"modified":"2020-08-19T17:44:31","modified_gmt":"2020-08-19T15:44:31","slug":"bomen","status":"publish","type":"page","link":"https:\/\/www.boomkwekerijroelofs.nl\/pl\/bomen\/","title":{"rendered":"Drzewka"},"content":{"rendered":"<h3><strong>Chcemy si\u0119 wyr\u00f3\u017cnia\u0107<\/strong><\/h3>\n<p>Jab\u0142onie, grusze i podk\u0142adki. Oto produkty, na kt\u00f3rych si\u0119 skupili\u015bmy. Dokonali\u015bmy przy tym \u015bwiadomego wyboru, \u017ceby si\u0119 wyr\u00f3\u017cnia\u0107 jako\u015bci\u0105. Spos\u00f3b, w jaki uprawiamy podk\u0142adki, technika szczepienia, kt\u00f3rej u\u017cywamy, oraz uprawa m\u0142odych drzewek z u\u017cyciem fertygacji s\u0105 tego przyk\u0142adem.<\/p>\n<p>&nbsp;<\/p>\n<p>Ale r\u00f3wnie\u017c we wsp\u00f3\u0142pracy z klientem chcemy dostarcza\u0107 warto\u015b\u0107 dodan\u0105. Dostarczamy nie tylko drzewka i podk\u0142adki, ale budujemy pewn\u0105 relacj\u0119. Ostatecznym celem jest to, \u017ceby nasze drzewka owocowe przynosi\u0142y takie plony, jakich oczekuj\u0105 od nich sadownicy.<\/p>\n<p>&nbsp;<\/p>\n<p><strong>Przejd\u017a do strony:<\/strong><\/p>\n<ul>\n<li><a href=\"https:\/\/www.boomkwekerijroelofs.nl\/pl\/bomen\/appelbomen\/\">Jab\u0142onie<\/a><\/li>\n<li><a href=\"https:\/\/www.boomkwekerijroelofs.nl\/pl\/bomen\/perenbomen\/\">Grusze<\/a><\/li>\n<li><a href=\"https:\/\/www.boomkwekerijroelofs.nl\/pl\/onderstammen\/\">Podk\u0142adki<\/a><\/li>\n<\/ul>\n<p>&nbsp;<\/p>\n","protected":false},"excerpt":{"rendered":"<p>Chcemy si\u0119 wyr\u00f3\u017cnia\u0107 Jab\u0142onie, grusze i podk\u0142adki. Oto produkty, na kt\u00f3rych si\u0119 skupili\u015bmy. Dokonali\u015bmy przy tym \u015bwiadomego wyboru, \u017ceby si\u0119 wyr\u00f3\u017cnia\u0107 jako\u015bci\u0105. Spos\u00f3b, w jaki uprawiamy podk\u0142adki, technika szczepienia, kt\u00f3rej u\u017cywamy, oraz uprawa m\u0142odych drzewek z u\u017cyciem fertygacji s\u0105 tego przyk\u0142adem. &nbsp; Ale r\u00f3wnie\u017c we wsp\u00f3\u0142pracy z klientem chcemy dostarcza\u0107 warto\u015b\u0107 dodan\u0105. Dostarczamy nie tylko [&hellip;]<\/p>\n","protected":false},"author":1,"featured_media":362,"parent":0,"menu_order":0,"comment_status":"closed","ping_status":"closed","template":"","meta":{"_acf_changed":false,"footnotes":""},"class_list":["post-7","page","type-page","status-publish","has-post-thumbnail","hentry"],"acf":[],"yoast_head":"<!-- This site is optimized with the Yoast SEO plugin v27.5 - https:\/\/yoast.com\/product\/yoast-seo-wordpress\/ -->\n<title>Drzewka - Roelofs Boomkwekerij (PL)<\/title>\n<meta name=\"robots\" content=\"index, follow, max-snippet:-1, max-image-preview:large, max-video-preview:-1\" \/>\n<link rel=\"canonical\" href=\"https:\/\/www.boomkwekerijroelofs.nl\/pl\/bomen\/\" \/>\n<meta property=\"og:locale\" content=\"pl_PL\" \/>\n<meta property=\"og:type\" content=\"article\" \/>\n<meta property=\"og:title\" content=\"Drzewka - Roelofs Boomkwekerij (PL)\" \/>\n<meta property=\"og:description\" content=\"Chcemy si\u0119 wyr\u00f3\u017cnia\u0107 Jab\u0142onie, grusze i podk\u0142adki. Oto produkty, na kt\u00f3rych si\u0119 skupili\u015bmy. Dokonali\u015bmy przy tym \u015bwiadomego wyboru, \u017ceby si\u0119 wyr\u00f3\u017cnia\u0107 jako\u015bci\u0105. Spos\u00f3b, w jaki uprawiamy podk\u0142adki, technika szczepienia, kt\u00f3rej u\u017cywamy, oraz uprawa m\u0142odych drzewek z u\u017cyciem fertygacji s\u0105 tego przyk\u0142adem. &nbsp; Ale r\u00f3wnie\u017c we wsp\u00f3\u0142pracy z klientem chcemy dostarcza\u0107 warto\u015b\u0107 dodan\u0105. Dostarczamy nie tylko [&hellip;]\" \/>\n<meta property=\"og:url\" content=\"https:\/\/www.boomkwekerijroelofs.nl\/pl\/bomen\/\" \/>\n<meta property=\"og:site_name\" content=\"Roelofs Boomkwekerij (PL)\" \/>\n<meta property=\"article:modified_time\" content=\"2020-08-19T15:44:31+00:00\" \/>\n<meta property=\"og:image\" content=\"https:\/\/www.boomkwekerijroelofs.nl\/wp-content\/uploads\/sites\/7\/2018\/10\/2018-opkweek-bomen-perenboom4-detail-1024x683.jpg\" \/>\n\t<meta property=\"og:image:width\" content=\"1024\" \/>\n\t<meta property=\"og:image:height\" content=\"683\" \/>\n\t<meta property=\"og:image:type\" content=\"image\/jpeg\" \/>\n<meta name=\"twitter:card\" content=\"summary_large_image\" \/>\n<meta name=\"twitter:label1\" content=\"Szacowany czas czytania\" \/>\n\t<meta name=\"twitter:data1\" content=\"1 minuta\" \/>\n<script type=\"application\/ld+json\" class=\"yoast-schema-graph\">{\"@context\":\"https:\\\/\\\/schema.org\",\"@graph\":[{\"@type\":\"WebPage\",\"@id\":\"https:\\\/\\\/www.boomkwekerijroelofs.nl\\\/pl\\\/bomen\\\/\",\"url\":\"https:\\\/\\\/www.boomkwekerijroelofs.nl\\\/pl\\\/bomen\\\/\",\"name\":\"Drzewka - Roelofs Boomkwekerij (PL)\",\"isPartOf\":{\"@id\":\"https:\\\/\\\/www.boomkwekerijroelofs.nl\\\/pl\\\/#website\"},\"primaryImageOfPage\":{\"@id\":\"https:\\\/\\\/www.boomkwekerijroelofs.nl\\\/pl\\\/bomen\\\/#primaryimage\"},\"image\":{\"@id\":\"https:\\\/\\\/www.boomkwekerijroelofs.nl\\\/pl\\\/bomen\\\/#primaryimage\"},\"thumbnailUrl\":\"https:\\\/\\\/www.boomkwekerijroelofs.nl\\\/wp-content\\\/uploads\\\/sites\\\/7\\\/2018\\\/10\\\/2018-opkweek-bomen-perenboom4-detail.jpg\",\"datePublished\":\"2017-02-22T06:41:01+00:00\",\"dateModified\":\"2020-08-19T15:44:31+00:00\",\"breadcrumb\":{\"@id\":\"https:\\\/\\\/www.boomkwekerijroelofs.nl\\\/pl\\\/bomen\\\/#breadcrumb\"},\"inLanguage\":\"pl-PL\",\"potentialAction\":[{\"@type\":\"ReadAction\",\"target\":[\"https:\\\/\\\/www.boomkwekerijroelofs.nl\\\/pl\\\/bomen\\\/\"]}]},{\"@type\":\"ImageObject\",\"inLanguage\":\"pl-PL\",\"@id\":\"https:\\\/\\\/www.boomkwekerijroelofs.nl\\\/pl\\\/bomen\\\/#primaryimage\",\"url\":\"https:\\\/\\\/www.boomkwekerijroelofs.nl\\\/wp-content\\\/uploads\\\/sites\\\/7\\\/2018\\\/10\\\/2018-opkweek-bomen-perenboom4-detail.jpg\",\"contentUrl\":\"https:\\\/\\\/www.boomkwekerijroelofs.nl\\\/wp-content\\\/uploads\\\/sites\\\/7\\\/2018\\\/10\\\/2018-opkweek-bomen-perenboom4-detail.jpg\",\"width\":3539,\"height\":2362},{\"@type\":\"BreadcrumbList\",\"@id\":\"https:\\\/\\\/www.boomkwekerijroelofs.nl\\\/pl\\\/bomen\\\/#breadcrumb\",\"itemListElement\":[{\"@type\":\"ListItem\",\"position\":1,\"name\":\"Home\",\"item\":\"https:\\\/\\\/www.boomkwekerijroelofs.nl\\\/pl\\\/\"},{\"@type\":\"ListItem\",\"position\":2,\"name\":\"Drzewka\"}]},{\"@type\":\"WebSite\",\"@id\":\"https:\\\/\\\/www.boomkwekerijroelofs.nl\\\/pl\\\/#website\",\"url\":\"https:\\\/\\\/www.boomkwekerijroelofs.nl\\\/pl\\\/\",\"name\":\"Roelofs Boomkwekerij (PL)\",\"description\":\"\",\"potentialAction\":[{\"@type\":\"SearchAction\",\"target\":{\"@type\":\"EntryPoint\",\"urlTemplate\":\"https:\\\/\\\/www.boomkwekerijroelofs.nl\\\/pl\\\/?s={search_term_string}\"},\"query-input\":{\"@type\":\"PropertyValueSpecification\",\"valueRequired\":true,\"valueName\":\"search_term_string\"}}],\"inLanguage\":\"pl-PL\"}]}<\/script>\n<!-- \/ Yoast SEO plugin. -->","yoast_head_json":{"title":"Drzewka - Roelofs Boomkwekerij (PL)","robots":{"index":"index","follow":"follow","max-snippet":"max-snippet:-1","max-image-preview":"max-image-preview:large","max-video-preview":"max-video-preview:-1"},"canonical":"https:\/\/www.boomkwekerijroelofs.nl\/pl\/bomen\/","og_locale":"pl_PL","og_type":"article","og_title":"Drzewka - Roelofs Boomkwekerij (PL)","og_description":"Chcemy si\u0119 wyr\u00f3\u017cnia\u0107 Jab\u0142onie, grusze i podk\u0142adki. Oto produkty, na kt\u00f3rych si\u0119 skupili\u015bmy. Dokonali\u015bmy przy tym \u015bwiadomego wyboru, \u017ceby si\u0119 wyr\u00f3\u017cnia\u0107 jako\u015bci\u0105. Spos\u00f3b, w jaki uprawiamy podk\u0142adki, technika szczepienia, kt\u00f3rej u\u017cywamy, oraz uprawa m\u0142odych drzewek z u\u017cyciem fertygacji s\u0105 tego przyk\u0142adem. &nbsp; Ale r\u00f3wnie\u017c we wsp\u00f3\u0142pracy z klientem chcemy dostarcza\u0107 warto\u015b\u0107 dodan\u0105. Dostarczamy nie tylko [&hellip;]","og_url":"https:\/\/www.boomkwekerijroelofs.nl\/pl\/bomen\/","og_site_name":"Roelofs Boomkwekerij (PL)","article_modified_time":"2020-08-19T15:44:31+00:00","og_image":[{"width":1024,"height":683,"url":"https:\/\/www.boomkwekerijroelofs.nl\/wp-content\/uploads\/sites\/7\/2018\/10\/2018-opkweek-bomen-perenboom4-detail-1024x683.jpg","type":"image\/jpeg"}],"twitter_card":"summary_large_image","twitter_misc":{"Szacowany czas czytania":"1 minuta"},"schema":{"@context":"https:\/\/schema.org","@graph":[{"@type":"WebPage","@id":"https:\/\/www.boomkwekerijroelofs.nl\/pl\/bomen\/","url":"https:\/\/www.boomkwekerijroelofs.nl\/pl\/bomen\/","name":"Drzewka - Roelofs Boomkwekerij (PL)","isPartOf":{"@id":"https:\/\/www.boomkwekerijroelofs.nl\/pl\/#website"},"primaryImageOfPage":{"@id":"https:\/\/www.boomkwekerijroelofs.nl\/pl\/bomen\/#primaryimage"},"image":{"@id":"https:\/\/www.boomkwekerijroelofs.nl\/pl\/bomen\/#primaryimage"},"thumbnailUrl":"https:\/\/www.boomkwekerijroelofs.nl\/wp-content\/uploads\/sites\/7\/2018\/10\/2018-opkweek-bomen-perenboom4-detail.jpg","datePublished":"2017-02-22T06:41:01+00:00","dateModified":"2020-08-19T15:44:31+00:00","breadcrumb":{"@id":"https:\/\/www.boomkwekerijroelofs.nl\/pl\/bomen\/#breadcrumb"},"inLanguage":"pl-PL","potentialAction":[{"@type":"ReadAction","target":["https:\/\/www.boomkwekerijroelofs.nl\/pl\/bomen\/"]}]},{"@type":"ImageObject","inLanguage":"pl-PL","@id":"https:\/\/www.boomkwekerijroelofs.nl\/pl\/bomen\/#primaryimage","url":"https:\/\/www.boomkwekerijroelofs.nl\/wp-content\/uploads\/sites\/7\/2018\/10\/2018-opkweek-bomen-perenboom4-detail.jpg","contentUrl":"https:\/\/www.boomkwekerijroelofs.nl\/wp-content\/uploads\/sites\/7\/2018\/10\/2018-opkweek-bomen-perenboom4-detail.jpg","width":3539,"height":2362},{"@type":"BreadcrumbList","@id":"https:\/\/www.boomkwekerijroelofs.nl\/pl\/bomen\/#breadcrumb","itemListElement":[{"@type":"ListItem","position":1,"name":"Home","item":"https:\/\/www.boomkwekerijroelofs.nl\/pl\/"},{"@type":"ListItem","position":2,"name":"Drzewka"}]},{"@type":"WebSite","@id":"https:\/\/www.boomkwekerijroelofs.nl\/pl\/#website","url":"https:\/\/www.boomkwekerijroelofs.nl\/pl\/","name":"Roelofs Boomkwekerij (PL)","description":"","potentialAction":[{"@type":"SearchAction","target":{"@type":"EntryPoint","urlTemplate":"https:\/\/www.boomkwekerijroelofs.nl\/pl\/?s={search_term_string}"},"query-input":{"@type":"PropertyValueSpecification","valueRequired":true,"valueName":"search_term_string"}}],"inLanguage":"pl-PL"}]}},"_links":{"self":[{"href":"https:\/\/www.boomkwekerijroelofs.nl\/pl\/wp-json\/wp\/v2\/pages\/7","targetHints":{"allow":["GET"]}}],"collection":[{"href":"https:\/\/www.boomkwekerijroelofs.nl\/pl\/wp-json\/wp\/v2\/pages"}],"about":[{"href":"https:\/\/www.boomkwekerijroelofs.nl\/pl\/wp-json\/wp\/v2\/types\/page"}],"author":[{"embeddable":true,"href":"https:\/\/www.boomkwekerijroelofs.nl\/pl\/wp-json\/wp\/v2\/users\/1"}],"replies":[{"embeddable":true,"href":"https:\/\/www.boomkwekerijroelofs.nl\/pl\/wp-json\/wp\/v2\/comments?post=7"}],"version-history":[{"count":19,"href":"https:\/\/www.boomkwekerijroelofs.nl\/pl\/wp-json\/wp\/v2\/pages\/7\/revisions"}],"predecessor-version":[{"id":552,"href":"https:\/\/www.boomkwekerijroelofs.nl\/pl\/wp-json\/wp\/v2\/pages\/7\/revisions\/552"}],"wp:featuredmedia":[{"embeddable":true,"href":"https:\/\/www.boomkwekerijroelofs.nl\/pl\/wp-json\/wp\/v2\/media\/362"}],"wp:attachment":[{"href":"https:\/\/www.boomkwekerijroelofs.nl\/pl\/wp-json\/wp\/v2\/media?parent=7"}],"curies":[{"name":"wp","href":"https:\/\/api.w.org\/{rel}","templated":true}]}}