{"id":40,"date":"2017-02-22T10:47:11","date_gmt":"2017-02-22T09:47:11","guid":{"rendered":"http:\/\/roelofs.test\/?page_id=40"},"modified":"2020-08-26T19:24:17","modified_gmt":"2020-08-26T17:24:17","slug":"perenbomen","status":"publish","type":"page","link":"https:\/\/www.boomkwekerijroelofs.nl\/pl\/bomen\/perenbomen\/","title":{"rendered":"Grusze"},"content":{"rendered":"<p>Grusze s\u0105 uprawiane przez 3 lata i dostarczane w trzech wariantach:<\/p>\n<ul>\n<li>drzewka do system\u00f3w V<\/li>\n<li>2- lub 3-ramienne<\/li>\n<li>grusze na wrzeciona<\/li>\n<li>drzewka nieprzycinane<\/li>\n<\/ul>\n<p>&nbsp;<\/p>\n<p>Klasy jako\u015bciowe to:<\/p>\n<ul>\n<li>AA<\/li>\n<li>A+<\/li>\n<li>A<\/li>\n<\/ul>\n<p>&nbsp;<\/p>\n<p>Wszystkie grusze s\u0105 dost\u0119pne na podk\u0142adce z pigwy C,\u00a0 Adams lub Eline\u00ae. Przy odpowiednio wczesnym zam\u00f3wieniu mo\u017cliwe s\u0105 te\u017c realizacje indywidualnych \u017cycze\u0144.<\/p>\n<p>&nbsp;<\/p>\n<p><a class=\"button\" href=\"https:\/\/www.boomkwekerijroelofs.nl\/pl\/rassen\/\">Przegl\u0105daj wszystkie odmiany<\/a><\/p>\n","protected":false},"excerpt":{"rendered":"<p>Grusze s\u0105 uprawiane przez 3 lata i dostarczane w trzech wariantach: drzewka do system\u00f3w V 2- lub 3-ramienne grusze na wrzeciona drzewka nieprzycinane &nbsp; Klasy jako\u015bciowe to: AA A+ A &nbsp; Wszystkie grusze s\u0105 dost\u0119pne na podk\u0142adce z pigwy C,\u00a0 Adams lub Eline\u00ae. Przy odpowiednio wczesnym zam\u00f3wieniu mo\u017cliwe s\u0105 te\u017c realizacje indywidualnych \u017cycze\u0144. &nbsp; Przegl\u0105daj [&hellip;]<\/p>\n","protected":false},"author":1,"featured_media":44,"parent":7,"menu_order":0,"comment_status":"closed","ping_status":"closed","template":"","meta":{"_acf_changed":false,"footnotes":""},"class_list":["post-40","page","type-page","status-publish","has-post-thumbnail","hentry"],"acf":[],"yoast_head":"<!-- This site is optimized with the Yoast SEO plugin v27.5 - https:\/\/yoast.com\/product\/yoast-seo-wordpress\/ -->\n<title>Grusze - Roelofs Boomkwekerij (PL)<\/title>\n<meta name=\"robots\" content=\"index, follow, max-snippet:-1, max-image-preview:large, max-video-preview:-1\" \/>\n<link rel=\"canonical\" href=\"https:\/\/www.boomkwekerijroelofs.nl\/pl\/bomen\/perenbomen\/\" \/>\n<meta property=\"og:locale\" content=\"pl_PL\" \/>\n<meta property=\"og:type\" content=\"article\" \/>\n<meta property=\"og:title\" content=\"Grusze - Roelofs Boomkwekerij (PL)\" \/>\n<meta property=\"og:description\" content=\"Grusze s\u0105 uprawiane przez 3 lata i dostarczane w trzech wariantach: drzewka do system\u00f3w V 2- lub 3-ramienne grusze na wrzeciona drzewka nieprzycinane &nbsp; Klasy jako\u015bciowe to: AA A+ A &nbsp; Wszystkie grusze s\u0105 dost\u0119pne na podk\u0142adce z pigwy C,\u00a0 Adams lub Eline\u00ae. Przy odpowiednio wczesnym zam\u00f3wieniu mo\u017cliwe s\u0105 te\u017c realizacje indywidualnych \u017cycze\u0144. &nbsp; Przegl\u0105daj [&hellip;]\" \/>\n<meta property=\"og:url\" content=\"https:\/\/www.boomkwekerijroelofs.nl\/pl\/bomen\/perenbomen\/\" \/>\n<meta property=\"og:site_name\" content=\"Roelofs Boomkwekerij (PL)\" \/>\n<meta property=\"article:modified_time\" content=\"2020-08-26T17:24:17+00:00\" \/>\n<meta property=\"og:image\" content=\"https:\/\/www.boomkwekerijroelofs.nl\/wp-content\/uploads\/sites\/7\/2017\/02\/perenboom-02-augustus-min.jpg\" \/>\n\t<meta property=\"og:image:width\" content=\"1920\" \/>\n\t<meta property=\"og:image:height\" content=\"1280\" \/>\n\t<meta property=\"og:image:type\" content=\"image\/jpeg\" \/>\n<meta name=\"twitter:card\" content=\"summary_large_image\" \/>\n<script type=\"application\/ld+json\" class=\"yoast-schema-graph\">{\"@context\":\"https:\\\/\\\/schema.org\",\"@graph\":[{\"@type\":\"WebPage\",\"@id\":\"https:\\\/\\\/www.boomkwekerijroelofs.nl\\\/pl\\\/bomen\\\/perenbomen\\\/\",\"url\":\"https:\\\/\\\/www.boomkwekerijroelofs.nl\\\/pl\\\/bomen\\\/perenbomen\\\/\",\"name\":\"Grusze - Roelofs Boomkwekerij (PL)\",\"isPartOf\":{\"@id\":\"https:\\\/\\\/www.boomkwekerijroelofs.nl\\\/pl\\\/#website\"},\"primaryImageOfPage\":{\"@id\":\"https:\\\/\\\/www.boomkwekerijroelofs.nl\\\/pl\\\/bomen\\\/perenbomen\\\/#primaryimage\"},\"image\":{\"@id\":\"https:\\\/\\\/www.boomkwekerijroelofs.nl\\\/pl\\\/bomen\\\/perenbomen\\\/#primaryimage\"},\"thumbnailUrl\":\"https:\\\/\\\/www.boomkwekerijroelofs.nl\\\/wp-content\\\/uploads\\\/sites\\\/7\\\/2017\\\/02\\\/perenboom-02-augustus-min.jpg\",\"datePublished\":\"2017-02-22T09:47:11+00:00\",\"dateModified\":\"2020-08-26T17:24:17+00:00\",\"breadcrumb\":{\"@id\":\"https:\\\/\\\/www.boomkwekerijroelofs.nl\\\/pl\\\/bomen\\\/perenbomen\\\/#breadcrumb\"},\"inLanguage\":\"pl-PL\",\"potentialAction\":[{\"@type\":\"ReadAction\",\"target\":[\"https:\\\/\\\/www.boomkwekerijroelofs.nl\\\/pl\\\/bomen\\\/perenbomen\\\/\"]}]},{\"@type\":\"ImageObject\",\"inLanguage\":\"pl-PL\",\"@id\":\"https:\\\/\\\/www.boomkwekerijroelofs.nl\\\/pl\\\/bomen\\\/perenbomen\\\/#primaryimage\",\"url\":\"https:\\\/\\\/www.boomkwekerijroelofs.nl\\\/wp-content\\\/uploads\\\/sites\\\/7\\\/2017\\\/02\\\/perenboom-02-augustus-min.jpg\",\"contentUrl\":\"https:\\\/\\\/www.boomkwekerijroelofs.nl\\\/wp-content\\\/uploads\\\/sites\\\/7\\\/2017\\\/02\\\/perenboom-02-augustus-min.jpg\",\"width\":1920,\"height\":1280},{\"@type\":\"BreadcrumbList\",\"@id\":\"https:\\\/\\\/www.boomkwekerijroelofs.nl\\\/pl\\\/bomen\\\/perenbomen\\\/#breadcrumb\",\"itemListElement\":[{\"@type\":\"ListItem\",\"position\":1,\"name\":\"Home\",\"item\":\"https:\\\/\\\/www.boomkwekerijroelofs.nl\\\/pl\\\/\"},{\"@type\":\"ListItem\",\"position\":2,\"name\":\"Drzewka\",\"item\":\"https:\\\/\\\/www.boomkwekerijroelofs.nl\\\/pl\\\/bomen\\\/\"},{\"@type\":\"ListItem\",\"position\":3,\"name\":\"Grusze\"}]},{\"@type\":\"WebSite\",\"@id\":\"https:\\\/\\\/www.boomkwekerijroelofs.nl\\\/pl\\\/#website\",\"url\":\"https:\\\/\\\/www.boomkwekerijroelofs.nl\\\/pl\\\/\",\"name\":\"Roelofs Boomkwekerij (PL)\",\"description\":\"\",\"potentialAction\":[{\"@type\":\"SearchAction\",\"target\":{\"@type\":\"EntryPoint\",\"urlTemplate\":\"https:\\\/\\\/www.boomkwekerijroelofs.nl\\\/pl\\\/?s={search_term_string}\"},\"query-input\":{\"@type\":\"PropertyValueSpecification\",\"valueRequired\":true,\"valueName\":\"search_term_string\"}}],\"inLanguage\":\"pl-PL\"}]}<\/script>\n<!-- \/ Yoast SEO plugin. -->","yoast_head_json":{"title":"Grusze - Roelofs Boomkwekerij (PL)","robots":{"index":"index","follow":"follow","max-snippet":"max-snippet:-1","max-image-preview":"max-image-preview:large","max-video-preview":"max-video-preview:-1"},"canonical":"https:\/\/www.boomkwekerijroelofs.nl\/pl\/bomen\/perenbomen\/","og_locale":"pl_PL","og_type":"article","og_title":"Grusze - Roelofs Boomkwekerij (PL)","og_description":"Grusze s\u0105 uprawiane przez 3 lata i dostarczane w trzech wariantach: drzewka do system\u00f3w V 2- lub 3-ramienne grusze na wrzeciona drzewka nieprzycinane &nbsp; Klasy jako\u015bciowe to: AA A+ A &nbsp; Wszystkie grusze s\u0105 dost\u0119pne na podk\u0142adce z pigwy C,\u00a0 Adams lub Eline\u00ae. Przy odpowiednio wczesnym zam\u00f3wieniu mo\u017cliwe s\u0105 te\u017c realizacje indywidualnych \u017cycze\u0144. &nbsp; Przegl\u0105daj [&hellip;]","og_url":"https:\/\/www.boomkwekerijroelofs.nl\/pl\/bomen\/perenbomen\/","og_site_name":"Roelofs Boomkwekerij (PL)","article_modified_time":"2020-08-26T17:24:17+00:00","og_image":[{"width":1920,"height":1280,"url":"https:\/\/www.boomkwekerijroelofs.nl\/wp-content\/uploads\/sites\/7\/2017\/02\/perenboom-02-augustus-min.jpg","type":"image\/jpeg"}],"twitter_card":"summary_large_image","schema":{"@context":"https:\/\/schema.org","@graph":[{"@type":"WebPage","@id":"https:\/\/www.boomkwekerijroelofs.nl\/pl\/bomen\/perenbomen\/","url":"https:\/\/www.boomkwekerijroelofs.nl\/pl\/bomen\/perenbomen\/","name":"Grusze - Roelofs Boomkwekerij (PL)","isPartOf":{"@id":"https:\/\/www.boomkwekerijroelofs.nl\/pl\/#website"},"primaryImageOfPage":{"@id":"https:\/\/www.boomkwekerijroelofs.nl\/pl\/bomen\/perenbomen\/#primaryimage"},"image":{"@id":"https:\/\/www.boomkwekerijroelofs.nl\/pl\/bomen\/perenbomen\/#primaryimage"},"thumbnailUrl":"https:\/\/www.boomkwekerijroelofs.nl\/wp-content\/uploads\/sites\/7\/2017\/02\/perenboom-02-augustus-min.jpg","datePublished":"2017-02-22T09:47:11+00:00","dateModified":"2020-08-26T17:24:17+00:00","breadcrumb":{"@id":"https:\/\/www.boomkwekerijroelofs.nl\/pl\/bomen\/perenbomen\/#breadcrumb"},"inLanguage":"pl-PL","potentialAction":[{"@type":"ReadAction","target":["https:\/\/www.boomkwekerijroelofs.nl\/pl\/bomen\/perenbomen\/"]}]},{"@type":"ImageObject","inLanguage":"pl-PL","@id":"https:\/\/www.boomkwekerijroelofs.nl\/pl\/bomen\/perenbomen\/#primaryimage","url":"https:\/\/www.boomkwekerijroelofs.nl\/wp-content\/uploads\/sites\/7\/2017\/02\/perenboom-02-augustus-min.jpg","contentUrl":"https:\/\/www.boomkwekerijroelofs.nl\/wp-content\/uploads\/sites\/7\/2017\/02\/perenboom-02-augustus-min.jpg","width":1920,"height":1280},{"@type":"BreadcrumbList","@id":"https:\/\/www.boomkwekerijroelofs.nl\/pl\/bomen\/perenbomen\/#breadcrumb","itemListElement":[{"@type":"ListItem","position":1,"name":"Home","item":"https:\/\/www.boomkwekerijroelofs.nl\/pl\/"},{"@type":"ListItem","position":2,"name":"Drzewka","item":"https:\/\/www.boomkwekerijroelofs.nl\/pl\/bomen\/"},{"@type":"ListItem","position":3,"name":"Grusze"}]},{"@type":"WebSite","@id":"https:\/\/www.boomkwekerijroelofs.nl\/pl\/#website","url":"https:\/\/www.boomkwekerijroelofs.nl\/pl\/","name":"Roelofs Boomkwekerij (PL)","description":"","potentialAction":[{"@type":"SearchAction","target":{"@type":"EntryPoint","urlTemplate":"https:\/\/www.boomkwekerijroelofs.nl\/pl\/?s={search_term_string}"},"query-input":{"@type":"PropertyValueSpecification","valueRequired":true,"valueName":"search_term_string"}}],"inLanguage":"pl-PL"}]}},"_links":{"self":[{"href":"https:\/\/www.boomkwekerijroelofs.nl\/pl\/wp-json\/wp\/v2\/pages\/40","targetHints":{"allow":["GET"]}}],"collection":[{"href":"https:\/\/www.boomkwekerijroelofs.nl\/pl\/wp-json\/wp\/v2\/pages"}],"about":[{"href":"https:\/\/www.boomkwekerijroelofs.nl\/pl\/wp-json\/wp\/v2\/types\/page"}],"author":[{"embeddable":true,"href":"https:\/\/www.boomkwekerijroelofs.nl\/pl\/wp-json\/wp\/v2\/users\/1"}],"replies":[{"embeddable":true,"href":"https:\/\/www.boomkwekerijroelofs.nl\/pl\/wp-json\/wp\/v2\/comments?post=40"}],"version-history":[{"count":23,"href":"https:\/\/www.boomkwekerijroelofs.nl\/pl\/wp-json\/wp\/v2\/pages\/40\/revisions"}],"predecessor-version":[{"id":598,"href":"https:\/\/www.boomkwekerijroelofs.nl\/pl\/wp-json\/wp\/v2\/pages\/40\/revisions\/598"}],"up":[{"embeddable":true,"href":"https:\/\/www.boomkwekerijroelofs.nl\/pl\/wp-json\/wp\/v2\/pages\/7"}],"wp:featuredmedia":[{"embeddable":true,"href":"https:\/\/www.boomkwekerijroelofs.nl\/pl\/wp-json\/wp\/v2\/media\/44"}],"wp:attachment":[{"href":"https:\/\/www.boomkwekerijroelofs.nl\/pl\/wp-json\/wp\/v2\/media?parent=40"}],"curies":[{"name":"wp","href":"https:\/\/api.w.org\/{rel}","templated":true}]}}