{"id":233,"date":"2018-08-07T16:48:04","date_gmt":"2018-08-07T14:48:04","guid":{"rendered":"https:\/\/www.boomkwekerijroelofs.nl\/pl\/?page_id=233"},"modified":"2020-08-27T21:16:06","modified_gmt":"2020-08-27T19:16:06","slug":"overige-appelrassen","status":"publish","type":"page","link":"https:\/\/www.boomkwekerijroelofs.nl\/pl\/overige-appelrassen\/","title":{"rendered":"Pozosta\u0142e jab\u0142onie odmiany"},"content":{"rendered":"<div class=\"pagePart\">\n<div class=\"page__content\">\n<h3>BOSKOOP<\/h3>\n<ul>\n<li>Boskoop Quast*<\/li>\n<\/ul>\n<p>*Szk\u00f3\u0142ka drzew Roelofs kaza\u0142a uwolni\u0107 tego mutanta od wirus\u00f3w w VTNL i posiada ekskluzywny certyfikowany materia\u0142.<\/p>\n<p>&nbsp;<\/p>\n<h3>ELSTAR<\/h3>\n<ul>\n<li>Elstar\u00a0Bougie\u00ae<\/li>\n<li>Elstar Elshof\u00ae<\/li>\n<li>Elstar Excellent Star\u00ae<\/li>\n<li>Elstar van der Grift\u00ae<\/li>\n<li><a href=\"https:\/\/www.boomkwekerijroelofs.nl\/wp-content\/uploads\/sites\/7\/2020\/08\/ROELOFSB-9006_LR-ENGLISH-PCP.pdf\" target=\"_blank\" rel=\"noopener noreferrer\">Elstar PCP\u00ae<\/a><\/li>\n<li>Elstar Elrosa\u00ae<\/li>\n<\/ul>\n<p>&nbsp;<\/p>\n<h3>Gala<\/h3>\n<ul>\n<li>Gala Brookfield\u00ae<\/li>\n<li><a href=\"https:\/\/www.boomkwekerijroelofs.nl\/wp-content\/uploads\/sites\/7\/2020\/08\/ROELOFSB-8001_ENG_LR.pdf\" target=\"_blank\" rel=\"noopener noreferrer\">Gala Magma\u00ae<\/a><\/li>\n<li><a href=\"https:\/\/www.boomkwekerijroelofs.nl\/wp-content\/uploads\/sites\/7\/2019\/10\/ROELOFSB-Gala-Dark-Ann-9013_C_LR-E-1.pdf\">Gala Dark Ann\u00ae<\/a><\/li>\n<li>Gala Mitchgla<\/li>\n<li>Gala Must\u00ae<\/li>\n<li><\/li>\n<\/ul>\n<h3>JONAGOLD<\/h3>\n<ul>\n<li><a href=\"https:\/\/www.boomkwekerijroelofs.nl\/wp-content\/uploads\/sites\/7\/2019\/10\/ROELOFS-6006_E-Finesse.pdf\" target=\"_blank\" rel=\"noopener noreferrer\">Finesse Early Queen\u00ae<\/a><\/li>\n<li>Jonagold Novajo\u00ae<\/li>\n<li><a href=\"https:\/\/www.boomkwekerijroelofs.nl\/wp-content\/uploads\/sites\/7\/2019\/10\/ROELOFS-6013_E-Wiltons-Star.pdf\" target=\"_blank\" rel=\"noopener noreferrer\">Jonagold Wiltons Star\u00ae<\/a><\/li>\n<\/ul>\n<p>&nbsp;<\/p>\n<h3>OVERIG<\/h3>\n<ul>\n<li>Alkmene Cevaal<\/li>\n<li>Barbarossa\u00ae<\/li>\n<li>Braeburn Maririred\u00ae<\/li>\n<li>Bramley\u2019s Seedling<\/li>\n<li>Cox\u2019s La Vera\u00ae<\/li>\n<li>Delcorf Diana\u00ae<\/li>\n<li>Discovery<\/li>\n<li>Fuji Beni Shogun\u00ae<\/li>\n<li>Golden Delicious Kloon B<\/li>\n<li>Golden Delicious Reinders\u00ae<\/li>\n<li>Granny Smith<\/li>\n<li>GS 66 (DOSK)<\/li>\n<li>Rode Holsteiner Cox\u2019s Ehlers\u00ae<\/li>\n<li>Idared<\/li>\n<li>Ingrid Marie<\/li>\n<li>Junami\u00ae<\/li>\n<li>Katja<\/li>\n<li>Maribelle\u00ae<\/li>\n<li>Pinova\u00ae<\/li>\n<li>Red Aroma Fagravoll en Amorosa\u00ae<\/li>\n<li>Red Windsor\u00ae<\/li>\n<li>Rode Gravensteiner<\/li>\n<li>Rubinette Rosso \u00ae<\/li>\n<li>Rubinette Rossina\u00ae<\/li>\n<li><a href=\"https:\/\/www.boomkwekerijroelofs.nl\/wp-content\/uploads\/sites\/7\/2019\/10\/ROELOFS-6014_E-Santana.pdf\" target=\"_blank\" rel=\"noopener noreferrer\">Santana\u00ae<\/a><\/li>\n<li>Sampion<\/li>\n<li>Spartan<\/li>\n<li><a href=\"https:\/\/www.boomkwekerijroelofs.nl\/wp-content\/uploads\/sites\/7\/2019\/10\/ROELOFSB-9008_C_LR-Summercrisp-E.pdf\">Summercrisp\u00ae<\/a><\/li>\n<li>Red Topaz\u00ae<\/li>\n<li>Wellant\u00ae<\/li>\n<\/ul>\n<\/div>\n<\/div>\n<div class=\"page__widget\">\n<div id=\"sticky-posts-3\" class=\"widget-odd widget-first widget-1 actueel__widget widget widget_ultimate_posts\"><\/div>\n<\/div>\n","protected":false},"excerpt":{"rendered":"<p>BOSKOOP Boskoop Quast* *Szk\u00f3\u0142ka drzew Roelofs kaza\u0142a uwolni\u0107 tego mutanta od wirus\u00f3w w VTNL i posiada ekskluzywny certyfikowany materia\u0142. &nbsp; ELSTAR Elstar\u00a0Bougie\u00ae Elstar Elshof\u00ae Elstar Excellent Star\u00ae Elstar van der Grift\u00ae Elstar PCP\u00ae Elstar Elrosa\u00ae &nbsp; Gala Gala Brookfield\u00ae Gala Magma\u00ae Gala Dark Ann\u00ae Gala Mitchgla Gala Must\u00ae JONAGOLD Finesse Early Queen\u00ae Jonagold Novajo\u00ae Jonagold [&hellip;]<\/p>\n","protected":false},"author":1,"featured_media":0,"parent":0,"menu_order":0,"comment_status":"closed","ping_status":"closed","template":"","meta":{"_acf_changed":false,"footnotes":""},"class_list":["post-233","page","type-page","status-publish","hentry"],"acf":[],"yoast_head":"<!-- This site is optimized with the Yoast SEO plugin v27.5 - https:\/\/yoast.com\/product\/yoast-seo-wordpress\/ -->\n<title>Pozosta\u0142e jab\u0142onie odmiany - Roelofs Boomkwekerij (PL)<\/title>\n<meta name=\"robots\" content=\"index, follow, max-snippet:-1, max-image-preview:large, max-video-preview:-1\" \/>\n<link rel=\"canonical\" href=\"https:\/\/www.boomkwekerijroelofs.nl\/pl\/overige-appelrassen\/\" \/>\n<meta property=\"og:locale\" content=\"pl_PL\" \/>\n<meta property=\"og:type\" content=\"article\" \/>\n<meta property=\"og:title\" content=\"Pozosta\u0142e jab\u0142onie odmiany - Roelofs Boomkwekerij (PL)\" \/>\n<meta property=\"og:description\" content=\"BOSKOOP Boskoop Quast* *Szk\u00f3\u0142ka drzew Roelofs kaza\u0142a uwolni\u0107 tego mutanta od wirus\u00f3w w VTNL i posiada ekskluzywny certyfikowany materia\u0142. &nbsp; ELSTAR Elstar\u00a0Bougie\u00ae Elstar Elshof\u00ae Elstar Excellent Star\u00ae Elstar van der Grift\u00ae Elstar PCP\u00ae Elstar Elrosa\u00ae &nbsp; Gala Gala Brookfield\u00ae Gala Magma\u00ae Gala Dark Ann\u00ae Gala Mitchgla Gala Must\u00ae JONAGOLD Finesse Early Queen\u00ae Jonagold Novajo\u00ae Jonagold [&hellip;]\" \/>\n<meta property=\"og:url\" content=\"https:\/\/www.boomkwekerijroelofs.nl\/pl\/overige-appelrassen\/\" \/>\n<meta property=\"og:site_name\" content=\"Roelofs Boomkwekerij (PL)\" \/>\n<meta property=\"article:modified_time\" content=\"2020-08-27T19:16:06+00:00\" \/>\n<meta name=\"twitter:card\" content=\"summary_large_image\" \/>\n<meta name=\"twitter:label1\" content=\"Szacowany czas czytania\" \/>\n\t<meta name=\"twitter:data1\" content=\"1 minuta\" \/>\n<script type=\"application\/ld+json\" class=\"yoast-schema-graph\">{\"@context\":\"https:\\\/\\\/schema.org\",\"@graph\":[{\"@type\":\"WebPage\",\"@id\":\"https:\\\/\\\/www.boomkwekerijroelofs.nl\\\/pl\\\/overige-appelrassen\\\/\",\"url\":\"https:\\\/\\\/www.boomkwekerijroelofs.nl\\\/pl\\\/overige-appelrassen\\\/\",\"name\":\"Pozosta\u0142e jab\u0142onie odmiany - Roelofs Boomkwekerij (PL)\",\"isPartOf\":{\"@id\":\"https:\\\/\\\/www.boomkwekerijroelofs.nl\\\/pl\\\/#website\"},\"datePublished\":\"2018-08-07T14:48:04+00:00\",\"dateModified\":\"2020-08-27T19:16:06+00:00\",\"breadcrumb\":{\"@id\":\"https:\\\/\\\/www.boomkwekerijroelofs.nl\\\/pl\\\/overige-appelrassen\\\/#breadcrumb\"},\"inLanguage\":\"pl-PL\",\"potentialAction\":[{\"@type\":\"ReadAction\",\"target\":[\"https:\\\/\\\/www.boomkwekerijroelofs.nl\\\/pl\\\/overige-appelrassen\\\/\"]}]},{\"@type\":\"BreadcrumbList\",\"@id\":\"https:\\\/\\\/www.boomkwekerijroelofs.nl\\\/pl\\\/overige-appelrassen\\\/#breadcrumb\",\"itemListElement\":[{\"@type\":\"ListItem\",\"position\":1,\"name\":\"Home\",\"item\":\"https:\\\/\\\/www.boomkwekerijroelofs.nl\\\/pl\\\/\"},{\"@type\":\"ListItem\",\"position\":2,\"name\":\"Pozosta\u0142e jab\u0142onie odmiany\"}]},{\"@type\":\"WebSite\",\"@id\":\"https:\\\/\\\/www.boomkwekerijroelofs.nl\\\/pl\\\/#website\",\"url\":\"https:\\\/\\\/www.boomkwekerijroelofs.nl\\\/pl\\\/\",\"name\":\"Roelofs Boomkwekerij (PL)\",\"description\":\"\",\"potentialAction\":[{\"@type\":\"SearchAction\",\"target\":{\"@type\":\"EntryPoint\",\"urlTemplate\":\"https:\\\/\\\/www.boomkwekerijroelofs.nl\\\/pl\\\/?s={search_term_string}\"},\"query-input\":{\"@type\":\"PropertyValueSpecification\",\"valueRequired\":true,\"valueName\":\"search_term_string\"}}],\"inLanguage\":\"pl-PL\"}]}<\/script>\n<!-- \/ Yoast SEO plugin. -->","yoast_head_json":{"title":"Pozosta\u0142e jab\u0142onie odmiany - Roelofs Boomkwekerij (PL)","robots":{"index":"index","follow":"follow","max-snippet":"max-snippet:-1","max-image-preview":"max-image-preview:large","max-video-preview":"max-video-preview:-1"},"canonical":"https:\/\/www.boomkwekerijroelofs.nl\/pl\/overige-appelrassen\/","og_locale":"pl_PL","og_type":"article","og_title":"Pozosta\u0142e jab\u0142onie odmiany - Roelofs Boomkwekerij (PL)","og_description":"BOSKOOP Boskoop Quast* *Szk\u00f3\u0142ka drzew Roelofs kaza\u0142a uwolni\u0107 tego mutanta od wirus\u00f3w w VTNL i posiada ekskluzywny certyfikowany materia\u0142. &nbsp; ELSTAR Elstar\u00a0Bougie\u00ae Elstar Elshof\u00ae Elstar Excellent Star\u00ae Elstar van der Grift\u00ae Elstar PCP\u00ae Elstar Elrosa\u00ae &nbsp; Gala Gala Brookfield\u00ae Gala Magma\u00ae Gala Dark Ann\u00ae Gala Mitchgla Gala Must\u00ae JONAGOLD Finesse Early Queen\u00ae Jonagold Novajo\u00ae Jonagold [&hellip;]","og_url":"https:\/\/www.boomkwekerijroelofs.nl\/pl\/overige-appelrassen\/","og_site_name":"Roelofs Boomkwekerij (PL)","article_modified_time":"2020-08-27T19:16:06+00:00","twitter_card":"summary_large_image","twitter_misc":{"Szacowany czas czytania":"1 minuta"},"schema":{"@context":"https:\/\/schema.org","@graph":[{"@type":"WebPage","@id":"https:\/\/www.boomkwekerijroelofs.nl\/pl\/overige-appelrassen\/","url":"https:\/\/www.boomkwekerijroelofs.nl\/pl\/overige-appelrassen\/","name":"Pozosta\u0142e jab\u0142onie odmiany - Roelofs Boomkwekerij (PL)","isPartOf":{"@id":"https:\/\/www.boomkwekerijroelofs.nl\/pl\/#website"},"datePublished":"2018-08-07T14:48:04+00:00","dateModified":"2020-08-27T19:16:06+00:00","breadcrumb":{"@id":"https:\/\/www.boomkwekerijroelofs.nl\/pl\/overige-appelrassen\/#breadcrumb"},"inLanguage":"pl-PL","potentialAction":[{"@type":"ReadAction","target":["https:\/\/www.boomkwekerijroelofs.nl\/pl\/overige-appelrassen\/"]}]},{"@type":"BreadcrumbList","@id":"https:\/\/www.boomkwekerijroelofs.nl\/pl\/overige-appelrassen\/#breadcrumb","itemListElement":[{"@type":"ListItem","position":1,"name":"Home","item":"https:\/\/www.boomkwekerijroelofs.nl\/pl\/"},{"@type":"ListItem","position":2,"name":"Pozosta\u0142e jab\u0142onie odmiany"}]},{"@type":"WebSite","@id":"https:\/\/www.boomkwekerijroelofs.nl\/pl\/#website","url":"https:\/\/www.boomkwekerijroelofs.nl\/pl\/","name":"Roelofs Boomkwekerij (PL)","description":"","potentialAction":[{"@type":"SearchAction","target":{"@type":"EntryPoint","urlTemplate":"https:\/\/www.boomkwekerijroelofs.nl\/pl\/?s={search_term_string}"},"query-input":{"@type":"PropertyValueSpecification","valueRequired":true,"valueName":"search_term_string"}}],"inLanguage":"pl-PL"}]}},"_links":{"self":[{"href":"https:\/\/www.boomkwekerijroelofs.nl\/pl\/wp-json\/wp\/v2\/pages\/233","targetHints":{"allow":["GET"]}}],"collection":[{"href":"https:\/\/www.boomkwekerijroelofs.nl\/pl\/wp-json\/wp\/v2\/pages"}],"about":[{"href":"https:\/\/www.boomkwekerijroelofs.nl\/pl\/wp-json\/wp\/v2\/types\/page"}],"author":[{"embeddable":true,"href":"https:\/\/www.boomkwekerijroelofs.nl\/pl\/wp-json\/wp\/v2\/users\/1"}],"replies":[{"embeddable":true,"href":"https:\/\/www.boomkwekerijroelofs.nl\/pl\/wp-json\/wp\/v2\/comments?post=233"}],"version-history":[{"count":13,"href":"https:\/\/www.boomkwekerijroelofs.nl\/pl\/wp-json\/wp\/v2\/pages\/233\/revisions"}],"predecessor-version":[{"id":699,"href":"https:\/\/www.boomkwekerijroelofs.nl\/pl\/wp-json\/wp\/v2\/pages\/233\/revisions\/699"}],"wp:attachment":[{"href":"https:\/\/www.boomkwekerijroelofs.nl\/pl\/wp-json\/wp\/v2\/media?parent=233"}],"curies":[{"name":"wp","href":"https:\/\/api.w.org\/{rel}","templated":true}]}}