{"id":203,"date":"2018-08-07T11:31:01","date_gmt":"2018-08-07T09:31:01","guid":{"rendered":"https:\/\/www.boomkwekerijroelofs.nl\/pl\/?page_id=203"},"modified":"2020-08-27T19:48:45","modified_gmt":"2020-08-27T17:48:45","slug":"opkweek-onderstammen","status":"publish","type":"page","link":"https:\/\/www.boomkwekerijroelofs.nl\/pl\/kwaliteit\/opkweek-onderstammen\/","title":{"rendered":"Uprawa podk\u0142adek"},"content":{"rendered":"<p>\u017byzna i wspieraj\u0105ca rozw\u00f3j ro\u015blin glina morska z po\u0142udniowej cz\u0119\u015bci prowincji Flevoland ma wyj\u0105tkow\u0105 struktur\u0119. To w po\u0142\u0105czeniu z optymaln\u0105 stref\u0105 klimatyczn\u0105 \u015bwiata stanowi doskona\u0142\u0105 podstaw\u0119 do uprawy podk\u0142adek o wysokiej jako\u015bci. S\u0105 to podk\u0142adki optymalnie rozwini\u0119te pod wzgl\u0119dem grubo\u015bci i d\u0142ugo\u015bci oraz o wyj\u0105tkowym ukorzenieniu.<\/p>\n<p>&nbsp;<\/p>\n<p>Do produkcji naszych podk\u0142adek u\u017cywamy mi\u0119dzy innymi certyfikowanego przez inspektorat NAKT materia\u0142u wyj\u015bciowego z <em><strong><a href=\"http:\/\/www.vermeerderingstuinen.com\">Vermeerderingstuinen Nederland<\/a><\/strong><\/em>, najwy\u017cszego standardu w rozmna\u017caniu podk\u0142adek.<\/p>\n<p><img loading=\"lazy\" decoding=\"async\" class=\"size-medium wp-image-658 alignleft\" src=\"https:\/\/www.boomkwekerijroelofs.nl\/wp-content\/uploads\/sites\/7\/2020\/08\/2018-opkweek-onderstammen-constructie-moerbed2-300x200.jpg\" alt=\"\" width=\"300\" height=\"200\" srcset=\"https:\/\/www.boomkwekerijroelofs.nl\/wp-content\/uploads\/sites\/7\/2020\/08\/2018-opkweek-onderstammen-constructie-moerbed2-300x200.jpg 300w, https:\/\/www.boomkwekerijroelofs.nl\/wp-content\/uploads\/sites\/7\/2020\/08\/2018-opkweek-onderstammen-constructie-moerbed2-1024x683.jpg 1024w, https:\/\/www.boomkwekerijroelofs.nl\/wp-content\/uploads\/sites\/7\/2020\/08\/2018-opkweek-onderstammen-constructie-moerbed2-768x513.jpg 768w, https:\/\/www.boomkwekerijroelofs.nl\/wp-content\/uploads\/sites\/7\/2020\/08\/2018-opkweek-onderstammen-constructie-moerbed2-1536x1025.jpg 1536w, https:\/\/www.boomkwekerijroelofs.nl\/wp-content\/uploads\/sites\/7\/2020\/08\/2018-opkweek-onderstammen-constructie-moerbed2-2048x1367.jpg 2048w\" sizes=\"auto, (max-width: 300px) 100vw, 300px\" \/><\/p>\n<p>&nbsp;<\/p>\n<p>&nbsp;<\/p>\n<p>&nbsp;<\/p>\n<p>&nbsp;<\/p>\n<p>&nbsp;<\/p>\n<p>&nbsp;<\/p>\n<p>Co roku do matecznik\u00f3w trafiaj\u0105 du\u017ce ilo\u015bci torfu i trocin. Nast\u0119pnie nasi specjali\u015bci przy u\u017cyciu specjalnie do tego celu zaprojektowanych maszyn dok\u0142adnie rozprowadzaj\u0105 materia\u0142 organiczny na w\u0142a\u015bciwe miejsce przy podk\u0142adkach. Dzi\u0119ki temu zaczynaj\u0105 si\u0119 one ukorzenia\u0107 i wyrastaj\u0105 na \u017cywotne podk\u0142adki o mocnym systemie korzeniowym. Podczas fazy uprawy mo\u017cemy nawadnia\u0107 mateczniki i pola szk\u00f3\u0142ek na ca\u0142ej szeroko\u015bci.\u00a0Mateczniki w czasie wzrostu s\u0105 kontrolowane i zatwierdzane przez kontrolera z inspektoratu ogrodniczego <a href=\"https:\/\/www.naktuinbouw.com\/\"><em><strong>NAK-Tuinbouw.<\/strong><\/em><\/a><\/p>\n<p><img loading=\"lazy\" decoding=\"async\" class=\"size-medium wp-image-659 alignleft\" src=\"https:\/\/www.boomkwekerijroelofs.nl\/wp-content\/uploads\/sites\/7\/2020\/08\/2018-opkweek-onderstammen-aanaarden-met-frees-300x169.jpg\" alt=\"\" width=\"300\" height=\"169\" srcset=\"https:\/\/www.boomkwekerijroelofs.nl\/wp-content\/uploads\/sites\/7\/2020\/08\/2018-opkweek-onderstammen-aanaarden-met-frees-300x169.jpg 300w, https:\/\/www.boomkwekerijroelofs.nl\/wp-content\/uploads\/sites\/7\/2020\/08\/2018-opkweek-onderstammen-aanaarden-met-frees-1024x577.jpg 1024w, https:\/\/www.boomkwekerijroelofs.nl\/wp-content\/uploads\/sites\/7\/2020\/08\/2018-opkweek-onderstammen-aanaarden-met-frees-768x433.jpg 768w, https:\/\/www.boomkwekerijroelofs.nl\/wp-content\/uploads\/sites\/7\/2020\/08\/2018-opkweek-onderstammen-aanaarden-met-frees-1536x866.jpg 1536w, https:\/\/www.boomkwekerijroelofs.nl\/wp-content\/uploads\/sites\/7\/2020\/08\/2018-opkweek-onderstammen-aanaarden-met-frees-2048x1155.jpg 2048w\" sizes=\"auto, (max-width: 300px) 100vw, 300px\" \/><\/p>\n","protected":false},"excerpt":{"rendered":"<p>\u017byzna i wspieraj\u0105ca rozw\u00f3j ro\u015blin glina morska z po\u0142udniowej cz\u0119\u015bci prowincji Flevoland ma wyj\u0105tkow\u0105 struktur\u0119. To w po\u0142\u0105czeniu z optymaln\u0105 stref\u0105 klimatyczn\u0105 \u015bwiata stanowi doskona\u0142\u0105 podstaw\u0119 do uprawy podk\u0142adek o wysokiej jako\u015bci. S\u0105 to podk\u0142adki optymalnie rozwini\u0119te pod wzgl\u0119dem grubo\u015bci i d\u0142ugo\u015bci oraz o wyj\u0105tkowym ukorzenieniu. &nbsp; Do produkcji naszych podk\u0142adek u\u017cywamy mi\u0119dzy innymi certyfikowanego [&hellip;]<\/p>\n","protected":false},"author":1,"featured_media":262,"parent":101,"menu_order":0,"comment_status":"closed","ping_status":"closed","template":"","meta":{"_acf_changed":false,"footnotes":""},"class_list":["post-203","page","type-page","status-publish","has-post-thumbnail","hentry"],"acf":[],"yoast_head":"<!-- This site is optimized with the Yoast SEO plugin v27.5 - https:\/\/yoast.com\/product\/yoast-seo-wordpress\/ -->\n<title>Uprawa podk\u0142adek - Roelofs Boomkwekerij (PL)<\/title>\n<meta name=\"robots\" content=\"index, follow, max-snippet:-1, max-image-preview:large, max-video-preview:-1\" \/>\n<link rel=\"canonical\" href=\"https:\/\/www.boomkwekerijroelofs.nl\/pl\/kwaliteit\/opkweek-onderstammen\/\" \/>\n<meta property=\"og:locale\" content=\"pl_PL\" \/>\n<meta property=\"og:type\" content=\"article\" \/>\n<meta property=\"og:title\" content=\"Uprawa podk\u0142adek - Roelofs Boomkwekerij (PL)\" \/>\n<meta property=\"og:description\" content=\"\u017byzna i wspieraj\u0105ca rozw\u00f3j ro\u015blin glina morska z po\u0142udniowej cz\u0119\u015bci prowincji Flevoland ma wyj\u0105tkow\u0105 struktur\u0119. To w po\u0142\u0105czeniu z optymaln\u0105 stref\u0105 klimatyczn\u0105 \u015bwiata stanowi doskona\u0142\u0105 podstaw\u0119 do uprawy podk\u0142adek o wysokiej jako\u015bci. S\u0105 to podk\u0142adki optymalnie rozwini\u0119te pod wzgl\u0119dem grubo\u015bci i d\u0142ugo\u015bci oraz o wyj\u0105tkowym ukorzenieniu. &nbsp; Do produkcji naszych podk\u0142adek u\u017cywamy mi\u0119dzy innymi certyfikowanego [&hellip;]\" \/>\n<meta property=\"og:url\" content=\"https:\/\/www.boomkwekerijroelofs.nl\/pl\/kwaliteit\/opkweek-onderstammen\/\" \/>\n<meta property=\"og:site_name\" content=\"Roelofs Boomkwekerij (PL)\" \/>\n<meta property=\"article:modified_time\" content=\"2020-08-27T17:48:45+00:00\" \/>\n<meta property=\"og:image\" content=\"https:\/\/www.boomkwekerijroelofs.nl\/wp-content\/uploads\/sites\/7\/2018\/08\/2018-opkweek-onderstammen-moerbed-onderstammen-appel-1024x683.jpg\" \/>\n\t<meta property=\"og:image:width\" content=\"1024\" \/>\n\t<meta property=\"og:image:height\" content=\"683\" \/>\n\t<meta property=\"og:image:type\" content=\"image\/jpeg\" \/>\n<meta name=\"twitter:card\" content=\"summary_large_image\" \/>\n<meta name=\"twitter:label1\" content=\"Szacowany czas czytania\" \/>\n\t<meta name=\"twitter:data1\" content=\"1 minuta\" \/>\n<script type=\"application\/ld+json\" class=\"yoast-schema-graph\">{\"@context\":\"https:\\\/\\\/schema.org\",\"@graph\":[{\"@type\":\"WebPage\",\"@id\":\"https:\\\/\\\/www.boomkwekerijroelofs.nl\\\/pl\\\/kwaliteit\\\/opkweek-onderstammen\\\/\",\"url\":\"https:\\\/\\\/www.boomkwekerijroelofs.nl\\\/pl\\\/kwaliteit\\\/opkweek-onderstammen\\\/\",\"name\":\"Uprawa podk\u0142adek - Roelofs Boomkwekerij (PL)\",\"isPartOf\":{\"@id\":\"https:\\\/\\\/www.boomkwekerijroelofs.nl\\\/pl\\\/#website\"},\"primaryImageOfPage\":{\"@id\":\"https:\\\/\\\/www.boomkwekerijroelofs.nl\\\/pl\\\/kwaliteit\\\/opkweek-onderstammen\\\/#primaryimage\"},\"image\":{\"@id\":\"https:\\\/\\\/www.boomkwekerijroelofs.nl\\\/pl\\\/kwaliteit\\\/opkweek-onderstammen\\\/#primaryimage\"},\"thumbnailUrl\":\"https:\\\/\\\/www.boomkwekerijroelofs.nl\\\/wp-content\\\/uploads\\\/sites\\\/7\\\/2018\\\/08\\\/2018-opkweek-onderstammen-moerbed-onderstammen-appel.jpg\",\"datePublished\":\"2018-08-07T09:31:01+00:00\",\"dateModified\":\"2020-08-27T17:48:45+00:00\",\"breadcrumb\":{\"@id\":\"https:\\\/\\\/www.boomkwekerijroelofs.nl\\\/pl\\\/kwaliteit\\\/opkweek-onderstammen\\\/#breadcrumb\"},\"inLanguage\":\"pl-PL\",\"potentialAction\":[{\"@type\":\"ReadAction\",\"target\":[\"https:\\\/\\\/www.boomkwekerijroelofs.nl\\\/pl\\\/kwaliteit\\\/opkweek-onderstammen\\\/\"]}]},{\"@type\":\"ImageObject\",\"inLanguage\":\"pl-PL\",\"@id\":\"https:\\\/\\\/www.boomkwekerijroelofs.nl\\\/pl\\\/kwaliteit\\\/opkweek-onderstammen\\\/#primaryimage\",\"url\":\"https:\\\/\\\/www.boomkwekerijroelofs.nl\\\/wp-content\\\/uploads\\\/sites\\\/7\\\/2018\\\/08\\\/2018-opkweek-onderstammen-moerbed-onderstammen-appel.jpg\",\"contentUrl\":\"https:\\\/\\\/www.boomkwekerijroelofs.nl\\\/wp-content\\\/uploads\\\/sites\\\/7\\\/2018\\\/08\\\/2018-opkweek-onderstammen-moerbed-onderstammen-appel.jpg\",\"width\":3539,\"height\":2362},{\"@type\":\"BreadcrumbList\",\"@id\":\"https:\\\/\\\/www.boomkwekerijroelofs.nl\\\/pl\\\/kwaliteit\\\/opkweek-onderstammen\\\/#breadcrumb\",\"itemListElement\":[{\"@type\":\"ListItem\",\"position\":1,\"name\":\"Home\",\"item\":\"https:\\\/\\\/www.boomkwekerijroelofs.nl\\\/pl\\\/\"},{\"@type\":\"ListItem\",\"position\":2,\"name\":\"Nasza jako\u015b\u0107\",\"item\":\"https:\\\/\\\/www.boomkwekerijroelofs.nl\\\/pl\\\/kwaliteit\\\/\"},{\"@type\":\"ListItem\",\"position\":3,\"name\":\"Uprawa podk\u0142adek\"}]},{\"@type\":\"WebSite\",\"@id\":\"https:\\\/\\\/www.boomkwekerijroelofs.nl\\\/pl\\\/#website\",\"url\":\"https:\\\/\\\/www.boomkwekerijroelofs.nl\\\/pl\\\/\",\"name\":\"Roelofs Boomkwekerij (PL)\",\"description\":\"\",\"potentialAction\":[{\"@type\":\"SearchAction\",\"target\":{\"@type\":\"EntryPoint\",\"urlTemplate\":\"https:\\\/\\\/www.boomkwekerijroelofs.nl\\\/pl\\\/?s={search_term_string}\"},\"query-input\":{\"@type\":\"PropertyValueSpecification\",\"valueRequired\":true,\"valueName\":\"search_term_string\"}}],\"inLanguage\":\"pl-PL\"}]}<\/script>\n<!-- \/ Yoast SEO plugin. -->","yoast_head_json":{"title":"Uprawa podk\u0142adek - Roelofs Boomkwekerij (PL)","robots":{"index":"index","follow":"follow","max-snippet":"max-snippet:-1","max-image-preview":"max-image-preview:large","max-video-preview":"max-video-preview:-1"},"canonical":"https:\/\/www.boomkwekerijroelofs.nl\/pl\/kwaliteit\/opkweek-onderstammen\/","og_locale":"pl_PL","og_type":"article","og_title":"Uprawa podk\u0142adek - Roelofs Boomkwekerij (PL)","og_description":"\u017byzna i wspieraj\u0105ca rozw\u00f3j ro\u015blin glina morska z po\u0142udniowej cz\u0119\u015bci prowincji Flevoland ma wyj\u0105tkow\u0105 struktur\u0119. To w po\u0142\u0105czeniu z optymaln\u0105 stref\u0105 klimatyczn\u0105 \u015bwiata stanowi doskona\u0142\u0105 podstaw\u0119 do uprawy podk\u0142adek o wysokiej jako\u015bci. S\u0105 to podk\u0142adki optymalnie rozwini\u0119te pod wzgl\u0119dem grubo\u015bci i d\u0142ugo\u015bci oraz o wyj\u0105tkowym ukorzenieniu. &nbsp; Do produkcji naszych podk\u0142adek u\u017cywamy mi\u0119dzy innymi certyfikowanego [&hellip;]","og_url":"https:\/\/www.boomkwekerijroelofs.nl\/pl\/kwaliteit\/opkweek-onderstammen\/","og_site_name":"Roelofs Boomkwekerij (PL)","article_modified_time":"2020-08-27T17:48:45+00:00","og_image":[{"width":1024,"height":683,"url":"https:\/\/www.boomkwekerijroelofs.nl\/wp-content\/uploads\/sites\/7\/2018\/08\/2018-opkweek-onderstammen-moerbed-onderstammen-appel-1024x683.jpg","type":"image\/jpeg"}],"twitter_card":"summary_large_image","twitter_misc":{"Szacowany czas czytania":"1 minuta"},"schema":{"@context":"https:\/\/schema.org","@graph":[{"@type":"WebPage","@id":"https:\/\/www.boomkwekerijroelofs.nl\/pl\/kwaliteit\/opkweek-onderstammen\/","url":"https:\/\/www.boomkwekerijroelofs.nl\/pl\/kwaliteit\/opkweek-onderstammen\/","name":"Uprawa podk\u0142adek - Roelofs Boomkwekerij (PL)","isPartOf":{"@id":"https:\/\/www.boomkwekerijroelofs.nl\/pl\/#website"},"primaryImageOfPage":{"@id":"https:\/\/www.boomkwekerijroelofs.nl\/pl\/kwaliteit\/opkweek-onderstammen\/#primaryimage"},"image":{"@id":"https:\/\/www.boomkwekerijroelofs.nl\/pl\/kwaliteit\/opkweek-onderstammen\/#primaryimage"},"thumbnailUrl":"https:\/\/www.boomkwekerijroelofs.nl\/wp-content\/uploads\/sites\/7\/2018\/08\/2018-opkweek-onderstammen-moerbed-onderstammen-appel.jpg","datePublished":"2018-08-07T09:31:01+00:00","dateModified":"2020-08-27T17:48:45+00:00","breadcrumb":{"@id":"https:\/\/www.boomkwekerijroelofs.nl\/pl\/kwaliteit\/opkweek-onderstammen\/#breadcrumb"},"inLanguage":"pl-PL","potentialAction":[{"@type":"ReadAction","target":["https:\/\/www.boomkwekerijroelofs.nl\/pl\/kwaliteit\/opkweek-onderstammen\/"]}]},{"@type":"ImageObject","inLanguage":"pl-PL","@id":"https:\/\/www.boomkwekerijroelofs.nl\/pl\/kwaliteit\/opkweek-onderstammen\/#primaryimage","url":"https:\/\/www.boomkwekerijroelofs.nl\/wp-content\/uploads\/sites\/7\/2018\/08\/2018-opkweek-onderstammen-moerbed-onderstammen-appel.jpg","contentUrl":"https:\/\/www.boomkwekerijroelofs.nl\/wp-content\/uploads\/sites\/7\/2018\/08\/2018-opkweek-onderstammen-moerbed-onderstammen-appel.jpg","width":3539,"height":2362},{"@type":"BreadcrumbList","@id":"https:\/\/www.boomkwekerijroelofs.nl\/pl\/kwaliteit\/opkweek-onderstammen\/#breadcrumb","itemListElement":[{"@type":"ListItem","position":1,"name":"Home","item":"https:\/\/www.boomkwekerijroelofs.nl\/pl\/"},{"@type":"ListItem","position":2,"name":"Nasza jako\u015b\u0107","item":"https:\/\/www.boomkwekerijroelofs.nl\/pl\/kwaliteit\/"},{"@type":"ListItem","position":3,"name":"Uprawa podk\u0142adek"}]},{"@type":"WebSite","@id":"https:\/\/www.boomkwekerijroelofs.nl\/pl\/#website","url":"https:\/\/www.boomkwekerijroelofs.nl\/pl\/","name":"Roelofs Boomkwekerij (PL)","description":"","potentialAction":[{"@type":"SearchAction","target":{"@type":"EntryPoint","urlTemplate":"https:\/\/www.boomkwekerijroelofs.nl\/pl\/?s={search_term_string}"},"query-input":{"@type":"PropertyValueSpecification","valueRequired":true,"valueName":"search_term_string"}}],"inLanguage":"pl-PL"}]}},"_links":{"self":[{"href":"https:\/\/www.boomkwekerijroelofs.nl\/pl\/wp-json\/wp\/v2\/pages\/203","targetHints":{"allow":["GET"]}}],"collection":[{"href":"https:\/\/www.boomkwekerijroelofs.nl\/pl\/wp-json\/wp\/v2\/pages"}],"about":[{"href":"https:\/\/www.boomkwekerijroelofs.nl\/pl\/wp-json\/wp\/v2\/types\/page"}],"author":[{"embeddable":true,"href":"https:\/\/www.boomkwekerijroelofs.nl\/pl\/wp-json\/wp\/v2\/users\/1"}],"replies":[{"embeddable":true,"href":"https:\/\/www.boomkwekerijroelofs.nl\/pl\/wp-json\/wp\/v2\/comments?post=203"}],"version-history":[{"count":12,"href":"https:\/\/www.boomkwekerijroelofs.nl\/pl\/wp-json\/wp\/v2\/pages\/203\/revisions"}],"predecessor-version":[{"id":660,"href":"https:\/\/www.boomkwekerijroelofs.nl\/pl\/wp-json\/wp\/v2\/pages\/203\/revisions\/660"}],"up":[{"embeddable":true,"href":"https:\/\/www.boomkwekerijroelofs.nl\/pl\/wp-json\/wp\/v2\/pages\/101"}],"wp:featuredmedia":[{"embeddable":true,"href":"https:\/\/www.boomkwekerijroelofs.nl\/pl\/wp-json\/wp\/v2\/media\/262"}],"wp:attachment":[{"href":"https:\/\/www.boomkwekerijroelofs.nl\/pl\/wp-json\/wp\/v2\/media?parent=203"}],"curies":[{"name":"wp","href":"https:\/\/api.w.org\/{rel}","templated":true}]}}