{"id":201,"date":"2018-08-07T11:30:24","date_gmt":"2018-08-07T09:30:24","guid":{"rendered":"https:\/\/www.boomkwekerijroelofs.nl\/pl\/?page_id=201"},"modified":"2020-08-27T19:52:00","modified_gmt":"2020-08-27T17:52:00","slug":"track-and-trace","status":"publish","type":"page","link":"https:\/\/www.boomkwekerijroelofs.nl\/pl\/kwaliteit\/track-and-trace\/","title":{"rendered":"Track &amp; Trace"},"content":{"rendered":"<p>Od 2015 uruchomili\u015bmy mo\u017cliwo\u015b\u0107 \u015bledzenia naszych podk\u0142adek i drzewek. Dzi\u0119ki temu mo\u017cna prze\u015bledzi\u0107 ro\u015bliny w trakcie uprawy, sk\u0142adowania, transportu i dostawy, co umo\u017cliwia wgl\u0105d w histori\u0119 procesu produkcji. Najwa\u017cniejszymi argumentami s\u0105 tutaj: kontrola zarz\u0105dzania zapasami, poprawiony sk\u0142ad partii, poprawa wydajno\u015bci i oszcz\u0119dno\u015b\u0107 koszt\u00f3w dzi\u0119ki automatyzacji.<\/p>\n<p><strong>\u00a0<\/strong><\/p>\n<p><strong>Sortowanie i pakowanie drzewek<\/strong><\/p>\n<p>Na ta\u015bmach sortuj\u0105cych w szopie drzewka sortuje si\u0119 wed\u0142ug r\u00f3\u017cnych klas jako\u015bci. W wi\u0105zkach jab\u0142onie przechodz\u0105 przez maszyn\u0119 pakuj\u0105c\u0105 w siatk\u0119. Siatka zapobiega niepotrzebnemu \u0142amaniu ga\u0142\u0119zi. Ka\u017cda paleta jest \u015bledzona w systemie Track &amp; Trace a\u017c do ch\u0142odni, a ostatecznie a\u017c do klienta.<\/p>\n<p>&nbsp;<\/p>\n<p><strong>Sortowanie i pakowanie podk\u0142adek<\/strong><\/p>\n<p>Obecno\u015b\u0107 kamer optycznych na maszynie sortuj\u0105cej pozwala na sortowanie podk\u0142adek z dok\u0142adno\u015bci\u0105 do dziesi\u0105tych cz\u0119\u015bci milimetra.<\/p>\n<p><img loading=\"lazy\" decoding=\"async\" class=\"size-medium wp-image-270 alignleft\" src=\"https:\/\/www.boomkwekerijroelofs.nl\/wp-content\/uploads\/sites\/7\/2018\/08\/2018-track-and-trace-sorteren-onderstammen8-300x200.jpg\" alt=\"\" width=\"300\" height=\"200\" srcset=\"https:\/\/www.boomkwekerijroelofs.nl\/wp-content\/uploads\/sites\/7\/2018\/08\/2018-track-and-trace-sorteren-onderstammen8-300x200.jpg 300w, https:\/\/www.boomkwekerijroelofs.nl\/wp-content\/uploads\/sites\/7\/2018\/08\/2018-track-and-trace-sorteren-onderstammen8-768x512.jpg 768w, https:\/\/www.boomkwekerijroelofs.nl\/wp-content\/uploads\/sites\/7\/2018\/08\/2018-track-and-trace-sorteren-onderstammen8.jpg 1024w\" sizes=\"auto, (max-width: 300px) 100vw, 300px\" \/><\/p>\n","protected":false},"excerpt":{"rendered":"<p>Od 2015 uruchomili\u015bmy mo\u017cliwo\u015b\u0107 \u015bledzenia naszych podk\u0142adek i drzewek. Dzi\u0119ki temu mo\u017cna prze\u015bledzi\u0107 ro\u015bliny w trakcie uprawy, sk\u0142adowania, transportu i dostawy, co umo\u017cliwia wgl\u0105d w histori\u0119 procesu produkcji. Najwa\u017cniejszymi argumentami s\u0105 tutaj: kontrola zarz\u0105dzania zapasami, poprawiony sk\u0142ad partii, poprawa wydajno\u015bci i oszcz\u0119dno\u015b\u0107 koszt\u00f3w dzi\u0119ki automatyzacji. \u00a0 Sortowanie i pakowanie drzewek Na ta\u015bmach sortuj\u0105cych w szopie [&hellip;]<\/p>\n","protected":false},"author":1,"featured_media":425,"parent":101,"menu_order":0,"comment_status":"closed","ping_status":"closed","template":"","meta":{"_acf_changed":false,"footnotes":""},"class_list":["post-201","page","type-page","status-publish","has-post-thumbnail","hentry"],"acf":[],"yoast_head":"<!-- This site is optimized with the Yoast SEO plugin v27.5 - https:\/\/yoast.com\/product\/yoast-seo-wordpress\/ -->\n<title>Track &amp; Trace - Roelofs Boomkwekerij (PL)<\/title>\n<meta name=\"robots\" content=\"index, follow, max-snippet:-1, max-image-preview:large, max-video-preview:-1\" \/>\n<link rel=\"canonical\" href=\"https:\/\/www.boomkwekerijroelofs.nl\/pl\/kwaliteit\/track-and-trace\/\" \/>\n<meta property=\"og:locale\" content=\"pl_PL\" \/>\n<meta property=\"og:type\" content=\"article\" \/>\n<meta property=\"og:title\" content=\"Track &amp; Trace - Roelofs Boomkwekerij (PL)\" \/>\n<meta property=\"og:description\" content=\"Od 2015 uruchomili\u015bmy mo\u017cliwo\u015b\u0107 \u015bledzenia naszych podk\u0142adek i drzewek. Dzi\u0119ki temu mo\u017cna prze\u015bledzi\u0107 ro\u015bliny w trakcie uprawy, sk\u0142adowania, transportu i dostawy, co umo\u017cliwia wgl\u0105d w histori\u0119 procesu produkcji. Najwa\u017cniejszymi argumentami s\u0105 tutaj: kontrola zarz\u0105dzania zapasami, poprawiony sk\u0142ad partii, poprawa wydajno\u015bci i oszcz\u0119dno\u015b\u0107 koszt\u00f3w dzi\u0119ki automatyzacji. \u00a0 Sortowanie i pakowanie drzewek Na ta\u015bmach sortuj\u0105cych w szopie [&hellip;]\" \/>\n<meta property=\"og:url\" content=\"https:\/\/www.boomkwekerijroelofs.nl\/pl\/kwaliteit\/track-and-trace\/\" \/>\n<meta property=\"og:site_name\" content=\"Roelofs Boomkwekerij (PL)\" \/>\n<meta property=\"article:modified_time\" content=\"2020-08-27T17:52:00+00:00\" \/>\n<meta property=\"og:image\" content=\"https:\/\/www.boomkwekerijroelofs.nl\/wp-content\/uploads\/sites\/7\/2018\/10\/2018-track-and-trace-sorteren-onderstammen13-e1540997564315.jpg\" \/>\n\t<meta property=\"og:image:width\" content=\"1024\" \/>\n\t<meta property=\"og:image:height\" content=\"330\" \/>\n\t<meta property=\"og:image:type\" content=\"image\/jpeg\" \/>\n<meta name=\"twitter:card\" content=\"summary_large_image\" \/>\n<meta name=\"twitter:label1\" content=\"Szacowany czas czytania\" \/>\n\t<meta name=\"twitter:data1\" content=\"1 minuta\" \/>\n<script type=\"application\/ld+json\" class=\"yoast-schema-graph\">{\"@context\":\"https:\\\/\\\/schema.org\",\"@graph\":[{\"@type\":\"WebPage\",\"@id\":\"https:\\\/\\\/www.boomkwekerijroelofs.nl\\\/pl\\\/kwaliteit\\\/track-and-trace\\\/\",\"url\":\"https:\\\/\\\/www.boomkwekerijroelofs.nl\\\/pl\\\/kwaliteit\\\/track-and-trace\\\/\",\"name\":\"Track &amp; Trace - Roelofs Boomkwekerij (PL)\",\"isPartOf\":{\"@id\":\"https:\\\/\\\/www.boomkwekerijroelofs.nl\\\/pl\\\/#website\"},\"primaryImageOfPage\":{\"@id\":\"https:\\\/\\\/www.boomkwekerijroelofs.nl\\\/pl\\\/kwaliteit\\\/track-and-trace\\\/#primaryimage\"},\"image\":{\"@id\":\"https:\\\/\\\/www.boomkwekerijroelofs.nl\\\/pl\\\/kwaliteit\\\/track-and-trace\\\/#primaryimage\"},\"thumbnailUrl\":\"https:\\\/\\\/www.boomkwekerijroelofs.nl\\\/wp-content\\\/uploads\\\/sites\\\/7\\\/2018\\\/10\\\/2018-track-and-trace-sorteren-onderstammen13-e1540997564315.jpg\",\"datePublished\":\"2018-08-07T09:30:24+00:00\",\"dateModified\":\"2020-08-27T17:52:00+00:00\",\"breadcrumb\":{\"@id\":\"https:\\\/\\\/www.boomkwekerijroelofs.nl\\\/pl\\\/kwaliteit\\\/track-and-trace\\\/#breadcrumb\"},\"inLanguage\":\"pl-PL\",\"potentialAction\":[{\"@type\":\"ReadAction\",\"target\":[\"https:\\\/\\\/www.boomkwekerijroelofs.nl\\\/pl\\\/kwaliteit\\\/track-and-trace\\\/\"]}]},{\"@type\":\"ImageObject\",\"inLanguage\":\"pl-PL\",\"@id\":\"https:\\\/\\\/www.boomkwekerijroelofs.nl\\\/pl\\\/kwaliteit\\\/track-and-trace\\\/#primaryimage\",\"url\":\"https:\\\/\\\/www.boomkwekerijroelofs.nl\\\/wp-content\\\/uploads\\\/sites\\\/7\\\/2018\\\/10\\\/2018-track-and-trace-sorteren-onderstammen13-e1540997564315.jpg\",\"contentUrl\":\"https:\\\/\\\/www.boomkwekerijroelofs.nl\\\/wp-content\\\/uploads\\\/sites\\\/7\\\/2018\\\/10\\\/2018-track-and-trace-sorteren-onderstammen13-e1540997564315.jpg\",\"width\":1024,\"height\":330},{\"@type\":\"BreadcrumbList\",\"@id\":\"https:\\\/\\\/www.boomkwekerijroelofs.nl\\\/pl\\\/kwaliteit\\\/track-and-trace\\\/#breadcrumb\",\"itemListElement\":[{\"@type\":\"ListItem\",\"position\":1,\"name\":\"Home\",\"item\":\"https:\\\/\\\/www.boomkwekerijroelofs.nl\\\/pl\\\/\"},{\"@type\":\"ListItem\",\"position\":2,\"name\":\"Nasza jako\u015b\u0107\",\"item\":\"https:\\\/\\\/www.boomkwekerijroelofs.nl\\\/pl\\\/kwaliteit\\\/\"},{\"@type\":\"ListItem\",\"position\":3,\"name\":\"Track &amp; Trace\"}]},{\"@type\":\"WebSite\",\"@id\":\"https:\\\/\\\/www.boomkwekerijroelofs.nl\\\/pl\\\/#website\",\"url\":\"https:\\\/\\\/www.boomkwekerijroelofs.nl\\\/pl\\\/\",\"name\":\"Roelofs Boomkwekerij (PL)\",\"description\":\"\",\"potentialAction\":[{\"@type\":\"SearchAction\",\"target\":{\"@type\":\"EntryPoint\",\"urlTemplate\":\"https:\\\/\\\/www.boomkwekerijroelofs.nl\\\/pl\\\/?s={search_term_string}\"},\"query-input\":{\"@type\":\"PropertyValueSpecification\",\"valueRequired\":true,\"valueName\":\"search_term_string\"}}],\"inLanguage\":\"pl-PL\"}]}<\/script>\n<!-- \/ Yoast SEO plugin. -->","yoast_head_json":{"title":"Track &amp; Trace - Roelofs Boomkwekerij (PL)","robots":{"index":"index","follow":"follow","max-snippet":"max-snippet:-1","max-image-preview":"max-image-preview:large","max-video-preview":"max-video-preview:-1"},"canonical":"https:\/\/www.boomkwekerijroelofs.nl\/pl\/kwaliteit\/track-and-trace\/","og_locale":"pl_PL","og_type":"article","og_title":"Track &amp; Trace - Roelofs Boomkwekerij (PL)","og_description":"Od 2015 uruchomili\u015bmy mo\u017cliwo\u015b\u0107 \u015bledzenia naszych podk\u0142adek i drzewek. Dzi\u0119ki temu mo\u017cna prze\u015bledzi\u0107 ro\u015bliny w trakcie uprawy, sk\u0142adowania, transportu i dostawy, co umo\u017cliwia wgl\u0105d w histori\u0119 procesu produkcji. Najwa\u017cniejszymi argumentami s\u0105 tutaj: kontrola zarz\u0105dzania zapasami, poprawiony sk\u0142ad partii, poprawa wydajno\u015bci i oszcz\u0119dno\u015b\u0107 koszt\u00f3w dzi\u0119ki automatyzacji. \u00a0 Sortowanie i pakowanie drzewek Na ta\u015bmach sortuj\u0105cych w szopie [&hellip;]","og_url":"https:\/\/www.boomkwekerijroelofs.nl\/pl\/kwaliteit\/track-and-trace\/","og_site_name":"Roelofs Boomkwekerij (PL)","article_modified_time":"2020-08-27T17:52:00+00:00","og_image":[{"width":1024,"height":330,"url":"https:\/\/www.boomkwekerijroelofs.nl\/wp-content\/uploads\/sites\/7\/2018\/10\/2018-track-and-trace-sorteren-onderstammen13-e1540997564315.jpg","type":"image\/jpeg"}],"twitter_card":"summary_large_image","twitter_misc":{"Szacowany czas czytania":"1 minuta"},"schema":{"@context":"https:\/\/schema.org","@graph":[{"@type":"WebPage","@id":"https:\/\/www.boomkwekerijroelofs.nl\/pl\/kwaliteit\/track-and-trace\/","url":"https:\/\/www.boomkwekerijroelofs.nl\/pl\/kwaliteit\/track-and-trace\/","name":"Track &amp; Trace - Roelofs Boomkwekerij (PL)","isPartOf":{"@id":"https:\/\/www.boomkwekerijroelofs.nl\/pl\/#website"},"primaryImageOfPage":{"@id":"https:\/\/www.boomkwekerijroelofs.nl\/pl\/kwaliteit\/track-and-trace\/#primaryimage"},"image":{"@id":"https:\/\/www.boomkwekerijroelofs.nl\/pl\/kwaliteit\/track-and-trace\/#primaryimage"},"thumbnailUrl":"https:\/\/www.boomkwekerijroelofs.nl\/wp-content\/uploads\/sites\/7\/2018\/10\/2018-track-and-trace-sorteren-onderstammen13-e1540997564315.jpg","datePublished":"2018-08-07T09:30:24+00:00","dateModified":"2020-08-27T17:52:00+00:00","breadcrumb":{"@id":"https:\/\/www.boomkwekerijroelofs.nl\/pl\/kwaliteit\/track-and-trace\/#breadcrumb"},"inLanguage":"pl-PL","potentialAction":[{"@type":"ReadAction","target":["https:\/\/www.boomkwekerijroelofs.nl\/pl\/kwaliteit\/track-and-trace\/"]}]},{"@type":"ImageObject","inLanguage":"pl-PL","@id":"https:\/\/www.boomkwekerijroelofs.nl\/pl\/kwaliteit\/track-and-trace\/#primaryimage","url":"https:\/\/www.boomkwekerijroelofs.nl\/wp-content\/uploads\/sites\/7\/2018\/10\/2018-track-and-trace-sorteren-onderstammen13-e1540997564315.jpg","contentUrl":"https:\/\/www.boomkwekerijroelofs.nl\/wp-content\/uploads\/sites\/7\/2018\/10\/2018-track-and-trace-sorteren-onderstammen13-e1540997564315.jpg","width":1024,"height":330},{"@type":"BreadcrumbList","@id":"https:\/\/www.boomkwekerijroelofs.nl\/pl\/kwaliteit\/track-and-trace\/#breadcrumb","itemListElement":[{"@type":"ListItem","position":1,"name":"Home","item":"https:\/\/www.boomkwekerijroelofs.nl\/pl\/"},{"@type":"ListItem","position":2,"name":"Nasza jako\u015b\u0107","item":"https:\/\/www.boomkwekerijroelofs.nl\/pl\/kwaliteit\/"},{"@type":"ListItem","position":3,"name":"Track &amp; Trace"}]},{"@type":"WebSite","@id":"https:\/\/www.boomkwekerijroelofs.nl\/pl\/#website","url":"https:\/\/www.boomkwekerijroelofs.nl\/pl\/","name":"Roelofs Boomkwekerij (PL)","description":"","potentialAction":[{"@type":"SearchAction","target":{"@type":"EntryPoint","urlTemplate":"https:\/\/www.boomkwekerijroelofs.nl\/pl\/?s={search_term_string}"},"query-input":{"@type":"PropertyValueSpecification","valueRequired":true,"valueName":"search_term_string"}}],"inLanguage":"pl-PL"}]}},"_links":{"self":[{"href":"https:\/\/www.boomkwekerijroelofs.nl\/pl\/wp-json\/wp\/v2\/pages\/201","targetHints":{"allow":["GET"]}}],"collection":[{"href":"https:\/\/www.boomkwekerijroelofs.nl\/pl\/wp-json\/wp\/v2\/pages"}],"about":[{"href":"https:\/\/www.boomkwekerijroelofs.nl\/pl\/wp-json\/wp\/v2\/types\/page"}],"author":[{"embeddable":true,"href":"https:\/\/www.boomkwekerijroelofs.nl\/pl\/wp-json\/wp\/v2\/users\/1"}],"replies":[{"embeddable":true,"href":"https:\/\/www.boomkwekerijroelofs.nl\/pl\/wp-json\/wp\/v2\/comments?post=201"}],"version-history":[{"count":11,"href":"https:\/\/www.boomkwekerijroelofs.nl\/pl\/wp-json\/wp\/v2\/pages\/201\/revisions"}],"predecessor-version":[{"id":663,"href":"https:\/\/www.boomkwekerijroelofs.nl\/pl\/wp-json\/wp\/v2\/pages\/201\/revisions\/663"}],"up":[{"embeddable":true,"href":"https:\/\/www.boomkwekerijroelofs.nl\/pl\/wp-json\/wp\/v2\/pages\/101"}],"wp:featuredmedia":[{"embeddable":true,"href":"https:\/\/www.boomkwekerijroelofs.nl\/pl\/wp-json\/wp\/v2\/media\/425"}],"wp:attachment":[{"href":"https:\/\/www.boomkwekerijroelofs.nl\/pl\/wp-json\/wp\/v2\/media?parent=201"}],"curies":[{"name":"wp","href":"https:\/\/api.w.org\/{rel}","templated":true}]}}