{"id":108,"date":"2017-07-20T14:52:05","date_gmt":"2017-07-20T12:52:05","guid":{"rendered":"https:\/\/www.boomkwekerijroelofs.nl\/pl\/?page_id=108"},"modified":"2020-12-12T12:04:39","modified_gmt":"2020-12-12T11:04:39","slug":"opslag-en-transport","status":"publish","type":"page","link":"https:\/\/www.boomkwekerijroelofs.nl\/pl\/kwaliteit\/opslag-en-transport\/","title":{"rendered":"Sk\u0142adowanie, pakowanie i transport"},"content":{"rendered":"<p><strong>Sk\u0142adowanie<\/strong><\/p>\n<p>Drzewka owocowe i podk\u0142adki po wykopaniu przechowuje si\u0119 na paletach. Od jesieni drzewka s\u0105 ju\u017c gotowe do dostawy. Sadownikom, kt\u00f3rzy chc\u0105 mie\u0107 drzewka dostarczone na wiosn\u0119, mo\u017cemy za op\u0142at\u0105 przechowa\u0107 drzewka w specjalnie stworzonych do tego ch\u0142odniach. Instalacja mg\u0142owa w komorze ch\u0142odniczej zapewnia optymaln\u0105 wilgotno\u015b\u0107 powietrza. Warunki ro\u015blin oraz klimat przechowywania s\u0105 codziennie kontrolowane.<\/p>\n<p><img loading=\"lazy\" decoding=\"async\" class=\"size-medium wp-image-381 alignleft\" src=\"https:\/\/www.boomkwekerijroelofs.nl\/wp-content\/uploads\/sites\/7\/2018\/10\/2018-opslag-en-transport-bomen-in-geconditioneerde-bewaring-300x200.jpg\" alt=\"\" width=\"300\" height=\"200\" srcset=\"https:\/\/www.boomkwekerijroelofs.nl\/wp-content\/uploads\/sites\/7\/2018\/10\/2018-opslag-en-transport-bomen-in-geconditioneerde-bewaring-300x200.jpg 300w, https:\/\/www.boomkwekerijroelofs.nl\/wp-content\/uploads\/sites\/7\/2018\/10\/2018-opslag-en-transport-bomen-in-geconditioneerde-bewaring-768x512.jpg 768w, https:\/\/www.boomkwekerijroelofs.nl\/wp-content\/uploads\/sites\/7\/2018\/10\/2018-opslag-en-transport-bomen-in-geconditioneerde-bewaring-1024x683.jpg 1024w\" sizes=\"auto, (max-width: 300px) 100vw, 300px\" \/><\/p>\n<p>&nbsp;<\/p>\n<p>&nbsp;<\/p>\n<p>&nbsp;<\/p>\n<p>&nbsp;<\/p>\n<p>&nbsp;<\/p>\n<p>&nbsp;<\/p>\n<p><strong>Pakowanie<\/strong><\/p>\n<p>Pakowanie drzewek owocowych i podk\u0142adek wymaga wiele uwagi. Naszym celem jest, aby zapobiec wyschni\u0119ciu b\u0105d\u017a z\u0142amaniu ga\u0142\u0119zi lub korzeni. Drzewka owocowe najlepiej przechowywa\u0107 na galwanizowanych paletach w wi\u0105zkach po pi\u0119\u0107 lub dziesi\u0119\u0107 drzewek, unikaj\u0105c przy tym zbytniego zape\u0142nienia palety. Siatka wok\u00f3\u0142 wi\u0105zek jab\u0142oni zapobiega \u0142amaniu ga\u0142\u0119zi i korzeni.<\/p>\n<p>Podk\u0142adki przeznaczone do transportu w odleg\u0142e miejsca umieszczamy na specjalnych paletach, kt\u00f3re, zanim wyrusz\u0105 w drog\u0119, s\u0105 ca\u0142kowicie zapakowane w foli\u0119.<\/p>\n<p><strong><img loading=\"lazy\" decoding=\"async\" class=\"size-medium wp-image-382 alignleft\" src=\"https:\/\/www.boomkwekerijroelofs.nl\/wp-content\/uploads\/sites\/7\/2018\/10\/2018-opslag-en-transport-inpakken-bomen-voor-export-225x300.jpg\" alt=\"\" width=\"225\" height=\"300\" srcset=\"https:\/\/www.boomkwekerijroelofs.nl\/wp-content\/uploads\/sites\/7\/2018\/10\/2018-opslag-en-transport-inpakken-bomen-voor-export-225x300.jpg 225w, https:\/\/www.boomkwekerijroelofs.nl\/wp-content\/uploads\/sites\/7\/2018\/10\/2018-opslag-en-transport-inpakken-bomen-voor-export.jpg 768w\" sizes=\"auto, (max-width: 225px) 100vw, 225px\" \/>\u00a0<\/strong><\/p>\n<p>&nbsp;<\/p>\n<p>&nbsp;<\/p>\n<p>&nbsp;<\/p>\n<p>&nbsp;<\/p>\n<p>&nbsp;<\/p>\n<p>&nbsp;<\/p>\n<p>&nbsp;<\/p>\n<p>&nbsp;<\/p>\n<p><strong>Transport<\/strong><\/p>\n<p>Drzewka owocowe i podk\u0142adki zawsze trafiaj\u0105 bezpo\u015brednio z ch\u0142odzenia w wilgotnych warunkach do transportu w zamkni\u0119tej ci\u0119\u017car\u00f3wce. Warunkiem jest, by temperatury zewn\u0119trzne wynosi\u0142y przynajmniej 1 stopie\u0144 Celsjusza. Po\u0142amaniu ga\u0142\u0119zi zapobiegamy, \u0142aduj\u0105c ro\u015bliny do specjalnych ci\u0119\u017car\u00f3wek z plandek\u0105 z boku. Dzi\u0119ki temu kontakt pomi\u0119dzy paletami oraz kontakt ze \u015bcianami ci\u0119\u017car\u00f3wki jest minimalny.<\/p>\n<h3><img loading=\"lazy\" decoding=\"async\" class=\"size-medium wp-image-666 alignleft\" src=\"https:\/\/www.boomkwekerijroelofs.nl\/wp-content\/uploads\/sites\/7\/2020\/08\/vrachtwagen-2019-300x225.png\" alt=\"\" width=\"300\" height=\"225\" srcset=\"https:\/\/www.boomkwekerijroelofs.nl\/wp-content\/uploads\/sites\/7\/2020\/08\/vrachtwagen-2019-300x225.png 300w, https:\/\/www.boomkwekerijroelofs.nl\/wp-content\/uploads\/sites\/7\/2020\/08\/vrachtwagen-2019-1024x768.png 1024w, https:\/\/www.boomkwekerijroelofs.nl\/wp-content\/uploads\/sites\/7\/2020\/08\/vrachtwagen-2019-768x576.png 768w, https:\/\/www.boomkwekerijroelofs.nl\/wp-content\/uploads\/sites\/7\/2020\/08\/vrachtwagen-2019.png 1440w\" sizes=\"auto, (max-width: 300px) 100vw, 300px\" \/><\/h3>\n<p>&nbsp;<\/p>\n<p>&nbsp;<\/p>\n<p>&nbsp;<\/p>\n<p>&nbsp;<\/p>\n<p>&nbsp;<\/p>\n<h3><\/h3>\n<p><a href=\"https:\/\/www.boomkwekerijroelofs.nl\/wp-content\/uploads\/sites\/7\/2020\/12\/20201214-E-Storage-and-planting-tips-growers.pdf\">Wskaz\u00f3wki dotycz\u0105ce przechowywania, transportu i sadzenia dla sadownik\u00f3w.<\/a><\/p>\n","protected":false},"excerpt":{"rendered":"<p>Sk\u0142adowanie Drzewka owocowe i podk\u0142adki po wykopaniu przechowuje si\u0119 na paletach. Od jesieni drzewka s\u0105 ju\u017c gotowe do dostawy. Sadownikom, kt\u00f3rzy chc\u0105 mie\u0107 drzewka dostarczone na wiosn\u0119, mo\u017cemy za op\u0142at\u0105 przechowa\u0107 drzewka w specjalnie stworzonych do tego ch\u0142odniach. Instalacja mg\u0142owa w komorze ch\u0142odniczej zapewnia optymaln\u0105 wilgotno\u015b\u0107 powietrza. Warunki ro\u015blin oraz klimat przechowywania s\u0105 codziennie kontrolowane. [&hellip;]<\/p>\n","protected":false},"author":1,"featured_media":379,"parent":101,"menu_order":0,"comment_status":"closed","ping_status":"closed","template":"","meta":{"_acf_changed":false,"footnotes":""},"class_list":["post-108","page","type-page","status-publish","has-post-thumbnail","hentry"],"acf":[],"yoast_head":"<!-- This site is optimized with the Yoast SEO plugin v27.5 - https:\/\/yoast.com\/product\/yoast-seo-wordpress\/ -->\n<title>Sk\u0142adowanie, pakowanie i transport - Roelofs Boomkwekerij (PL)<\/title>\n<meta name=\"robots\" content=\"index, follow, max-snippet:-1, max-image-preview:large, max-video-preview:-1\" \/>\n<link rel=\"canonical\" href=\"https:\/\/www.boomkwekerijroelofs.nl\/pl\/kwaliteit\/opslag-en-transport\/\" \/>\n<meta property=\"og:locale\" content=\"pl_PL\" \/>\n<meta property=\"og:type\" content=\"article\" \/>\n<meta property=\"og:title\" content=\"Sk\u0142adowanie, pakowanie i transport - Roelofs Boomkwekerij (PL)\" \/>\n<meta property=\"og:description\" content=\"Sk\u0142adowanie Drzewka owocowe i podk\u0142adki po wykopaniu przechowuje si\u0119 na paletach. Od jesieni drzewka s\u0105 ju\u017c gotowe do dostawy. Sadownikom, kt\u00f3rzy chc\u0105 mie\u0107 drzewka dostarczone na wiosn\u0119, mo\u017cemy za op\u0142at\u0105 przechowa\u0107 drzewka w specjalnie stworzonych do tego ch\u0142odniach. Instalacja mg\u0142owa w komorze ch\u0142odniczej zapewnia optymaln\u0105 wilgotno\u015b\u0107 powietrza. Warunki ro\u015blin oraz klimat przechowywania s\u0105 codziennie kontrolowane. [&hellip;]\" \/>\n<meta property=\"og:url\" content=\"https:\/\/www.boomkwekerijroelofs.nl\/pl\/kwaliteit\/opslag-en-transport\/\" \/>\n<meta property=\"og:site_name\" content=\"Roelofs Boomkwekerij (PL)\" \/>\n<meta property=\"article:modified_time\" content=\"2020-12-12T11:04:39+00:00\" \/>\n<meta property=\"og:image\" content=\"https:\/\/www.boomkwekerijroelofs.nl\/wp-content\/uploads\/sites\/7\/2018\/10\/2018-opslag-en-transport-onderstammen3-e1540896985838.jpg\" \/>\n\t<meta property=\"og:image:width\" content=\"1024\" \/>\n\t<meta property=\"og:image:height\" content=\"343\" \/>\n\t<meta property=\"og:image:type\" content=\"image\/jpeg\" \/>\n<meta name=\"twitter:card\" content=\"summary_large_image\" \/>\n<meta name=\"twitter:label1\" content=\"Szacowany czas czytania\" \/>\n\t<meta name=\"twitter:data1\" content=\"1 minuta\" \/>\n<script type=\"application\/ld+json\" class=\"yoast-schema-graph\">{\"@context\":\"https:\\\/\\\/schema.org\",\"@graph\":[{\"@type\":\"WebPage\",\"@id\":\"https:\\\/\\\/www.boomkwekerijroelofs.nl\\\/pl\\\/kwaliteit\\\/opslag-en-transport\\\/\",\"url\":\"https:\\\/\\\/www.boomkwekerijroelofs.nl\\\/pl\\\/kwaliteit\\\/opslag-en-transport\\\/\",\"name\":\"Sk\u0142adowanie, pakowanie i transport - Roelofs Boomkwekerij (PL)\",\"isPartOf\":{\"@id\":\"https:\\\/\\\/www.boomkwekerijroelofs.nl\\\/pl\\\/#website\"},\"primaryImageOfPage\":{\"@id\":\"https:\\\/\\\/www.boomkwekerijroelofs.nl\\\/pl\\\/kwaliteit\\\/opslag-en-transport\\\/#primaryimage\"},\"image\":{\"@id\":\"https:\\\/\\\/www.boomkwekerijroelofs.nl\\\/pl\\\/kwaliteit\\\/opslag-en-transport\\\/#primaryimage\"},\"thumbnailUrl\":\"https:\\\/\\\/www.boomkwekerijroelofs.nl\\\/wp-content\\\/uploads\\\/sites\\\/7\\\/2018\\\/10\\\/2018-opslag-en-transport-onderstammen3-e1540896985838.jpg\",\"datePublished\":\"2017-07-20T12:52:05+00:00\",\"dateModified\":\"2020-12-12T11:04:39+00:00\",\"breadcrumb\":{\"@id\":\"https:\\\/\\\/www.boomkwekerijroelofs.nl\\\/pl\\\/kwaliteit\\\/opslag-en-transport\\\/#breadcrumb\"},\"inLanguage\":\"pl-PL\",\"potentialAction\":[{\"@type\":\"ReadAction\",\"target\":[\"https:\\\/\\\/www.boomkwekerijroelofs.nl\\\/pl\\\/kwaliteit\\\/opslag-en-transport\\\/\"]}]},{\"@type\":\"ImageObject\",\"inLanguage\":\"pl-PL\",\"@id\":\"https:\\\/\\\/www.boomkwekerijroelofs.nl\\\/pl\\\/kwaliteit\\\/opslag-en-transport\\\/#primaryimage\",\"url\":\"https:\\\/\\\/www.boomkwekerijroelofs.nl\\\/wp-content\\\/uploads\\\/sites\\\/7\\\/2018\\\/10\\\/2018-opslag-en-transport-onderstammen3-e1540896985838.jpg\",\"contentUrl\":\"https:\\\/\\\/www.boomkwekerijroelofs.nl\\\/wp-content\\\/uploads\\\/sites\\\/7\\\/2018\\\/10\\\/2018-opslag-en-transport-onderstammen3-e1540896985838.jpg\",\"width\":1024,\"height\":343},{\"@type\":\"BreadcrumbList\",\"@id\":\"https:\\\/\\\/www.boomkwekerijroelofs.nl\\\/pl\\\/kwaliteit\\\/opslag-en-transport\\\/#breadcrumb\",\"itemListElement\":[{\"@type\":\"ListItem\",\"position\":1,\"name\":\"Home\",\"item\":\"https:\\\/\\\/www.boomkwekerijroelofs.nl\\\/pl\\\/\"},{\"@type\":\"ListItem\",\"position\":2,\"name\":\"Nasza jako\u015b\u0107\",\"item\":\"https:\\\/\\\/www.boomkwekerijroelofs.nl\\\/pl\\\/kwaliteit\\\/\"},{\"@type\":\"ListItem\",\"position\":3,\"name\":\"Sk\u0142adowanie, pakowanie i transport\"}]},{\"@type\":\"WebSite\",\"@id\":\"https:\\\/\\\/www.boomkwekerijroelofs.nl\\\/pl\\\/#website\",\"url\":\"https:\\\/\\\/www.boomkwekerijroelofs.nl\\\/pl\\\/\",\"name\":\"Roelofs Boomkwekerij (PL)\",\"description\":\"\",\"potentialAction\":[{\"@type\":\"SearchAction\",\"target\":{\"@type\":\"EntryPoint\",\"urlTemplate\":\"https:\\\/\\\/www.boomkwekerijroelofs.nl\\\/pl\\\/?s={search_term_string}\"},\"query-input\":{\"@type\":\"PropertyValueSpecification\",\"valueRequired\":true,\"valueName\":\"search_term_string\"}}],\"inLanguage\":\"pl-PL\"}]}<\/script>\n<!-- \/ Yoast SEO plugin. -->","yoast_head_json":{"title":"Sk\u0142adowanie, pakowanie i transport - Roelofs Boomkwekerij (PL)","robots":{"index":"index","follow":"follow","max-snippet":"max-snippet:-1","max-image-preview":"max-image-preview:large","max-video-preview":"max-video-preview:-1"},"canonical":"https:\/\/www.boomkwekerijroelofs.nl\/pl\/kwaliteit\/opslag-en-transport\/","og_locale":"pl_PL","og_type":"article","og_title":"Sk\u0142adowanie, pakowanie i transport - Roelofs Boomkwekerij (PL)","og_description":"Sk\u0142adowanie Drzewka owocowe i podk\u0142adki po wykopaniu przechowuje si\u0119 na paletach. Od jesieni drzewka s\u0105 ju\u017c gotowe do dostawy. Sadownikom, kt\u00f3rzy chc\u0105 mie\u0107 drzewka dostarczone na wiosn\u0119, mo\u017cemy za op\u0142at\u0105 przechowa\u0107 drzewka w specjalnie stworzonych do tego ch\u0142odniach. Instalacja mg\u0142owa w komorze ch\u0142odniczej zapewnia optymaln\u0105 wilgotno\u015b\u0107 powietrza. Warunki ro\u015blin oraz klimat przechowywania s\u0105 codziennie kontrolowane. [&hellip;]","og_url":"https:\/\/www.boomkwekerijroelofs.nl\/pl\/kwaliteit\/opslag-en-transport\/","og_site_name":"Roelofs Boomkwekerij (PL)","article_modified_time":"2020-12-12T11:04:39+00:00","og_image":[{"width":1024,"height":343,"url":"https:\/\/www.boomkwekerijroelofs.nl\/wp-content\/uploads\/sites\/7\/2018\/10\/2018-opslag-en-transport-onderstammen3-e1540896985838.jpg","type":"image\/jpeg"}],"twitter_card":"summary_large_image","twitter_misc":{"Szacowany czas czytania":"1 minuta"},"schema":{"@context":"https:\/\/schema.org","@graph":[{"@type":"WebPage","@id":"https:\/\/www.boomkwekerijroelofs.nl\/pl\/kwaliteit\/opslag-en-transport\/","url":"https:\/\/www.boomkwekerijroelofs.nl\/pl\/kwaliteit\/opslag-en-transport\/","name":"Sk\u0142adowanie, pakowanie i transport - Roelofs Boomkwekerij (PL)","isPartOf":{"@id":"https:\/\/www.boomkwekerijroelofs.nl\/pl\/#website"},"primaryImageOfPage":{"@id":"https:\/\/www.boomkwekerijroelofs.nl\/pl\/kwaliteit\/opslag-en-transport\/#primaryimage"},"image":{"@id":"https:\/\/www.boomkwekerijroelofs.nl\/pl\/kwaliteit\/opslag-en-transport\/#primaryimage"},"thumbnailUrl":"https:\/\/www.boomkwekerijroelofs.nl\/wp-content\/uploads\/sites\/7\/2018\/10\/2018-opslag-en-transport-onderstammen3-e1540896985838.jpg","datePublished":"2017-07-20T12:52:05+00:00","dateModified":"2020-12-12T11:04:39+00:00","breadcrumb":{"@id":"https:\/\/www.boomkwekerijroelofs.nl\/pl\/kwaliteit\/opslag-en-transport\/#breadcrumb"},"inLanguage":"pl-PL","potentialAction":[{"@type":"ReadAction","target":["https:\/\/www.boomkwekerijroelofs.nl\/pl\/kwaliteit\/opslag-en-transport\/"]}]},{"@type":"ImageObject","inLanguage":"pl-PL","@id":"https:\/\/www.boomkwekerijroelofs.nl\/pl\/kwaliteit\/opslag-en-transport\/#primaryimage","url":"https:\/\/www.boomkwekerijroelofs.nl\/wp-content\/uploads\/sites\/7\/2018\/10\/2018-opslag-en-transport-onderstammen3-e1540896985838.jpg","contentUrl":"https:\/\/www.boomkwekerijroelofs.nl\/wp-content\/uploads\/sites\/7\/2018\/10\/2018-opslag-en-transport-onderstammen3-e1540896985838.jpg","width":1024,"height":343},{"@type":"BreadcrumbList","@id":"https:\/\/www.boomkwekerijroelofs.nl\/pl\/kwaliteit\/opslag-en-transport\/#breadcrumb","itemListElement":[{"@type":"ListItem","position":1,"name":"Home","item":"https:\/\/www.boomkwekerijroelofs.nl\/pl\/"},{"@type":"ListItem","position":2,"name":"Nasza jako\u015b\u0107","item":"https:\/\/www.boomkwekerijroelofs.nl\/pl\/kwaliteit\/"},{"@type":"ListItem","position":3,"name":"Sk\u0142adowanie, pakowanie i transport"}]},{"@type":"WebSite","@id":"https:\/\/www.boomkwekerijroelofs.nl\/pl\/#website","url":"https:\/\/www.boomkwekerijroelofs.nl\/pl\/","name":"Roelofs Boomkwekerij (PL)","description":"","potentialAction":[{"@type":"SearchAction","target":{"@type":"EntryPoint","urlTemplate":"https:\/\/www.boomkwekerijroelofs.nl\/pl\/?s={search_term_string}"},"query-input":{"@type":"PropertyValueSpecification","valueRequired":true,"valueName":"search_term_string"}}],"inLanguage":"pl-PL"}]}},"_links":{"self":[{"href":"https:\/\/www.boomkwekerijroelofs.nl\/pl\/wp-json\/wp\/v2\/pages\/108","targetHints":{"allow":["GET"]}}],"collection":[{"href":"https:\/\/www.boomkwekerijroelofs.nl\/pl\/wp-json\/wp\/v2\/pages"}],"about":[{"href":"https:\/\/www.boomkwekerijroelofs.nl\/pl\/wp-json\/wp\/v2\/types\/page"}],"author":[{"embeddable":true,"href":"https:\/\/www.boomkwekerijroelofs.nl\/pl\/wp-json\/wp\/v2\/users\/1"}],"replies":[{"embeddable":true,"href":"https:\/\/www.boomkwekerijroelofs.nl\/pl\/wp-json\/wp\/v2\/comments?post=108"}],"version-history":[{"count":14,"href":"https:\/\/www.boomkwekerijroelofs.nl\/pl\/wp-json\/wp\/v2\/pages\/108\/revisions"}],"predecessor-version":[{"id":754,"href":"https:\/\/www.boomkwekerijroelofs.nl\/pl\/wp-json\/wp\/v2\/pages\/108\/revisions\/754"}],"up":[{"embeddable":true,"href":"https:\/\/www.boomkwekerijroelofs.nl\/pl\/wp-json\/wp\/v2\/pages\/101"}],"wp:featuredmedia":[{"embeddable":true,"href":"https:\/\/www.boomkwekerijroelofs.nl\/pl\/wp-json\/wp\/v2\/media\/379"}],"wp:attachment":[{"href":"https:\/\/www.boomkwekerijroelofs.nl\/pl\/wp-json\/wp\/v2\/media?parent=108"}],"curies":[{"name":"wp","href":"https:\/\/api.w.org\/{rel}","templated":true}]}}