{"id":106,"date":"2017-07-20T14:51:11","date_gmt":"2017-07-20T12:51:11","guid":{"rendered":"https:\/\/www.boomkwekerijroelofs.nl\/pl\/?page_id=106"},"modified":"2020-08-27T19:42:58","modified_gmt":"2020-08-27T17:42:58","slug":"opkweek-van-bomen","status":"publish","type":"page","link":"https:\/\/www.boomkwekerijroelofs.nl\/pl\/kwaliteit\/opkweek-van-bomen\/","title":{"rendered":"Uprawa drzewek owocowych"},"content":{"rendered":"<p>\u017byzna i wspieraj\u0105ca rozw\u00f3j ro\u015blin glina morska z po\u0142udniowej cz\u0119\u015bci prowincji Flevoland ma wyj\u0105tkow\u0105 struktur\u0119. To doskona\u0142a podstawa do uprawy materia\u0142u wyj\u015bciowego o wysokiej jako\u015bci.<\/p>\n<p>Precyzyjna maszyna do sadzenia gwarantuje dok\u0142adny odst\u0119p pomi\u0119dzy ro\u015blinami i ich g\u0142\u0119boko\u015b\u0107. Dzi\u0119ki temu p\u0119dy rozwijaj\u0105 si\u0119 optymalnie we wszystkich kierunkach.<\/p>\n<p>Do uprawy drzewek u\u017cywamy g\u0142\u00f3wnie niezawieraj\u0105cych wirus\u00f3w zraz\u00f3w do szczepienia i okulizacji m. in. od <em><a href=\"http:\/\/vermeerderingstuinen.com\"><strong>Vermeerderingstuinen<\/strong> <strong>Nederland<\/strong><\/a><strong>.<\/strong><\/em> Po\u0142\u0105czenie z przystawk\u0105 to najmocniejsze po\u0142\u0105czenie pomi\u0119dzy podk\u0142adk\u0105 a zrazem, tworz\u0105c ten spos\u00f3b podstaw\u0119 do rozwoju jab\u0142oni w szk\u00f3\u0142ce. Grusze szczepi si\u0119 w sierpniu. W tym celu u\u017cywamy najlepiej pasuj\u0105cych podk\u0142adek z w\u0142asnego matecznika, poniewa\u017c jako\u015b\u0107 materia\u0142u wyj\u015bciowego ma du\u017cy wp\u0142yw na rozw\u00f3j drzewek w okresie wzrostu.<\/p>\n<div id=\"attachment_256\" style=\"width: 310px\" class=\"wp-caption alignleft\"><img loading=\"lazy\" decoding=\"async\" aria-describedby=\"caption-attachment-256\" class=\"size-medium wp-image-256\" src=\"https:\/\/www.boomkwekerijroelofs.nl\/wp-content\/uploads\/sites\/7\/2018\/08\/2018-opkweek-bomen-copulatie-met-tegentong1-e1540895938653-300x185.jpg\" alt=\"\" width=\"300\" height=\"185\" srcset=\"https:\/\/www.boomkwekerijroelofs.nl\/wp-content\/uploads\/sites\/7\/2018\/08\/2018-opkweek-bomen-copulatie-met-tegentong1-e1540895938653-300x185.jpg 300w, https:\/\/www.boomkwekerijroelofs.nl\/wp-content\/uploads\/sites\/7\/2018\/08\/2018-opkweek-bomen-copulatie-met-tegentong1-e1540895938653-768x474.jpg 768w, https:\/\/www.boomkwekerijroelofs.nl\/wp-content\/uploads\/sites\/7\/2018\/08\/2018-opkweek-bomen-copulatie-met-tegentong1-e1540895938653-1024x632.jpg 1024w\" sizes=\"auto, (max-width: 300px) 100vw, 300px\" \/><p id=\"caption-attachment-256\" class=\"wp-caption-text\">Po\u0142\u0105czenie z przystawk\u0105<\/p><\/div>\n<p>&nbsp;<\/p>\n<p>&nbsp;<\/p>\n<p>&nbsp;<\/p>\n<p>&nbsp;<\/p>\n<p>&nbsp;<\/p>\n<p>&nbsp;<\/p>\n<p>&nbsp;<\/p>\n<p><strong>Rozw\u00f3j drzewek w lecie<\/strong><\/p>\n<p>W fazie uprawy nadzorujemy jako\u015b\u0107 drzewek i podk\u0142adek, podejmuj\u0105c w razie potrzeby odpowiednie \u015brodki zapobiegawcze. Ka\u017cdy typ drzewa i ka\u017cdy gatunek ma swoje w\u0142asne potrzeby, gdy chodzi o zaplanowanie r\u00f3\u017cnych dzia\u0142a\u0144 zwi\u0105zanych z upraw\u0105. Przyk\u0142adem mo\u017ce by\u0107 tutaj sadzenie sadzonek, podwi\u0105zywanie drzewek, usuwanie p\u0119d\u00f3w, czyszczenie, selekcja, oczkowanie, usuwanie chwast\u00f3w i ochrona upraw.<\/p>\n<p><img loading=\"lazy\" decoding=\"async\" class=\"size-medium wp-image-361 alignleft\" src=\"https:\/\/www.boomkwekerijroelofs.nl\/wp-content\/uploads\/sites\/7\/2018\/10\/2018-opkweek-bomen-perenboom-4-300x200.jpg\" alt=\"\" width=\"300\" height=\"200\" srcset=\"https:\/\/www.boomkwekerijroelofs.nl\/wp-content\/uploads\/sites\/7\/2018\/10\/2018-opkweek-bomen-perenboom-4-300x200.jpg 300w, https:\/\/www.boomkwekerijroelofs.nl\/wp-content\/uploads\/sites\/7\/2018\/10\/2018-opkweek-bomen-perenboom-4-768x513.jpg 768w, https:\/\/www.boomkwekerijroelofs.nl\/wp-content\/uploads\/sites\/7\/2018\/10\/2018-opkweek-bomen-perenboom-4-1024x683.jpg 1024w\" sizes=\"auto, (max-width: 300px) 100vw, 300px\" \/><\/p>\n<p>&nbsp;<\/p>\n<p>&nbsp;<\/p>\n<p>&nbsp;<\/p>\n<p>&nbsp;<\/p>\n<p>&nbsp;<\/p>\n<p>&nbsp;<\/p>\n<p>Je\u017celi sadownicy maj\u0105 jakie\u015b szczeg\u00f3lne \u017cyczenia, dotycz\u0105ce na przyk\u0142ad wysoko\u015bci oczkowania, wysoko\u015bci ga\u0142\u0119zi albo kszta\u0142tu drzewek, w\u00f3wczas z g\u00f3ry je ustalamy. Uzgodnienie odpowiednio wcze\u015bniej wymaga\u0144 dla \u201edrzewek na miar\u0119\u201d stanowi dla nas wa\u017cny punkt wyj\u015bcia. Podstawowe wymagania dotycz\u0105ce jako\u015bci, kt\u00f3re musz\u0105 spe\u0142nia\u0107 drzewka, s\u0105 ustalone przez inspektorat ogrodniczy\u00a0<strong><em><a href=\"http:\/\/www.naktuinbouw.com\">NAK-Tuinbouw<\/a><\/em>,<\/strong> on r\u00f3wnie\u017c dokonuje ich kontroli. Dodatkowe wymagania zwi\u0105zane z jako\u015bci\u0105 ustala si\u0119 w porozumieniu z klientem. Kto chce przyj\u015b\u0107 i zobaczy\u0107 drzewka w naszej szk\u00f3\u0142ce, powinien to zrobi\u0107 najlepiej przed samym ich zebraniem.<\/p>\n<p>&nbsp;<\/p>\n<p><strong>Kontrola<\/strong><\/p>\n<p>Ro\u015bliny podlegaj\u0105 intensywnej kontroli przez ca\u0142\u0105 faz\u0119 uprawy. Nasi pracownicy do spraw jako\u015bci zwracaj\u0105 przy tym uwag\u0119 na rozpoznawalne na zewn\u0105trz choroby, czysto\u015b\u0107 odmiany, \u017cywotno\u015b\u0107 oraz zr\u00f3wnowa\u017con\u0105 si\u0142\u0119 wzrostu. Kontroler z inspektoratu ogrodniczego <a href=\"https:\/\/www.naktuinbouw.com\/\"><em><strong>NAK-Tuinbouw<\/strong> <\/em><\/a>przeprowadza kontrol\u0119 zewn\u0119trzn\u0105. Bada on wszystkie drzewka i podk\u0142adki pod k\u0105tem jako\u015bci zewn\u0119trznej i wewn\u0119trznej. Wszelkie nieprawid\u0142owo\u015bci rejestruje zar\u00f3wno kontroler jak i nasi specjali\u015bci do spraw jako\u015bci, po czym podejmowane s\u0105 odpowiednie dzia\u0142ania. Podczas wykopywania i sortowania zatwierdzone drzewka s\u0105 opatrywane paskiem kontrolnym <a href=\"https:\/\/www.naktuinbouw.com\/\"><em><strong>NAK-Tuinbouw<\/strong><\/em><\/a>.<\/p>\n<p><strong> <img loading=\"lazy\" decoding=\"async\" class=\"size-medium wp-image-339 alignleft\" src=\"https:\/\/www.boomkwekerijroelofs.nl\/wp-content\/uploads\/sites\/7\/2018\/09\/2018-kwaliteitsstrategie-inspectie-blad-300x196.jpg\" alt=\"\" width=\"300\" height=\"196\" srcset=\"https:\/\/www.boomkwekerijroelofs.nl\/wp-content\/uploads\/sites\/7\/2018\/09\/2018-kwaliteitsstrategie-inspectie-blad-300x196.jpg 300w, https:\/\/www.boomkwekerijroelofs.nl\/wp-content\/uploads\/sites\/7\/2018\/09\/2018-kwaliteitsstrategie-inspectie-blad-768x503.jpg 768w, https:\/\/www.boomkwekerijroelofs.nl\/wp-content\/uploads\/sites\/7\/2018\/09\/2018-kwaliteitsstrategie-inspectie-blad-1024x670.jpg 1024w\" sizes=\"auto, (max-width: 300px) 100vw, 300px\" \/><\/strong><\/p>\n<p>&nbsp;<\/p>\n<p>&nbsp;<\/p>\n<p>&nbsp;<\/p>\n<p>&nbsp;<\/p>\n<p>&nbsp;<\/p>\n<p>&nbsp;<\/p>\n<p><strong>Wykopywanie<\/strong><\/p>\n<p>Drzewka owocowe wykopuje si\u0119 przy pomocy specjalnie zaprojektowanego urz\u0105dzenia na ta\u015bm\u0119 zaciskow\u0105. Wa\u017cne jest, by podczas wykopywania nie by\u0142o zbyt wiele li\u015bci na drzewach, gdy\u017c w przeciwnym razie istnieje niebezpiecze\u0144stwo wyschni\u0119cia b\u0105d\u017a przegrzania. Prawid\u0142owo dojrza\u0142e drzewo jest mniej wra\u017cliwe i ro\u015bnie lepiej.<\/p>\n<div id=\"attachment_260\" style=\"width: 310px\" class=\"wp-caption alignleft\"><img loading=\"lazy\" decoding=\"async\" aria-describedby=\"caption-attachment-260\" class=\"size-medium wp-image-260\" src=\"https:\/\/www.boomkwekerijroelofs.nl\/wp-content\/uploads\/sites\/7\/2018\/08\/2018-opkweek-bomen-rooien-appelbomen2-300x169.jpg\" alt=\"\" width=\"300\" height=\"169\" srcset=\"https:\/\/www.boomkwekerijroelofs.nl\/wp-content\/uploads\/sites\/7\/2018\/08\/2018-opkweek-bomen-rooien-appelbomen2-300x169.jpg 300w, https:\/\/www.boomkwekerijroelofs.nl\/wp-content\/uploads\/sites\/7\/2018\/08\/2018-opkweek-bomen-rooien-appelbomen2-768x432.jpg 768w, https:\/\/www.boomkwekerijroelofs.nl\/wp-content\/uploads\/sites\/7\/2018\/08\/2018-opkweek-bomen-rooien-appelbomen2-1024x576.jpg 1024w, https:\/\/www.boomkwekerijroelofs.nl\/wp-content\/uploads\/sites\/7\/2018\/08\/2018-opkweek-bomen-rooien-appelbomen2.jpg 1600w\" sizes=\"auto, (max-width: 300px) 100vw, 300px\" \/><p id=\"caption-attachment-260\" class=\"wp-caption-text\">Wykopywanie jab\u0142onie<\/p><\/div>\n","protected":false},"excerpt":{"rendered":"<p>\u017byzna i wspieraj\u0105ca rozw\u00f3j ro\u015blin glina morska z po\u0142udniowej cz\u0119\u015bci prowincji Flevoland ma wyj\u0105tkow\u0105 struktur\u0119. To doskona\u0142a podstawa do uprawy materia\u0142u wyj\u015bciowego o wysokiej jako\u015bci. Precyzyjna maszyna do sadzenia gwarantuje dok\u0142adny odst\u0119p pomi\u0119dzy ro\u015blinami i ich g\u0142\u0119boko\u015b\u0107. Dzi\u0119ki temu p\u0119dy rozwijaj\u0105 si\u0119 optymalnie we wszystkich kierunkach. Do uprawy drzewek u\u017cywamy g\u0142\u00f3wnie niezawieraj\u0105cych wirus\u00f3w zraz\u00f3w do [&hellip;]<\/p>\n","protected":false},"author":1,"featured_media":387,"parent":101,"menu_order":0,"comment_status":"closed","ping_status":"closed","template":"","meta":{"_acf_changed":false,"footnotes":""},"class_list":["post-106","page","type-page","status-publish","has-post-thumbnail","hentry"],"acf":[],"yoast_head":"<!-- This site is optimized with the Yoast SEO plugin v27.5 - https:\/\/yoast.com\/product\/yoast-seo-wordpress\/ -->\n<title>Uprawa drzewek owocowych - Roelofs Boomkwekerij (PL)<\/title>\n<meta name=\"robots\" content=\"index, follow, max-snippet:-1, max-image-preview:large, max-video-preview:-1\" \/>\n<link rel=\"canonical\" href=\"https:\/\/www.boomkwekerijroelofs.nl\/pl\/kwaliteit\/opkweek-van-bomen\/\" \/>\n<meta property=\"og:locale\" content=\"pl_PL\" \/>\n<meta property=\"og:type\" content=\"article\" \/>\n<meta property=\"og:title\" content=\"Uprawa drzewek owocowych - Roelofs Boomkwekerij (PL)\" \/>\n<meta property=\"og:description\" content=\"\u017byzna i wspieraj\u0105ca rozw\u00f3j ro\u015blin glina morska z po\u0142udniowej cz\u0119\u015bci prowincji Flevoland ma wyj\u0105tkow\u0105 struktur\u0119. To doskona\u0142a podstawa do uprawy materia\u0142u wyj\u015bciowego o wysokiej jako\u015bci. Precyzyjna maszyna do sadzenia gwarantuje dok\u0142adny odst\u0119p pomi\u0119dzy ro\u015blinami i ich g\u0142\u0119boko\u015b\u0107. Dzi\u0119ki temu p\u0119dy rozwijaj\u0105 si\u0119 optymalnie we wszystkich kierunkach. Do uprawy drzewek u\u017cywamy g\u0142\u00f3wnie niezawieraj\u0105cych wirus\u00f3w zraz\u00f3w do [&hellip;]\" \/>\n<meta property=\"og:url\" content=\"https:\/\/www.boomkwekerijroelofs.nl\/pl\/kwaliteit\/opkweek-van-bomen\/\" \/>\n<meta property=\"og:site_name\" content=\"Roelofs Boomkwekerij (PL)\" \/>\n<meta property=\"article:modified_time\" content=\"2020-08-27T17:42:58+00:00\" \/>\n<meta property=\"og:image\" content=\"https:\/\/www.boomkwekerijroelofs.nl\/wp-content\/uploads\/sites\/7\/2018\/10\/2018-opkweek-bomen-perenboom-vastzetten2-1024x683.jpg\" \/>\n\t<meta property=\"og:image:width\" content=\"1024\" \/>\n\t<meta property=\"og:image:height\" content=\"683\" \/>\n\t<meta property=\"og:image:type\" content=\"image\/jpeg\" \/>\n<meta name=\"twitter:card\" content=\"summary_large_image\" \/>\n<meta name=\"twitter:label1\" content=\"Szacowany czas czytania\" \/>\n\t<meta name=\"twitter:data1\" content=\"3 minuty\" \/>\n<script type=\"application\/ld+json\" class=\"yoast-schema-graph\">{\"@context\":\"https:\\\/\\\/schema.org\",\"@graph\":[{\"@type\":\"WebPage\",\"@id\":\"https:\\\/\\\/www.boomkwekerijroelofs.nl\\\/pl\\\/kwaliteit\\\/opkweek-van-bomen\\\/\",\"url\":\"https:\\\/\\\/www.boomkwekerijroelofs.nl\\\/pl\\\/kwaliteit\\\/opkweek-van-bomen\\\/\",\"name\":\"Uprawa drzewek owocowych - Roelofs Boomkwekerij (PL)\",\"isPartOf\":{\"@id\":\"https:\\\/\\\/www.boomkwekerijroelofs.nl\\\/pl\\\/#website\"},\"primaryImageOfPage\":{\"@id\":\"https:\\\/\\\/www.boomkwekerijroelofs.nl\\\/pl\\\/kwaliteit\\\/opkweek-van-bomen\\\/#primaryimage\"},\"image\":{\"@id\":\"https:\\\/\\\/www.boomkwekerijroelofs.nl\\\/pl\\\/kwaliteit\\\/opkweek-van-bomen\\\/#primaryimage\"},\"thumbnailUrl\":\"https:\\\/\\\/www.boomkwekerijroelofs.nl\\\/wp-content\\\/uploads\\\/sites\\\/7\\\/2018\\\/10\\\/2018-opkweek-bomen-perenboom-vastzetten2.jpg\",\"datePublished\":\"2017-07-20T12:51:11+00:00\",\"dateModified\":\"2020-08-27T17:42:58+00:00\",\"breadcrumb\":{\"@id\":\"https:\\\/\\\/www.boomkwekerijroelofs.nl\\\/pl\\\/kwaliteit\\\/opkweek-van-bomen\\\/#breadcrumb\"},\"inLanguage\":\"pl-PL\",\"potentialAction\":[{\"@type\":\"ReadAction\",\"target\":[\"https:\\\/\\\/www.boomkwekerijroelofs.nl\\\/pl\\\/kwaliteit\\\/opkweek-van-bomen\\\/\"]}]},{\"@type\":\"ImageObject\",\"inLanguage\":\"pl-PL\",\"@id\":\"https:\\\/\\\/www.boomkwekerijroelofs.nl\\\/pl\\\/kwaliteit\\\/opkweek-van-bomen\\\/#primaryimage\",\"url\":\"https:\\\/\\\/www.boomkwekerijroelofs.nl\\\/wp-content\\\/uploads\\\/sites\\\/7\\\/2018\\\/10\\\/2018-opkweek-bomen-perenboom-vastzetten2.jpg\",\"contentUrl\":\"https:\\\/\\\/www.boomkwekerijroelofs.nl\\\/wp-content\\\/uploads\\\/sites\\\/7\\\/2018\\\/10\\\/2018-opkweek-bomen-perenboom-vastzetten2.jpg\",\"width\":3539,\"height\":2362},{\"@type\":\"BreadcrumbList\",\"@id\":\"https:\\\/\\\/www.boomkwekerijroelofs.nl\\\/pl\\\/kwaliteit\\\/opkweek-van-bomen\\\/#breadcrumb\",\"itemListElement\":[{\"@type\":\"ListItem\",\"position\":1,\"name\":\"Home\",\"item\":\"https:\\\/\\\/www.boomkwekerijroelofs.nl\\\/pl\\\/\"},{\"@type\":\"ListItem\",\"position\":2,\"name\":\"Nasza jako\u015b\u0107\",\"item\":\"https:\\\/\\\/www.boomkwekerijroelofs.nl\\\/pl\\\/kwaliteit\\\/\"},{\"@type\":\"ListItem\",\"position\":3,\"name\":\"Uprawa drzewek owocowych\"}]},{\"@type\":\"WebSite\",\"@id\":\"https:\\\/\\\/www.boomkwekerijroelofs.nl\\\/pl\\\/#website\",\"url\":\"https:\\\/\\\/www.boomkwekerijroelofs.nl\\\/pl\\\/\",\"name\":\"Roelofs Boomkwekerij (PL)\",\"description\":\"\",\"potentialAction\":[{\"@type\":\"SearchAction\",\"target\":{\"@type\":\"EntryPoint\",\"urlTemplate\":\"https:\\\/\\\/www.boomkwekerijroelofs.nl\\\/pl\\\/?s={search_term_string}\"},\"query-input\":{\"@type\":\"PropertyValueSpecification\",\"valueRequired\":true,\"valueName\":\"search_term_string\"}}],\"inLanguage\":\"pl-PL\"}]}<\/script>\n<!-- \/ Yoast SEO plugin. -->","yoast_head_json":{"title":"Uprawa drzewek owocowych - Roelofs Boomkwekerij (PL)","robots":{"index":"index","follow":"follow","max-snippet":"max-snippet:-1","max-image-preview":"max-image-preview:large","max-video-preview":"max-video-preview:-1"},"canonical":"https:\/\/www.boomkwekerijroelofs.nl\/pl\/kwaliteit\/opkweek-van-bomen\/","og_locale":"pl_PL","og_type":"article","og_title":"Uprawa drzewek owocowych - Roelofs Boomkwekerij (PL)","og_description":"\u017byzna i wspieraj\u0105ca rozw\u00f3j ro\u015blin glina morska z po\u0142udniowej cz\u0119\u015bci prowincji Flevoland ma wyj\u0105tkow\u0105 struktur\u0119. To doskona\u0142a podstawa do uprawy materia\u0142u wyj\u015bciowego o wysokiej jako\u015bci. Precyzyjna maszyna do sadzenia gwarantuje dok\u0142adny odst\u0119p pomi\u0119dzy ro\u015blinami i ich g\u0142\u0119boko\u015b\u0107. Dzi\u0119ki temu p\u0119dy rozwijaj\u0105 si\u0119 optymalnie we wszystkich kierunkach. Do uprawy drzewek u\u017cywamy g\u0142\u00f3wnie niezawieraj\u0105cych wirus\u00f3w zraz\u00f3w do [&hellip;]","og_url":"https:\/\/www.boomkwekerijroelofs.nl\/pl\/kwaliteit\/opkweek-van-bomen\/","og_site_name":"Roelofs Boomkwekerij (PL)","article_modified_time":"2020-08-27T17:42:58+00:00","og_image":[{"width":1024,"height":683,"url":"https:\/\/www.boomkwekerijroelofs.nl\/wp-content\/uploads\/sites\/7\/2018\/10\/2018-opkweek-bomen-perenboom-vastzetten2-1024x683.jpg","type":"image\/jpeg"}],"twitter_card":"summary_large_image","twitter_misc":{"Szacowany czas czytania":"3 minuty"},"schema":{"@context":"https:\/\/schema.org","@graph":[{"@type":"WebPage","@id":"https:\/\/www.boomkwekerijroelofs.nl\/pl\/kwaliteit\/opkweek-van-bomen\/","url":"https:\/\/www.boomkwekerijroelofs.nl\/pl\/kwaliteit\/opkweek-van-bomen\/","name":"Uprawa drzewek owocowych - Roelofs Boomkwekerij (PL)","isPartOf":{"@id":"https:\/\/www.boomkwekerijroelofs.nl\/pl\/#website"},"primaryImageOfPage":{"@id":"https:\/\/www.boomkwekerijroelofs.nl\/pl\/kwaliteit\/opkweek-van-bomen\/#primaryimage"},"image":{"@id":"https:\/\/www.boomkwekerijroelofs.nl\/pl\/kwaliteit\/opkweek-van-bomen\/#primaryimage"},"thumbnailUrl":"https:\/\/www.boomkwekerijroelofs.nl\/wp-content\/uploads\/sites\/7\/2018\/10\/2018-opkweek-bomen-perenboom-vastzetten2.jpg","datePublished":"2017-07-20T12:51:11+00:00","dateModified":"2020-08-27T17:42:58+00:00","breadcrumb":{"@id":"https:\/\/www.boomkwekerijroelofs.nl\/pl\/kwaliteit\/opkweek-van-bomen\/#breadcrumb"},"inLanguage":"pl-PL","potentialAction":[{"@type":"ReadAction","target":["https:\/\/www.boomkwekerijroelofs.nl\/pl\/kwaliteit\/opkweek-van-bomen\/"]}]},{"@type":"ImageObject","inLanguage":"pl-PL","@id":"https:\/\/www.boomkwekerijroelofs.nl\/pl\/kwaliteit\/opkweek-van-bomen\/#primaryimage","url":"https:\/\/www.boomkwekerijroelofs.nl\/wp-content\/uploads\/sites\/7\/2018\/10\/2018-opkweek-bomen-perenboom-vastzetten2.jpg","contentUrl":"https:\/\/www.boomkwekerijroelofs.nl\/wp-content\/uploads\/sites\/7\/2018\/10\/2018-opkweek-bomen-perenboom-vastzetten2.jpg","width":3539,"height":2362},{"@type":"BreadcrumbList","@id":"https:\/\/www.boomkwekerijroelofs.nl\/pl\/kwaliteit\/opkweek-van-bomen\/#breadcrumb","itemListElement":[{"@type":"ListItem","position":1,"name":"Home","item":"https:\/\/www.boomkwekerijroelofs.nl\/pl\/"},{"@type":"ListItem","position":2,"name":"Nasza jako\u015b\u0107","item":"https:\/\/www.boomkwekerijroelofs.nl\/pl\/kwaliteit\/"},{"@type":"ListItem","position":3,"name":"Uprawa drzewek owocowych"}]},{"@type":"WebSite","@id":"https:\/\/www.boomkwekerijroelofs.nl\/pl\/#website","url":"https:\/\/www.boomkwekerijroelofs.nl\/pl\/","name":"Roelofs Boomkwekerij (PL)","description":"","potentialAction":[{"@type":"SearchAction","target":{"@type":"EntryPoint","urlTemplate":"https:\/\/www.boomkwekerijroelofs.nl\/pl\/?s={search_term_string}"},"query-input":{"@type":"PropertyValueSpecification","valueRequired":true,"valueName":"search_term_string"}}],"inLanguage":"pl-PL"}]}},"_links":{"self":[{"href":"https:\/\/www.boomkwekerijroelofs.nl\/pl\/wp-json\/wp\/v2\/pages\/106","targetHints":{"allow":["GET"]}}],"collection":[{"href":"https:\/\/www.boomkwekerijroelofs.nl\/pl\/wp-json\/wp\/v2\/pages"}],"about":[{"href":"https:\/\/www.boomkwekerijroelofs.nl\/pl\/wp-json\/wp\/v2\/types\/page"}],"author":[{"embeddable":true,"href":"https:\/\/www.boomkwekerijroelofs.nl\/pl\/wp-json\/wp\/v2\/users\/1"}],"replies":[{"embeddable":true,"href":"https:\/\/www.boomkwekerijroelofs.nl\/pl\/wp-json\/wp\/v2\/comments?post=106"}],"version-history":[{"count":35,"href":"https:\/\/www.boomkwekerijroelofs.nl\/pl\/wp-json\/wp\/v2\/pages\/106\/revisions"}],"predecessor-version":[{"id":655,"href":"https:\/\/www.boomkwekerijroelofs.nl\/pl\/wp-json\/wp\/v2\/pages\/106\/revisions\/655"}],"up":[{"embeddable":true,"href":"https:\/\/www.boomkwekerijroelofs.nl\/pl\/wp-json\/wp\/v2\/pages\/101"}],"wp:featuredmedia":[{"embeddable":true,"href":"https:\/\/www.boomkwekerijroelofs.nl\/pl\/wp-json\/wp\/v2\/media\/387"}],"wp:attachment":[{"href":"https:\/\/www.boomkwekerijroelofs.nl\/pl\/wp-json\/wp\/v2\/media?parent=106"}],"curies":[{"name":"wp","href":"https:\/\/api.w.org\/{rel}","templated":true}]}}