{"id":104,"date":"2017-07-20T14:49:52","date_gmt":"2017-07-20T12:49:52","guid":{"rendered":"https:\/\/www.boomkwekerijroelofs.nl\/pl\/?page_id=104"},"modified":"2020-09-01T14:15:24","modified_gmt":"2020-09-01T12:15:24","slug":"fertigatie","status":"publish","type":"page","link":"https:\/\/www.boomkwekerijroelofs.nl\/pl\/kwaliteit\/fertigatie\/","title":{"rendered":"Fertygacja"},"content":{"rendered":"<p>Gdy tylko ro\u015bliny trafiaj\u0105 do gruntu, w razie potrzeby s\u0105 podlewane. W tym celu we wszystkich lokalizacjach naszych szk\u00f3\u0142ek s\u0105 dost\u0119pne instalacje nawadniaj\u0105ce.\u00a0Od 2012 roku pracujemy w naszych szk\u00f3\u0142kach drzewek z u\u017cyciem fertygacji, dzi\u0119ki czemu woda i substancje od\u017cywcze w optymalnym sk\u0142adzie trafiaj\u0105 bezpo\u015brednio do ro\u015bliny w gruncie.<\/p>\n<p><img loading=\"lazy\" decoding=\"async\" class=\"size-medium wp-image-339 alignleft\" src=\"https:\/\/www.boomkwekerijroelofs.nl\/wp-content\/uploads\/sites\/7\/2018\/09\/2018-kwaliteitsstrategie-inspectie-blad-300x196.jpg\" alt=\"\" width=\"300\" height=\"196\" srcset=\"https:\/\/www.boomkwekerijroelofs.nl\/wp-content\/uploads\/sites\/7\/2018\/09\/2018-kwaliteitsstrategie-inspectie-blad-300x196.jpg 300w, https:\/\/www.boomkwekerijroelofs.nl\/wp-content\/uploads\/sites\/7\/2018\/09\/2018-kwaliteitsstrategie-inspectie-blad-768x503.jpg 768w, https:\/\/www.boomkwekerijroelofs.nl\/wp-content\/uploads\/sites\/7\/2018\/09\/2018-kwaliteitsstrategie-inspectie-blad-1024x670.jpg 1024w\" sizes=\"auto, (max-width: 300px) 100vw, 300px\" \/><\/p>\n<p>&nbsp;<\/p>\n<p>&nbsp;<\/p>\n<p>&nbsp;<\/p>\n<p>&nbsp;<\/p>\n<p>&nbsp;<\/p>\n<p>&nbsp;<\/p>\n<p>Fertygacja ma r\u00f3\u017cne zalety:<\/p>\n<ul>\n<li>ro\u015bliny pozostaj\u0105 suche, a wi\u0119c ryzyko infekcji ze strony patogen\u00f3w grzybowych jest mniejsze<\/li>\n<li>woda i sk\u0142adniki od\u017cywcze s\u0105 dostarczane w spos\u00f3b dobrany dla danego miejsca w strefie ukorzenienia<\/li>\n<li>lepsze dostosowanie ilo\u015bci wody i substancji od\u017cywczych do potrzeb uprawy<\/li>\n<li>efektywniejsze wykorzystanie wody i substancji od\u017cywczych<\/li>\n<li>\u017cywotne, a tym samym zdrowe drzewo\n<ul>\n<li>r\u00f3wnomierny rozw\u00f3j ro\u015blin i ich zahartowanie<\/li>\n<li>wystarczaj\u0105cy rozw\u00f3j drzewka na d\u0142ugo\u015b\u0107 i rozw\u00f3j p\u0119d\u00f3w bocznych<\/li>\n<li>wystarczaj\u0105cy rozw\u00f3j grubo\u015bci pnia drzewka i rozw\u00f3j p\u0119d\u00f3w bocznych<\/li>\n<\/ul>\n<\/li>\n<\/ul>\n<p>&nbsp;<\/p>\n<p><a href=\"https:\/\/www.boomkwekerijroelofs.nl\/pl\/wp-content\/uploads\/2018\/09\/2018-fertigatie-kranenset.png\"><img loading=\"lazy\" decoding=\"async\" class=\"alignleft wp-image-333 size-medium\" src=\"https:\/\/www.boomkwekerijroelofs.nl\/pl\/wp-content\/uploads\/2018\/09\/2018-fertigatie-kranenset-300x167.png\" alt=\"\" width=\"300\" height=\"167\" srcset=\"https:\/\/www.boomkwekerijroelofs.nl\/wp-content\/uploads\/sites\/7\/2018\/09\/2018-fertigatie-kranenset-300x167.png 300w, https:\/\/www.boomkwekerijroelofs.nl\/wp-content\/uploads\/sites\/7\/2018\/09\/2018-fertigatie-kranenset-768x427.png 768w, https:\/\/www.boomkwekerijroelofs.nl\/wp-content\/uploads\/sites\/7\/2018\/09\/2018-fertigatie-kranenset-1024x569.png 1024w, https:\/\/www.boomkwekerijroelofs.nl\/wp-content\/uploads\/sites\/7\/2018\/09\/2018-fertigatie-kranenset.png 2000w\" sizes=\"auto, (max-width: 300px) 100vw, 300px\" \/><\/a><\/p>\n","protected":false},"excerpt":{"rendered":"<p>Gdy tylko ro\u015bliny trafiaj\u0105 do gruntu, w razie potrzeby s\u0105 podlewane. W tym celu we wszystkich lokalizacjach naszych szk\u00f3\u0142ek s\u0105 dost\u0119pne instalacje nawadniaj\u0105ce.\u00a0Od 2012 roku pracujemy w naszych szk\u00f3\u0142kach drzewek z u\u017cyciem fertygacji, dzi\u0119ki czemu woda i substancje od\u017cywcze w optymalnym sk\u0142adzie trafiaj\u0105 bezpo\u015brednio do ro\u015bliny w gruncie. &nbsp; &nbsp; &nbsp; &nbsp; &nbsp; &nbsp; Fertygacja [&hellip;]<\/p>\n","protected":false},"author":1,"featured_media":372,"parent":101,"menu_order":0,"comment_status":"closed","ping_status":"closed","template":"","meta":{"_acf_changed":false,"footnotes":""},"class_list":["post-104","page","type-page","status-publish","has-post-thumbnail","hentry"],"acf":[],"yoast_head":"<!-- This site is optimized with the Yoast SEO plugin v27.5 - https:\/\/yoast.com\/product\/yoast-seo-wordpress\/ -->\n<title>Fertygacja - Roelofs Boomkwekerij (PL)<\/title>\n<meta name=\"robots\" content=\"index, follow, max-snippet:-1, max-image-preview:large, max-video-preview:-1\" \/>\n<link rel=\"canonical\" href=\"https:\/\/www.boomkwekerijroelofs.nl\/pl\/kwaliteit\/fertigatie\/\" \/>\n<meta property=\"og:locale\" content=\"pl_PL\" \/>\n<meta property=\"og:type\" content=\"article\" \/>\n<meta property=\"og:title\" content=\"Fertygacja - Roelofs Boomkwekerij (PL)\" \/>\n<meta property=\"og:description\" content=\"Gdy tylko ro\u015bliny trafiaj\u0105 do gruntu, w razie potrzeby s\u0105 podlewane. W tym celu we wszystkich lokalizacjach naszych szk\u00f3\u0142ek s\u0105 dost\u0119pne instalacje nawadniaj\u0105ce.\u00a0Od 2012 roku pracujemy w naszych szk\u00f3\u0142kach drzewek z u\u017cyciem fertygacji, dzi\u0119ki czemu woda i substancje od\u017cywcze w optymalnym sk\u0142adzie trafiaj\u0105 bezpo\u015brednio do ro\u015bliny w gruncie. &nbsp; &nbsp; &nbsp; &nbsp; &nbsp; &nbsp; Fertygacja [&hellip;]\" \/>\n<meta property=\"og:url\" content=\"https:\/\/www.boomkwekerijroelofs.nl\/pl\/kwaliteit\/fertigatie\/\" \/>\n<meta property=\"og:site_name\" content=\"Roelofs Boomkwekerij (PL)\" \/>\n<meta property=\"article:modified_time\" content=\"2020-09-01T12:15:24+00:00\" \/>\n<meta property=\"og:image\" content=\"https:\/\/www.boomkwekerijroelofs.nl\/wp-content\/uploads\/sites\/7\/2018\/10\/2018-fertigatie-kranenset-e1540895756111.png\" \/>\n\t<meta property=\"og:image:width\" content=\"2000\" \/>\n\t<meta property=\"og:image:height\" content=\"600\" \/>\n\t<meta property=\"og:image:type\" content=\"image\/png\" \/>\n<meta name=\"twitter:card\" content=\"summary_large_image\" \/>\n<meta name=\"twitter:label1\" content=\"Szacowany czas czytania\" \/>\n\t<meta name=\"twitter:data1\" content=\"1 minuta\" \/>\n<script type=\"application\/ld+json\" class=\"yoast-schema-graph\">{\"@context\":\"https:\\\/\\\/schema.org\",\"@graph\":[{\"@type\":\"WebPage\",\"@id\":\"https:\\\/\\\/www.boomkwekerijroelofs.nl\\\/pl\\\/kwaliteit\\\/fertigatie\\\/\",\"url\":\"https:\\\/\\\/www.boomkwekerijroelofs.nl\\\/pl\\\/kwaliteit\\\/fertigatie\\\/\",\"name\":\"Fertygacja - Roelofs Boomkwekerij (PL)\",\"isPartOf\":{\"@id\":\"https:\\\/\\\/www.boomkwekerijroelofs.nl\\\/pl\\\/#website\"},\"primaryImageOfPage\":{\"@id\":\"https:\\\/\\\/www.boomkwekerijroelofs.nl\\\/pl\\\/kwaliteit\\\/fertigatie\\\/#primaryimage\"},\"image\":{\"@id\":\"https:\\\/\\\/www.boomkwekerijroelofs.nl\\\/pl\\\/kwaliteit\\\/fertigatie\\\/#primaryimage\"},\"thumbnailUrl\":\"https:\\\/\\\/www.boomkwekerijroelofs.nl\\\/wp-content\\\/uploads\\\/sites\\\/7\\\/2018\\\/10\\\/2018-fertigatie-kranenset-e1540895756111.png\",\"datePublished\":\"2017-07-20T12:49:52+00:00\",\"dateModified\":\"2020-09-01T12:15:24+00:00\",\"breadcrumb\":{\"@id\":\"https:\\\/\\\/www.boomkwekerijroelofs.nl\\\/pl\\\/kwaliteit\\\/fertigatie\\\/#breadcrumb\"},\"inLanguage\":\"pl-PL\",\"potentialAction\":[{\"@type\":\"ReadAction\",\"target\":[\"https:\\\/\\\/www.boomkwekerijroelofs.nl\\\/pl\\\/kwaliteit\\\/fertigatie\\\/\"]}]},{\"@type\":\"ImageObject\",\"inLanguage\":\"pl-PL\",\"@id\":\"https:\\\/\\\/www.boomkwekerijroelofs.nl\\\/pl\\\/kwaliteit\\\/fertigatie\\\/#primaryimage\",\"url\":\"https:\\\/\\\/www.boomkwekerijroelofs.nl\\\/wp-content\\\/uploads\\\/sites\\\/7\\\/2018\\\/10\\\/2018-fertigatie-kranenset-e1540895756111.png\",\"contentUrl\":\"https:\\\/\\\/www.boomkwekerijroelofs.nl\\\/wp-content\\\/uploads\\\/sites\\\/7\\\/2018\\\/10\\\/2018-fertigatie-kranenset-e1540895756111.png\",\"width\":2000,\"height\":600},{\"@type\":\"BreadcrumbList\",\"@id\":\"https:\\\/\\\/www.boomkwekerijroelofs.nl\\\/pl\\\/kwaliteit\\\/fertigatie\\\/#breadcrumb\",\"itemListElement\":[{\"@type\":\"ListItem\",\"position\":1,\"name\":\"Home\",\"item\":\"https:\\\/\\\/www.boomkwekerijroelofs.nl\\\/pl\\\/\"},{\"@type\":\"ListItem\",\"position\":2,\"name\":\"Nasza jako\u015b\u0107\",\"item\":\"https:\\\/\\\/www.boomkwekerijroelofs.nl\\\/pl\\\/kwaliteit\\\/\"},{\"@type\":\"ListItem\",\"position\":3,\"name\":\"Fertygacja\"}]},{\"@type\":\"WebSite\",\"@id\":\"https:\\\/\\\/www.boomkwekerijroelofs.nl\\\/pl\\\/#website\",\"url\":\"https:\\\/\\\/www.boomkwekerijroelofs.nl\\\/pl\\\/\",\"name\":\"Roelofs Boomkwekerij (PL)\",\"description\":\"\",\"potentialAction\":[{\"@type\":\"SearchAction\",\"target\":{\"@type\":\"EntryPoint\",\"urlTemplate\":\"https:\\\/\\\/www.boomkwekerijroelofs.nl\\\/pl\\\/?s={search_term_string}\"},\"query-input\":{\"@type\":\"PropertyValueSpecification\",\"valueRequired\":true,\"valueName\":\"search_term_string\"}}],\"inLanguage\":\"pl-PL\"}]}<\/script>\n<!-- \/ Yoast SEO plugin. -->","yoast_head_json":{"title":"Fertygacja - Roelofs Boomkwekerij (PL)","robots":{"index":"index","follow":"follow","max-snippet":"max-snippet:-1","max-image-preview":"max-image-preview:large","max-video-preview":"max-video-preview:-1"},"canonical":"https:\/\/www.boomkwekerijroelofs.nl\/pl\/kwaliteit\/fertigatie\/","og_locale":"pl_PL","og_type":"article","og_title":"Fertygacja - Roelofs Boomkwekerij (PL)","og_description":"Gdy tylko ro\u015bliny trafiaj\u0105 do gruntu, w razie potrzeby s\u0105 podlewane. W tym celu we wszystkich lokalizacjach naszych szk\u00f3\u0142ek s\u0105 dost\u0119pne instalacje nawadniaj\u0105ce.\u00a0Od 2012 roku pracujemy w naszych szk\u00f3\u0142kach drzewek z u\u017cyciem fertygacji, dzi\u0119ki czemu woda i substancje od\u017cywcze w optymalnym sk\u0142adzie trafiaj\u0105 bezpo\u015brednio do ro\u015bliny w gruncie. &nbsp; &nbsp; &nbsp; &nbsp; &nbsp; &nbsp; Fertygacja [&hellip;]","og_url":"https:\/\/www.boomkwekerijroelofs.nl\/pl\/kwaliteit\/fertigatie\/","og_site_name":"Roelofs Boomkwekerij (PL)","article_modified_time":"2020-09-01T12:15:24+00:00","og_image":[{"width":2000,"height":600,"url":"https:\/\/www.boomkwekerijroelofs.nl\/wp-content\/uploads\/sites\/7\/2018\/10\/2018-fertigatie-kranenset-e1540895756111.png","type":"image\/png"}],"twitter_card":"summary_large_image","twitter_misc":{"Szacowany czas czytania":"1 minuta"},"schema":{"@context":"https:\/\/schema.org","@graph":[{"@type":"WebPage","@id":"https:\/\/www.boomkwekerijroelofs.nl\/pl\/kwaliteit\/fertigatie\/","url":"https:\/\/www.boomkwekerijroelofs.nl\/pl\/kwaliteit\/fertigatie\/","name":"Fertygacja - Roelofs Boomkwekerij (PL)","isPartOf":{"@id":"https:\/\/www.boomkwekerijroelofs.nl\/pl\/#website"},"primaryImageOfPage":{"@id":"https:\/\/www.boomkwekerijroelofs.nl\/pl\/kwaliteit\/fertigatie\/#primaryimage"},"image":{"@id":"https:\/\/www.boomkwekerijroelofs.nl\/pl\/kwaliteit\/fertigatie\/#primaryimage"},"thumbnailUrl":"https:\/\/www.boomkwekerijroelofs.nl\/wp-content\/uploads\/sites\/7\/2018\/10\/2018-fertigatie-kranenset-e1540895756111.png","datePublished":"2017-07-20T12:49:52+00:00","dateModified":"2020-09-01T12:15:24+00:00","breadcrumb":{"@id":"https:\/\/www.boomkwekerijroelofs.nl\/pl\/kwaliteit\/fertigatie\/#breadcrumb"},"inLanguage":"pl-PL","potentialAction":[{"@type":"ReadAction","target":["https:\/\/www.boomkwekerijroelofs.nl\/pl\/kwaliteit\/fertigatie\/"]}]},{"@type":"ImageObject","inLanguage":"pl-PL","@id":"https:\/\/www.boomkwekerijroelofs.nl\/pl\/kwaliteit\/fertigatie\/#primaryimage","url":"https:\/\/www.boomkwekerijroelofs.nl\/wp-content\/uploads\/sites\/7\/2018\/10\/2018-fertigatie-kranenset-e1540895756111.png","contentUrl":"https:\/\/www.boomkwekerijroelofs.nl\/wp-content\/uploads\/sites\/7\/2018\/10\/2018-fertigatie-kranenset-e1540895756111.png","width":2000,"height":600},{"@type":"BreadcrumbList","@id":"https:\/\/www.boomkwekerijroelofs.nl\/pl\/kwaliteit\/fertigatie\/#breadcrumb","itemListElement":[{"@type":"ListItem","position":1,"name":"Home","item":"https:\/\/www.boomkwekerijroelofs.nl\/pl\/"},{"@type":"ListItem","position":2,"name":"Nasza jako\u015b\u0107","item":"https:\/\/www.boomkwekerijroelofs.nl\/pl\/kwaliteit\/"},{"@type":"ListItem","position":3,"name":"Fertygacja"}]},{"@type":"WebSite","@id":"https:\/\/www.boomkwekerijroelofs.nl\/pl\/#website","url":"https:\/\/www.boomkwekerijroelofs.nl\/pl\/","name":"Roelofs Boomkwekerij (PL)","description":"","potentialAction":[{"@type":"SearchAction","target":{"@type":"EntryPoint","urlTemplate":"https:\/\/www.boomkwekerijroelofs.nl\/pl\/?s={search_term_string}"},"query-input":{"@type":"PropertyValueSpecification","valueRequired":true,"valueName":"search_term_string"}}],"inLanguage":"pl-PL"}]}},"_links":{"self":[{"href":"https:\/\/www.boomkwekerijroelofs.nl\/pl\/wp-json\/wp\/v2\/pages\/104","targetHints":{"allow":["GET"]}}],"collection":[{"href":"https:\/\/www.boomkwekerijroelofs.nl\/pl\/wp-json\/wp\/v2\/pages"}],"about":[{"href":"https:\/\/www.boomkwekerijroelofs.nl\/pl\/wp-json\/wp\/v2\/types\/page"}],"author":[{"embeddable":true,"href":"https:\/\/www.boomkwekerijroelofs.nl\/pl\/wp-json\/wp\/v2\/users\/1"}],"replies":[{"embeddable":true,"href":"https:\/\/www.boomkwekerijroelofs.nl\/pl\/wp-json\/wp\/v2\/comments?post=104"}],"version-history":[{"count":13,"href":"https:\/\/www.boomkwekerijroelofs.nl\/pl\/wp-json\/wp\/v2\/pages\/104\/revisions"}],"predecessor-version":[{"id":710,"href":"https:\/\/www.boomkwekerijroelofs.nl\/pl\/wp-json\/wp\/v2\/pages\/104\/revisions\/710"}],"up":[{"embeddable":true,"href":"https:\/\/www.boomkwekerijroelofs.nl\/pl\/wp-json\/wp\/v2\/pages\/101"}],"wp:featuredmedia":[{"embeddable":true,"href":"https:\/\/www.boomkwekerijroelofs.nl\/pl\/wp-json\/wp\/v2\/media\/372"}],"wp:attachment":[{"href":"https:\/\/www.boomkwekerijroelofs.nl\/pl\/wp-json\/wp\/v2\/media?parent=104"}],"curies":[{"name":"wp","href":"https:\/\/api.w.org\/{rel}","templated":true}]}}