{"id":101,"date":"2017-07-20T14:48:17","date_gmt":"2017-07-20T12:48:17","guid":{"rendered":"https:\/\/www.boomkwekerijroelofs.nl\/pl\/?page_id=101"},"modified":"2020-08-28T12:41:54","modified_gmt":"2020-08-28T10:41:54","slug":"kwaliteit","status":"publish","type":"page","link":"https:\/\/www.boomkwekerijroelofs.nl\/pl\/kwaliteit\/","title":{"rendered":"Nasza jako\u015b\u0107"},"content":{"rendered":"<h3>Sta\u0142a kontrola jako\u015bci<\/h3>\n<p>Chcemy si\u0119 wyr\u00f3\u017cnia\u0107 jako\u015bci\u0105 i \u017cywotno\u015bci\u0105 naszych drzewek owocowych. Najwa\u017cniejsz\u0105 cz\u0119\u015bci\u0105 naszej strategii jako\u015bci jest regularny kontakt z klientem. Je\u017celi znamy \u017cyczenia naszych klient\u00f3w, mo\u017cemy na nie odpowiedzie\u0107. Filozofia ta stanowi motyw przewodni naszego dzia\u0142ania w biznesie.<\/p>\n<p><strong>\u00a0<\/strong><\/p>\n<p><strong>Drzewa owocowe i podk\u0142adki, kt\u00f3re opuszczaj\u0105 nasz\u0105 firm\u0119, wyr\u00f3\u017cniaj\u0105 si\u0119 witalno\u015bci\u0105. <\/strong><\/p>\n<ul>\n<li>Wybrane podk\u0142adki wyr\u00f3\u017cniaj\u0105 si\u0119 tym to, \u017ce pochodz\u0105 z matecznik\u00f3w starannie uprawianych we w\u0142asnym gospodarstwie;<\/li>\n<li>Wykorzystanie niezawieraj\u0105cego wirus\u00f3w materia\u0142u wyj\u015bciowego o wysokiej jako\u015bci, pochodz\u0105cego g\u0142\u00f3wnie z <a href=\"https:\/\/www.vermeerderingstuinen.com\/\">\u201e<em><strong>Vermeerderingstuinen Nederland<\/strong><\/em>\u201d<\/a>;<\/li>\n<li>Certyfikat pierwszej klasy (Elite\u00ae) dla wszystkich naszych drzewek owocowych i podk\u0142adek wydany przez inspektorat ogrodniczy\u00a0 <em><strong><a href=\"https:\/\/www.naktuinbouw.com\/\">NAK-Tuinbouw<\/a><\/strong><\/em>;<\/li>\n<li>Uprawa na \u017cyznej i dziewiczej glinie morskiej;<\/li>\n<li>System fertygacji gwarantuje, \u017ce drzewka owocowe r\u00f3wnomiernie i na czas otrzymuj\u0105 wod\u0119 i po\u017cywienie. Prowadzi to do lepszego wch\u0142aniania substancji od\u017cywczych oraz korzystniejszego rozwoju ro\u015bliny;<\/li>\n<li>Poziome i pionowe stosowanie \u015brodk\u00f3w ochrony ro\u015blin i nawoz\u00f3w dolistnych (optymalne pokrycie ro\u015bliny);<\/li>\n<li>Jab\u0142onie s\u0105 pakowane w siatki, \u017ceby zapobiec po\u0142amaniu ga\u0142\u0119zi;<\/li>\n<li>Etykietowanie kodami paskowymi na paletach gwarantuje mo\u017cliwo\u015b\u0107 prze\u015bledzenia oraz zidentyfikowania drzewek i podk\u0142adek;<\/li>\n<li>Badania i inwestycje w nowe odmiany ro\u015blin i mutanty w celu uzyskania op\u0142acalnej produkcji owocowej.<\/li>\n<\/ul>\n<p>&nbsp;<\/p>\n<p><strong>Przechowywanie<\/strong><br \/>\nPo wyniesieniu drzewa i podk\u0142adki przechowuje si\u0119 w ch\u0142odni z systemem zamg\u0142awiania. Dbamy o dok\u0142adne zapakowanie i transport drzewek do plantator\u00f3w. Doradzamy r\u00f3wnie\u017c naszym hodowcom, jak przechowywa\u0107 drzewa do sadzenia. Dzi\u0119ki temu drzewa i podk\u0142adki b\u0119d\u0105 mia\u0142y idealny stan przed sadzeniem.<\/p>\n<p>&nbsp;<\/p>\n<p><strong>Inspekcja wewn\u0119trzna i zewn\u0119trzna<\/strong><\/p>\n<p>Ro\u015bliny podlegaj\u0105 intensywnej kontroli przez ca\u0142\u0105 faz\u0119 uprawy. Nasi pracownicy do spraw jako\u015bci zwracaj\u0105 przy tym uwag\u0119 na rozpoznawalne na zewn\u0105trz choroby, czysto\u015b\u0107 odmiany, \u017cywotno\u015b\u0107 oraz zr\u00f3wnowa\u017con\u0105 si\u0142\u0119 wzrostu. Kontroler z inspektoratu ogrodniczego <a href=\"https:\/\/www.naktuinbouw.com\/\">NAK-Tuinbouw<\/a> przeprowadza kontrol\u0119 zewn\u0119trzn\u0105. Bada on wszystkie drzewka i podk\u0142adki pod k\u0105tem jako\u015bci zewn\u0119trznej i wewn\u0119trznej. Wszelkie nieprawid\u0142owo\u015bci rejestruje zar\u00f3wno kontroler jak i nasi specjali\u015bci do spraw jako\u015bci, po czym podejmowane s\u0105 odpowiednie dzia\u0142ania. Podczas wykopywania i sortowania zatwierdzone drzewka s\u0105 opatrywane paskiem kontrolnym<em><strong> <a href=\"https:\/\/www.naktuinbouw.com\/\">NAK-Tuinbouw<\/a>.<\/strong><\/em><\/p>\n<p>&nbsp;<\/p>\n<h3>Track en Trace<\/h3>\n<p>Od 2015 uruchomili\u015bmy mo\u017cliwo\u015b\u0107 \u015bledzenia naszych podk\u0142adek i drzewek. Dzi\u0119ki temu mo\u017cna prze\u015bledzi\u0107 ro\u015bliny w trakcie uprawy, sk\u0142adowania, transportu i dostawy, co umo\u017cliwia wgl\u0105d w histori\u0119 procesu produkcji. Najwa\u017cniejszymi argumentami s\u0105 tutaj: kontrola zarz\u0105dzania zapasami, poprawiony sk\u0142ad partii, poprawa wydajno\u015bci i oszcz\u0119dno\u015b\u0107 koszt\u00f3w dzi\u0119ki automatyzacji.<\/p>\n","protected":false},"excerpt":{"rendered":"<p>Sta\u0142a kontrola jako\u015bci Chcemy si\u0119 wyr\u00f3\u017cnia\u0107 jako\u015bci\u0105 i \u017cywotno\u015bci\u0105 naszych drzewek owocowych. Najwa\u017cniejsz\u0105 cz\u0119\u015bci\u0105 naszej strategii jako\u015bci jest regularny kontakt z klientem. Je\u017celi znamy \u017cyczenia naszych klient\u00f3w, mo\u017cemy na nie odpowiedzie\u0107. Filozofia ta stanowi motyw przewodni naszego dzia\u0142ania w biznesie. \u00a0 Drzewa owocowe i podk\u0142adki, kt\u00f3re opuszczaj\u0105 nasz\u0105 firm\u0119, wyr\u00f3\u017cniaj\u0105 si\u0119 witalno\u015bci\u0105. Wybrane podk\u0142adki wyr\u00f3\u017cniaj\u0105 [&hellip;]<\/p>\n","protected":false},"author":1,"featured_media":364,"parent":0,"menu_order":0,"comment_status":"closed","ping_status":"closed","template":"","meta":{"_acf_changed":false,"footnotes":""},"class_list":["post-101","page","type-page","status-publish","has-post-thumbnail","hentry"],"acf":[],"yoast_head":"<!-- This site is optimized with the Yoast SEO plugin v27.5 - https:\/\/yoast.com\/product\/yoast-seo-wordpress\/ -->\n<title>Nasza jako\u015b\u0107 - Roelofs Boomkwekerij (PL)<\/title>\n<meta name=\"robots\" content=\"index, follow, max-snippet:-1, max-image-preview:large, max-video-preview:-1\" \/>\n<link rel=\"canonical\" href=\"https:\/\/www.boomkwekerijroelofs.nl\/pl\/kwaliteit\/\" \/>\n<meta property=\"og:locale\" content=\"pl_PL\" \/>\n<meta property=\"og:type\" content=\"article\" \/>\n<meta property=\"og:title\" content=\"Nasza jako\u015b\u0107 - Roelofs Boomkwekerij (PL)\" \/>\n<meta property=\"og:description\" content=\"Sta\u0142a kontrola jako\u015bci Chcemy si\u0119 wyr\u00f3\u017cnia\u0107 jako\u015bci\u0105 i \u017cywotno\u015bci\u0105 naszych drzewek owocowych. Najwa\u017cniejsz\u0105 cz\u0119\u015bci\u0105 naszej strategii jako\u015bci jest regularny kontakt z klientem. Je\u017celi znamy \u017cyczenia naszych klient\u00f3w, mo\u017cemy na nie odpowiedzie\u0107. Filozofia ta stanowi motyw przewodni naszego dzia\u0142ania w biznesie. \u00a0 Drzewa owocowe i podk\u0142adki, kt\u00f3re opuszczaj\u0105 nasz\u0105 firm\u0119, wyr\u00f3\u017cniaj\u0105 si\u0119 witalno\u015bci\u0105. Wybrane podk\u0142adki wyr\u00f3\u017cniaj\u0105 [&hellip;]\" \/>\n<meta property=\"og:url\" content=\"https:\/\/www.boomkwekerijroelofs.nl\/pl\/kwaliteit\/\" \/>\n<meta property=\"og:site_name\" content=\"Roelofs Boomkwekerij (PL)\" \/>\n<meta property=\"article:modified_time\" content=\"2020-08-28T10:41:54+00:00\" \/>\n<meta property=\"og:image\" content=\"https:\/\/www.boomkwekerijroelofs.nl\/wp-content\/uploads\/sites\/7\/2018\/10\/2018-kwaliteitsstrategie-inspectie-blad-2-e1540893536253.jpg\" \/>\n\t<meta property=\"og:image:width\" content=\"4961\" \/>\n\t<meta property=\"og:image:height\" content=\"1351\" \/>\n\t<meta property=\"og:image:type\" content=\"image\/jpeg\" \/>\n<meta name=\"twitter:card\" content=\"summary_large_image\" \/>\n<meta name=\"twitter:label1\" content=\"Szacowany czas czytania\" \/>\n\t<meta name=\"twitter:data1\" content=\"2 minuty\" \/>\n<script type=\"application\/ld+json\" class=\"yoast-schema-graph\">{\"@context\":\"https:\\\/\\\/schema.org\",\"@graph\":[{\"@type\":\"WebPage\",\"@id\":\"https:\\\/\\\/www.boomkwekerijroelofs.nl\\\/pl\\\/kwaliteit\\\/\",\"url\":\"https:\\\/\\\/www.boomkwekerijroelofs.nl\\\/pl\\\/kwaliteit\\\/\",\"name\":\"Nasza jako\u015b\u0107 - Roelofs Boomkwekerij (PL)\",\"isPartOf\":{\"@id\":\"https:\\\/\\\/www.boomkwekerijroelofs.nl\\\/pl\\\/#website\"},\"primaryImageOfPage\":{\"@id\":\"https:\\\/\\\/www.boomkwekerijroelofs.nl\\\/pl\\\/kwaliteit\\\/#primaryimage\"},\"image\":{\"@id\":\"https:\\\/\\\/www.boomkwekerijroelofs.nl\\\/pl\\\/kwaliteit\\\/#primaryimage\"},\"thumbnailUrl\":\"https:\\\/\\\/www.boomkwekerijroelofs.nl\\\/wp-content\\\/uploads\\\/sites\\\/7\\\/2018\\\/10\\\/2018-kwaliteitsstrategie-inspectie-blad-2-e1540893536253.jpg\",\"datePublished\":\"2017-07-20T12:48:17+00:00\",\"dateModified\":\"2020-08-28T10:41:54+00:00\",\"breadcrumb\":{\"@id\":\"https:\\\/\\\/www.boomkwekerijroelofs.nl\\\/pl\\\/kwaliteit\\\/#breadcrumb\"},\"inLanguage\":\"pl-PL\",\"potentialAction\":[{\"@type\":\"ReadAction\",\"target\":[\"https:\\\/\\\/www.boomkwekerijroelofs.nl\\\/pl\\\/kwaliteit\\\/\"]}]},{\"@type\":\"ImageObject\",\"inLanguage\":\"pl-PL\",\"@id\":\"https:\\\/\\\/www.boomkwekerijroelofs.nl\\\/pl\\\/kwaliteit\\\/#primaryimage\",\"url\":\"https:\\\/\\\/www.boomkwekerijroelofs.nl\\\/wp-content\\\/uploads\\\/sites\\\/7\\\/2018\\\/10\\\/2018-kwaliteitsstrategie-inspectie-blad-2-e1540893536253.jpg\",\"contentUrl\":\"https:\\\/\\\/www.boomkwekerijroelofs.nl\\\/wp-content\\\/uploads\\\/sites\\\/7\\\/2018\\\/10\\\/2018-kwaliteitsstrategie-inspectie-blad-2-e1540893536253.jpg\",\"width\":4961,\"height\":1351},{\"@type\":\"BreadcrumbList\",\"@id\":\"https:\\\/\\\/www.boomkwekerijroelofs.nl\\\/pl\\\/kwaliteit\\\/#breadcrumb\",\"itemListElement\":[{\"@type\":\"ListItem\",\"position\":1,\"name\":\"Home\",\"item\":\"https:\\\/\\\/www.boomkwekerijroelofs.nl\\\/pl\\\/\"},{\"@type\":\"ListItem\",\"position\":2,\"name\":\"Nasza jako\u015b\u0107\"}]},{\"@type\":\"WebSite\",\"@id\":\"https:\\\/\\\/www.boomkwekerijroelofs.nl\\\/pl\\\/#website\",\"url\":\"https:\\\/\\\/www.boomkwekerijroelofs.nl\\\/pl\\\/\",\"name\":\"Roelofs Boomkwekerij (PL)\",\"description\":\"\",\"potentialAction\":[{\"@type\":\"SearchAction\",\"target\":{\"@type\":\"EntryPoint\",\"urlTemplate\":\"https:\\\/\\\/www.boomkwekerijroelofs.nl\\\/pl\\\/?s={search_term_string}\"},\"query-input\":{\"@type\":\"PropertyValueSpecification\",\"valueRequired\":true,\"valueName\":\"search_term_string\"}}],\"inLanguage\":\"pl-PL\"}]}<\/script>\n<!-- \/ Yoast SEO plugin. -->","yoast_head_json":{"title":"Nasza jako\u015b\u0107 - Roelofs Boomkwekerij (PL)","robots":{"index":"index","follow":"follow","max-snippet":"max-snippet:-1","max-image-preview":"max-image-preview:large","max-video-preview":"max-video-preview:-1"},"canonical":"https:\/\/www.boomkwekerijroelofs.nl\/pl\/kwaliteit\/","og_locale":"pl_PL","og_type":"article","og_title":"Nasza jako\u015b\u0107 - Roelofs Boomkwekerij (PL)","og_description":"Sta\u0142a kontrola jako\u015bci Chcemy si\u0119 wyr\u00f3\u017cnia\u0107 jako\u015bci\u0105 i \u017cywotno\u015bci\u0105 naszych drzewek owocowych. Najwa\u017cniejsz\u0105 cz\u0119\u015bci\u0105 naszej strategii jako\u015bci jest regularny kontakt z klientem. Je\u017celi znamy \u017cyczenia naszych klient\u00f3w, mo\u017cemy na nie odpowiedzie\u0107. Filozofia ta stanowi motyw przewodni naszego dzia\u0142ania w biznesie. \u00a0 Drzewa owocowe i podk\u0142adki, kt\u00f3re opuszczaj\u0105 nasz\u0105 firm\u0119, wyr\u00f3\u017cniaj\u0105 si\u0119 witalno\u015bci\u0105. Wybrane podk\u0142adki wyr\u00f3\u017cniaj\u0105 [&hellip;]","og_url":"https:\/\/www.boomkwekerijroelofs.nl\/pl\/kwaliteit\/","og_site_name":"Roelofs Boomkwekerij (PL)","article_modified_time":"2020-08-28T10:41:54+00:00","og_image":[{"width":4961,"height":1351,"url":"https:\/\/www.boomkwekerijroelofs.nl\/wp-content\/uploads\/sites\/7\/2018\/10\/2018-kwaliteitsstrategie-inspectie-blad-2-e1540893536253.jpg","type":"image\/jpeg"}],"twitter_card":"summary_large_image","twitter_misc":{"Szacowany czas czytania":"2 minuty"},"schema":{"@context":"https:\/\/schema.org","@graph":[{"@type":"WebPage","@id":"https:\/\/www.boomkwekerijroelofs.nl\/pl\/kwaliteit\/","url":"https:\/\/www.boomkwekerijroelofs.nl\/pl\/kwaliteit\/","name":"Nasza jako\u015b\u0107 - Roelofs Boomkwekerij (PL)","isPartOf":{"@id":"https:\/\/www.boomkwekerijroelofs.nl\/pl\/#website"},"primaryImageOfPage":{"@id":"https:\/\/www.boomkwekerijroelofs.nl\/pl\/kwaliteit\/#primaryimage"},"image":{"@id":"https:\/\/www.boomkwekerijroelofs.nl\/pl\/kwaliteit\/#primaryimage"},"thumbnailUrl":"https:\/\/www.boomkwekerijroelofs.nl\/wp-content\/uploads\/sites\/7\/2018\/10\/2018-kwaliteitsstrategie-inspectie-blad-2-e1540893536253.jpg","datePublished":"2017-07-20T12:48:17+00:00","dateModified":"2020-08-28T10:41:54+00:00","breadcrumb":{"@id":"https:\/\/www.boomkwekerijroelofs.nl\/pl\/kwaliteit\/#breadcrumb"},"inLanguage":"pl-PL","potentialAction":[{"@type":"ReadAction","target":["https:\/\/www.boomkwekerijroelofs.nl\/pl\/kwaliteit\/"]}]},{"@type":"ImageObject","inLanguage":"pl-PL","@id":"https:\/\/www.boomkwekerijroelofs.nl\/pl\/kwaliteit\/#primaryimage","url":"https:\/\/www.boomkwekerijroelofs.nl\/wp-content\/uploads\/sites\/7\/2018\/10\/2018-kwaliteitsstrategie-inspectie-blad-2-e1540893536253.jpg","contentUrl":"https:\/\/www.boomkwekerijroelofs.nl\/wp-content\/uploads\/sites\/7\/2018\/10\/2018-kwaliteitsstrategie-inspectie-blad-2-e1540893536253.jpg","width":4961,"height":1351},{"@type":"BreadcrumbList","@id":"https:\/\/www.boomkwekerijroelofs.nl\/pl\/kwaliteit\/#breadcrumb","itemListElement":[{"@type":"ListItem","position":1,"name":"Home","item":"https:\/\/www.boomkwekerijroelofs.nl\/pl\/"},{"@type":"ListItem","position":2,"name":"Nasza jako\u015b\u0107"}]},{"@type":"WebSite","@id":"https:\/\/www.boomkwekerijroelofs.nl\/pl\/#website","url":"https:\/\/www.boomkwekerijroelofs.nl\/pl\/","name":"Roelofs Boomkwekerij (PL)","description":"","potentialAction":[{"@type":"SearchAction","target":{"@type":"EntryPoint","urlTemplate":"https:\/\/www.boomkwekerijroelofs.nl\/pl\/?s={search_term_string}"},"query-input":{"@type":"PropertyValueSpecification","valueRequired":true,"valueName":"search_term_string"}}],"inLanguage":"pl-PL"}]}},"_links":{"self":[{"href":"https:\/\/www.boomkwekerijroelofs.nl\/pl\/wp-json\/wp\/v2\/pages\/101","targetHints":{"allow":["GET"]}}],"collection":[{"href":"https:\/\/www.boomkwekerijroelofs.nl\/pl\/wp-json\/wp\/v2\/pages"}],"about":[{"href":"https:\/\/www.boomkwekerijroelofs.nl\/pl\/wp-json\/wp\/v2\/types\/page"}],"author":[{"embeddable":true,"href":"https:\/\/www.boomkwekerijroelofs.nl\/pl\/wp-json\/wp\/v2\/users\/1"}],"replies":[{"embeddable":true,"href":"https:\/\/www.boomkwekerijroelofs.nl\/pl\/wp-json\/wp\/v2\/comments?post=101"}],"version-history":[{"count":10,"href":"https:\/\/www.boomkwekerijroelofs.nl\/pl\/wp-json\/wp\/v2\/pages\/101\/revisions"}],"predecessor-version":[{"id":163,"href":"https:\/\/www.boomkwekerijroelofs.nl\/pl\/wp-json\/wp\/v2\/pages\/101\/revisions\/163"}],"wp:featuredmedia":[{"embeddable":true,"href":"https:\/\/www.boomkwekerijroelofs.nl\/pl\/wp-json\/wp\/v2\/media\/364"}],"wp:attachment":[{"href":"https:\/\/www.boomkwekerijroelofs.nl\/pl\/wp-json\/wp\/v2\/media?parent=101"}],"curies":[{"name":"wp","href":"https:\/\/api.w.org\/{rel}","templated":true}]}}