{"id":98,"date":"2019-07-05T15:44:54","date_gmt":"2019-07-05T13:44:54","guid":{"rendered":"https:\/\/www.boomkwekerijroelofs.nl\/de\/?page_id=98"},"modified":"2024-11-28T17:51:48","modified_gmt":"2024-11-28T16:51:48","slug":"downloads","status":"publish","type":"page","link":"https:\/\/www.boomkwekerijroelofs.nl\/de\/ueber-uns\/downloads\/","title":{"rendered":"Downloads"},"content":{"rendered":"<p>Bitte w\u00e4hlen\u00a0 und\/oder \u00f6ffnen Sie diese Dokumente:<\/p>\n<p>&nbsp;<\/p>\n<ul>\n<li><a href=\"https:\/\/www.boomkwekerijroelofs.nl\/wp-content\/uploads\/sites\/3\/2024\/11\/DE-Katalog-Apfel-Birnebaeume-2024-2025.pdf\" target=\"_blank\" rel=\"noopener\">DE Katalog 2024-2025<\/a><\/li>\n<li><a href=\"https:\/\/www.boomkwekerijroelofs.nl\/wp-content\/uploads\/sites\/3\/2024\/11\/DE-Katalog-Apfel-Birnebaeume-2025-2026.pdf\" target=\"_blank\" rel=\"noopener\">DE Katalog 2025-2026<\/a><\/li>\n<\/ul>\n<p>&nbsp;<\/p>\n<ul>\n<li><a href=\"https:\/\/www.boomkwekerijroelofs.nl\/wp-content\/uploads\/sites\/3\/2022\/09\/20220901-D-Kuehlkosten-Apfel-und-Birnenbaeume-ab-Auftrage-01.09.2022.pdf\">\u00a0K\u00fchlkosten Apfel und Birnenb\u00e4ume ab Auftrage 01.09.2022<\/a><\/li>\n<\/ul>\n<p>&nbsp;<\/p>\n<ul>\n<li><a href=\"https:\/\/www.boomkwekerijroelofs.nl\/wp-content\/uploads\/sites\/3\/2022\/09\/ELITE-CERTIFICATE-ROELOFS-TRADE-BV.pdf\">NAK-Tuinbouw ELITE Zertifikat<\/a><\/li>\n<li><a href=\"https:\/\/www.boomkwekerijroelofs.nl\/wp-content\/uploads\/2023\/08\/2023-BIO-SKAL-certificaat-Duits.pdf\" target=\"_blank\" rel=\"noopener\">2023 BIO SKAL Zertifikat Roelofs Baumschule in Deutsch<\/a><\/li>\n<\/ul>\n<p>&nbsp;<\/p>\n<ul>\n<li><a href=\"https:\/\/www.youtube.com\/playlist?list=PLwuJiTb3ZCQr2GGb8VhtoDuzMk9P1nKq1\">Virtuelle Baumschule Tour Apfelb\u00e4ume 2020-2021<\/a><\/li>\n<li><a href=\"https:\/\/www.youtube.com\/playlist?list=PLwuJiTb3ZCQqqOgdRljBAUyqTeySllJfY\">Virutelle Baumschule Tour Birnenb\u00e4ume 2020-2021<\/a><\/li>\n<\/ul>\n<p>&nbsp;<\/p>\n<ul>\n<li><a href=\"https:\/\/www.boomkwekerijroelofs.nl\/wp-content\/uploads\/sites\/3\/2020\/12\/20201214-D-Tipps-zur-Lagerung-und-Pflanzung-von-Obstbaeumen-1.pdf\">Tipps zur Lagerung und Pflanzung von Obstb\u00e4umen<\/a><\/li>\n<li><a href=\"https:\/\/www.boomkwekerijroelofs.nl\/wp-content\/uploads\/sites\/3\/2020\/11\/D-Verklaringen-EurepGap-Skal-Mileukeur.pdf\">Erkl\u00e4rungen EurepGap-Skal-Mileukeur<\/a><\/li>\n<li><a href=\"https:\/\/www.boomkwekerijroelofs.nl\/wp-content\/uploads\/sites\/3\/2019\/07\/D-Verkoopvoorwaarden-Duits-Anthos.pdf\" target=\"_blank\" rel=\"noopener noreferrer\">Liefer- und Verkaufsbedingungen Deutsch<\/a><\/li>\n<\/ul>\n","protected":false},"excerpt":{"rendered":"<p>Bitte w\u00e4hlen\u00a0 und\/oder \u00f6ffnen Sie diese Dokumente: &nbsp; DE Katalog 2024-2025 DE Katalog 2025-2026 &nbsp; \u00a0K\u00fchlkosten Apfel und Birnenb\u00e4ume ab Auftrage 01.09.2022 &nbsp; NAK-Tuinbouw ELITE Zertifikat 2023 BIO SKAL Zertifikat Roelofs Baumschule in Deutsch &nbsp; Virtuelle Baumschule Tour Apfelb\u00e4ume 2020-2021 Virutelle Baumschule Tour Birnenb\u00e4ume 2020-2021 &nbsp; Tipps zur Lagerung und Pflanzung von Obstb\u00e4umen Erkl\u00e4rungen EurepGap-Skal-Mileukeur [&hellip;]<\/p>\n","protected":false},"author":1,"featured_media":0,"parent":96,"menu_order":0,"comment_status":"closed","ping_status":"closed","template":"","meta":{"_acf_changed":false,"footnotes":""},"class_list":["post-98","page","type-page","status-publish","hentry"],"acf":[],"yoast_head":"<!-- This site is optimized with the Yoast SEO plugin v27.5 - https:\/\/yoast.com\/product\/yoast-seo-wordpress\/ -->\n<title>Downloads - Roelofs Baumschule<\/title>\n<meta name=\"robots\" content=\"index, follow, max-snippet:-1, max-image-preview:large, max-video-preview:-1\" \/>\n<link rel=\"canonical\" href=\"https:\/\/www.boomkwekerijroelofs.nl\/de\/ueber-uns\/downloads\/\" \/>\n<meta property=\"og:locale\" content=\"de_DE\" \/>\n<meta property=\"og:type\" content=\"article\" \/>\n<meta property=\"og:title\" content=\"Downloads - Roelofs Baumschule\" \/>\n<meta property=\"og:description\" content=\"Bitte w\u00e4hlen\u00a0 und\/oder \u00f6ffnen Sie diese Dokumente: &nbsp; DE Katalog 2024-2025 DE Katalog 2025-2026 &nbsp; \u00a0K\u00fchlkosten Apfel und Birnenb\u00e4ume ab Auftrage 01.09.2022 &nbsp; NAK-Tuinbouw ELITE Zertifikat 2023 BIO SKAL Zertifikat Roelofs Baumschule in Deutsch &nbsp; Virtuelle Baumschule Tour Apfelb\u00e4ume 2020-2021 Virutelle Baumschule Tour Birnenb\u00e4ume 2020-2021 &nbsp; Tipps zur Lagerung und Pflanzung von Obstb\u00e4umen Erkl\u00e4rungen EurepGap-Skal-Mileukeur [&hellip;]\" \/>\n<meta property=\"og:url\" content=\"https:\/\/www.boomkwekerijroelofs.nl\/de\/ueber-uns\/downloads\/\" \/>\n<meta property=\"og:site_name\" content=\"Roelofs Baumschule\" \/>\n<meta property=\"article:modified_time\" content=\"2024-11-28T16:51:48+00:00\" \/>\n<meta name=\"twitter:card\" content=\"summary_large_image\" \/>\n<meta name=\"twitter:label1\" content=\"Gesch\u00e4tzte Lesezeit\" \/>\n\t<meta name=\"twitter:data1\" content=\"1\u00a0Minute\" \/>\n<script type=\"application\/ld+json\" class=\"yoast-schema-graph\">{\"@context\":\"https:\\\/\\\/schema.org\",\"@graph\":[{\"@type\":\"WebPage\",\"@id\":\"https:\\\/\\\/www.boomkwekerijroelofs.nl\\\/de\\\/ueber-uns\\\/downloads\\\/\",\"url\":\"https:\\\/\\\/www.boomkwekerijroelofs.nl\\\/de\\\/ueber-uns\\\/downloads\\\/\",\"name\":\"Downloads - Roelofs Baumschule\",\"isPartOf\":{\"@id\":\"https:\\\/\\\/www.boomkwekerijroelofs.nl\\\/de\\\/#website\"},\"datePublished\":\"2019-07-05T13:44:54+00:00\",\"dateModified\":\"2024-11-28T16:51:48+00:00\",\"breadcrumb\":{\"@id\":\"https:\\\/\\\/www.boomkwekerijroelofs.nl\\\/de\\\/ueber-uns\\\/downloads\\\/#breadcrumb\"},\"inLanguage\":\"de\",\"potentialAction\":[{\"@type\":\"ReadAction\",\"target\":[\"https:\\\/\\\/www.boomkwekerijroelofs.nl\\\/de\\\/ueber-uns\\\/downloads\\\/\"]}]},{\"@type\":\"BreadcrumbList\",\"@id\":\"https:\\\/\\\/www.boomkwekerijroelofs.nl\\\/de\\\/ueber-uns\\\/downloads\\\/#breadcrumb\",\"itemListElement\":[{\"@type\":\"ListItem\",\"position\":1,\"name\":\"Home\",\"item\":\"https:\\\/\\\/www.boomkwekerijroelofs.nl\\\/de\\\/\"},{\"@type\":\"ListItem\",\"position\":2,\"name\":\"\u00dcber uns\",\"item\":\"https:\\\/\\\/www.boomkwekerijroelofs.nl\\\/de\\\/ueber-uns\\\/\"},{\"@type\":\"ListItem\",\"position\":3,\"name\":\"Downloads\"}]},{\"@type\":\"WebSite\",\"@id\":\"https:\\\/\\\/www.boomkwekerijroelofs.nl\\\/de\\\/#website\",\"url\":\"https:\\\/\\\/www.boomkwekerijroelofs.nl\\\/de\\\/\",\"name\":\"Roelofs Baumschule\",\"description\":\"\",\"potentialAction\":[{\"@type\":\"SearchAction\",\"target\":{\"@type\":\"EntryPoint\",\"urlTemplate\":\"https:\\\/\\\/www.boomkwekerijroelofs.nl\\\/de\\\/?s={search_term_string}\"},\"query-input\":{\"@type\":\"PropertyValueSpecification\",\"valueRequired\":true,\"valueName\":\"search_term_string\"}}],\"inLanguage\":\"de\"}]}<\/script>\n<!-- \/ Yoast SEO plugin. -->","yoast_head_json":{"title":"Downloads - Roelofs Baumschule","robots":{"index":"index","follow":"follow","max-snippet":"max-snippet:-1","max-image-preview":"max-image-preview:large","max-video-preview":"max-video-preview:-1"},"canonical":"https:\/\/www.boomkwekerijroelofs.nl\/de\/ueber-uns\/downloads\/","og_locale":"de_DE","og_type":"article","og_title":"Downloads - Roelofs Baumschule","og_description":"Bitte w\u00e4hlen\u00a0 und\/oder \u00f6ffnen Sie diese Dokumente: &nbsp; DE Katalog 2024-2025 DE Katalog 2025-2026 &nbsp; \u00a0K\u00fchlkosten Apfel und Birnenb\u00e4ume ab Auftrage 01.09.2022 &nbsp; NAK-Tuinbouw ELITE Zertifikat 2023 BIO SKAL Zertifikat Roelofs Baumschule in Deutsch &nbsp; Virtuelle Baumschule Tour Apfelb\u00e4ume 2020-2021 Virutelle Baumschule Tour Birnenb\u00e4ume 2020-2021 &nbsp; Tipps zur Lagerung und Pflanzung von Obstb\u00e4umen Erkl\u00e4rungen EurepGap-Skal-Mileukeur [&hellip;]","og_url":"https:\/\/www.boomkwekerijroelofs.nl\/de\/ueber-uns\/downloads\/","og_site_name":"Roelofs Baumschule","article_modified_time":"2024-11-28T16:51:48+00:00","twitter_card":"summary_large_image","twitter_misc":{"Gesch\u00e4tzte Lesezeit":"1\u00a0Minute"},"schema":{"@context":"https:\/\/schema.org","@graph":[{"@type":"WebPage","@id":"https:\/\/www.boomkwekerijroelofs.nl\/de\/ueber-uns\/downloads\/","url":"https:\/\/www.boomkwekerijroelofs.nl\/de\/ueber-uns\/downloads\/","name":"Downloads - Roelofs Baumschule","isPartOf":{"@id":"https:\/\/www.boomkwekerijroelofs.nl\/de\/#website"},"datePublished":"2019-07-05T13:44:54+00:00","dateModified":"2024-11-28T16:51:48+00:00","breadcrumb":{"@id":"https:\/\/www.boomkwekerijroelofs.nl\/de\/ueber-uns\/downloads\/#breadcrumb"},"inLanguage":"de","potentialAction":[{"@type":"ReadAction","target":["https:\/\/www.boomkwekerijroelofs.nl\/de\/ueber-uns\/downloads\/"]}]},{"@type":"BreadcrumbList","@id":"https:\/\/www.boomkwekerijroelofs.nl\/de\/ueber-uns\/downloads\/#breadcrumb","itemListElement":[{"@type":"ListItem","position":1,"name":"Home","item":"https:\/\/www.boomkwekerijroelofs.nl\/de\/"},{"@type":"ListItem","position":2,"name":"\u00dcber uns","item":"https:\/\/www.boomkwekerijroelofs.nl\/de\/ueber-uns\/"},{"@type":"ListItem","position":3,"name":"Downloads"}]},{"@type":"WebSite","@id":"https:\/\/www.boomkwekerijroelofs.nl\/de\/#website","url":"https:\/\/www.boomkwekerijroelofs.nl\/de\/","name":"Roelofs Baumschule","description":"","potentialAction":[{"@type":"SearchAction","target":{"@type":"EntryPoint","urlTemplate":"https:\/\/www.boomkwekerijroelofs.nl\/de\/?s={search_term_string}"},"query-input":{"@type":"PropertyValueSpecification","valueRequired":true,"valueName":"search_term_string"}}],"inLanguage":"de"}]}},"_links":{"self":[{"href":"https:\/\/www.boomkwekerijroelofs.nl\/de\/wp-json\/wp\/v2\/pages\/98","targetHints":{"allow":["GET"]}}],"collection":[{"href":"https:\/\/www.boomkwekerijroelofs.nl\/de\/wp-json\/wp\/v2\/pages"}],"about":[{"href":"https:\/\/www.boomkwekerijroelofs.nl\/de\/wp-json\/wp\/v2\/types\/page"}],"author":[{"embeddable":true,"href":"https:\/\/www.boomkwekerijroelofs.nl\/de\/wp-json\/wp\/v2\/users\/1"}],"replies":[{"embeddable":true,"href":"https:\/\/www.boomkwekerijroelofs.nl\/de\/wp-json\/wp\/v2\/comments?post=98"}],"version-history":[{"count":20,"href":"https:\/\/www.boomkwekerijroelofs.nl\/de\/wp-json\/wp\/v2\/pages\/98\/revisions"}],"predecessor-version":[{"id":510,"href":"https:\/\/www.boomkwekerijroelofs.nl\/de\/wp-json\/wp\/v2\/pages\/98\/revisions\/510"}],"up":[{"embeddable":true,"href":"https:\/\/www.boomkwekerijroelofs.nl\/de\/wp-json\/wp\/v2\/pages\/96"}],"wp:attachment":[{"href":"https:\/\/www.boomkwekerijroelofs.nl\/de\/wp-json\/wp\/v2\/media?parent=98"}],"curies":[{"name":"wp","href":"https:\/\/api.w.org\/{rel}","templated":true}]}}