{"id":90,"date":"2019-07-05T15:35:47","date_gmt":"2019-07-05T13:35:47","guid":{"rendered":"https:\/\/www.boomkwekerijroelofs.nl\/de\/?page_id=90"},"modified":"2019-07-11T14:29:47","modified_gmt":"2019-07-11T12:29:47","slug":"track-trace","status":"publish","type":"page","link":"https:\/\/www.boomkwekerijroelofs.nl\/de\/unsere-qualitaet\/track-trace\/","title":{"rendered":"Track &#038; Trace"},"content":{"rendered":"<p>Seit 2015 k\u00f6nnen wir die R\u00fcckverfolgbarkeit unserer Unterlagen und B\u00e4ume garantieren. W\u00e4hrend der gesamten Anzucht, der Lagerung, dem Transport und der Auslieferung kann der Weg der Pflanzen verfolgt und der Produktionsprozess eingesehen werden. Die Kontrolle der Bestandsverwaltung, eine bessere Zusammenstellung der Partien, eine h\u00f6here Effizienz und geringere Kosten durch Automatisierung sind die wichtigsten Argumente daf\u00fcr.<\/p>\n<h2>Sortierung und Verpackung von B\u00e4umen<\/h2>\n<p>Die B\u00e4ume werden in der Lagerhalle auf Fliessb\u00e4ndern nach den verschiedenen Qualit\u00e4tsklassen sortiert. Dann gehen die Apfelb\u00e4ume geb\u00fcndelt durch eine Netzmaschine, damit m\u00f6glichst wenig Zweige abbrechen. Jede Palette kann \u00fcber das Track-&amp;-Trace-System bis in die K\u00fchlzelle des Endkunden verfolgt werden.<\/p>\n<h2>Sortierung von Unterlagen<\/h2>\n<p>Mithilfe optischer Kameras an der Sortiermaschine k\u00f6nnen die Unterlagen bis auf den Zehntelmillimeter genau sortiert werden.<\/p>\n<p><img loading=\"lazy\" decoding=\"async\" class=\"alignnone size-medium wp-image-164\" src=\"https:\/\/www.boomkwekerijroelofs.nl\/wp-content\/uploads\/sites\/3\/2019\/07\/2018-track-and-trace-sorteren-onderstammen8-300x200.jpg\" alt=\"\" width=\"300\" height=\"200\" srcset=\"https:\/\/www.boomkwekerijroelofs.nl\/wp-content\/uploads\/sites\/3\/2019\/07\/2018-track-and-trace-sorteren-onderstammen8-300x200.jpg 300w, https:\/\/www.boomkwekerijroelofs.nl\/wp-content\/uploads\/sites\/3\/2019\/07\/2018-track-and-trace-sorteren-onderstammen8-768x512.jpg 768w, https:\/\/www.boomkwekerijroelofs.nl\/wp-content\/uploads\/sites\/3\/2019\/07\/2018-track-and-trace-sorteren-onderstammen8.jpg 1024w\" sizes=\"auto, (max-width: 300px) 100vw, 300px\" \/><\/p>\n","protected":false},"excerpt":{"rendered":"<p>Seit 2015 k\u00f6nnen wir die R\u00fcckverfolgbarkeit unserer Unterlagen und B\u00e4ume garantieren. W\u00e4hrend der gesamten Anzucht, der Lagerung, dem Transport und der Auslieferung kann der Weg der Pflanzen verfolgt und der Produktionsprozess eingesehen werden. Die Kontrolle der Bestandsverwaltung, eine bessere Zusammenstellung der Partien, eine h\u00f6here Effizienz und geringere Kosten durch Automatisierung sind die wichtigsten Argumente daf\u00fcr. [&hellip;]<\/p>\n","protected":false},"author":1,"featured_media":162,"parent":81,"menu_order":0,"comment_status":"closed","ping_status":"closed","template":"","meta":{"_acf_changed":false,"footnotes":""},"class_list":["post-90","page","type-page","status-publish","has-post-thumbnail","hentry"],"acf":[],"yoast_head":"<!-- This site is optimized with the Yoast SEO plugin v27.5 - https:\/\/yoast.com\/product\/yoast-seo-wordpress\/ -->\n<title>Track &amp; Trace - Roelofs Baumschule<\/title>\n<meta name=\"robots\" content=\"index, follow, max-snippet:-1, max-image-preview:large, max-video-preview:-1\" \/>\n<link rel=\"canonical\" href=\"https:\/\/www.boomkwekerijroelofs.nl\/de\/unsere-qualitaet\/track-trace\/\" \/>\n<meta property=\"og:locale\" content=\"de_DE\" \/>\n<meta property=\"og:type\" content=\"article\" \/>\n<meta property=\"og:title\" content=\"Track &amp; Trace - Roelofs Baumschule\" \/>\n<meta property=\"og:description\" content=\"Seit 2015 k\u00f6nnen wir die R\u00fcckverfolgbarkeit unserer Unterlagen und B\u00e4ume garantieren. W\u00e4hrend der gesamten Anzucht, der Lagerung, dem Transport und der Auslieferung kann der Weg der Pflanzen verfolgt und der Produktionsprozess eingesehen werden. Die Kontrolle der Bestandsverwaltung, eine bessere Zusammenstellung der Partien, eine h\u00f6here Effizienz und geringere Kosten durch Automatisierung sind die wichtigsten Argumente daf\u00fcr. [&hellip;]\" \/>\n<meta property=\"og:url\" content=\"https:\/\/www.boomkwekerijroelofs.nl\/de\/unsere-qualitaet\/track-trace\/\" \/>\n<meta property=\"og:site_name\" content=\"Roelofs Baumschule\" \/>\n<meta property=\"article:modified_time\" content=\"2019-07-11T12:29:47+00:00\" \/>\n<meta property=\"og:image\" content=\"https:\/\/www.boomkwekerijroelofs.nl\/wp-content\/uploads\/sites\/3\/2019\/07\/2018-track-and-trace-sorteren-onderstammen13.jpg\" \/>\n\t<meta property=\"og:image:width\" content=\"1024\" \/>\n\t<meta property=\"og:image:height\" content=\"683\" \/>\n\t<meta property=\"og:image:type\" content=\"image\/jpeg\" \/>\n<meta name=\"twitter:card\" content=\"summary_large_image\" \/>\n<meta name=\"twitter:label1\" content=\"Gesch\u00e4tzte Lesezeit\" \/>\n\t<meta name=\"twitter:data1\" content=\"1\u00a0Minute\" \/>\n<script type=\"application\/ld+json\" class=\"yoast-schema-graph\">{\"@context\":\"https:\\\/\\\/schema.org\",\"@graph\":[{\"@type\":\"WebPage\",\"@id\":\"https:\\\/\\\/www.boomkwekerijroelofs.nl\\\/de\\\/unsere-qualitaet\\\/track-trace\\\/\",\"url\":\"https:\\\/\\\/www.boomkwekerijroelofs.nl\\\/de\\\/unsere-qualitaet\\\/track-trace\\\/\",\"name\":\"Track & Trace - Roelofs Baumschule\",\"isPartOf\":{\"@id\":\"https:\\\/\\\/www.boomkwekerijroelofs.nl\\\/de\\\/#website\"},\"primaryImageOfPage\":{\"@id\":\"https:\\\/\\\/www.boomkwekerijroelofs.nl\\\/de\\\/unsere-qualitaet\\\/track-trace\\\/#primaryimage\"},\"image\":{\"@id\":\"https:\\\/\\\/www.boomkwekerijroelofs.nl\\\/de\\\/unsere-qualitaet\\\/track-trace\\\/#primaryimage\"},\"thumbnailUrl\":\"https:\\\/\\\/www.boomkwekerijroelofs.nl\\\/wp-content\\\/uploads\\\/sites\\\/3\\\/2019\\\/07\\\/2018-track-and-trace-sorteren-onderstammen13.jpg\",\"datePublished\":\"2019-07-05T13:35:47+00:00\",\"dateModified\":\"2019-07-11T12:29:47+00:00\",\"breadcrumb\":{\"@id\":\"https:\\\/\\\/www.boomkwekerijroelofs.nl\\\/de\\\/unsere-qualitaet\\\/track-trace\\\/#breadcrumb\"},\"inLanguage\":\"de\",\"potentialAction\":[{\"@type\":\"ReadAction\",\"target\":[\"https:\\\/\\\/www.boomkwekerijroelofs.nl\\\/de\\\/unsere-qualitaet\\\/track-trace\\\/\"]}]},{\"@type\":\"ImageObject\",\"inLanguage\":\"de\",\"@id\":\"https:\\\/\\\/www.boomkwekerijroelofs.nl\\\/de\\\/unsere-qualitaet\\\/track-trace\\\/#primaryimage\",\"url\":\"https:\\\/\\\/www.boomkwekerijroelofs.nl\\\/wp-content\\\/uploads\\\/sites\\\/3\\\/2019\\\/07\\\/2018-track-and-trace-sorteren-onderstammen13.jpg\",\"contentUrl\":\"https:\\\/\\\/www.boomkwekerijroelofs.nl\\\/wp-content\\\/uploads\\\/sites\\\/3\\\/2019\\\/07\\\/2018-track-and-trace-sorteren-onderstammen13.jpg\",\"width\":1024,\"height\":683},{\"@type\":\"BreadcrumbList\",\"@id\":\"https:\\\/\\\/www.boomkwekerijroelofs.nl\\\/de\\\/unsere-qualitaet\\\/track-trace\\\/#breadcrumb\",\"itemListElement\":[{\"@type\":\"ListItem\",\"position\":1,\"name\":\"Home\",\"item\":\"https:\\\/\\\/www.boomkwekerijroelofs.nl\\\/de\\\/\"},{\"@type\":\"ListItem\",\"position\":2,\"name\":\"Unsere Qualit\u00e4t\",\"item\":\"https:\\\/\\\/www.boomkwekerijroelofs.nl\\\/de\\\/unsere-qualitaet\\\/\"},{\"@type\":\"ListItem\",\"position\":3,\"name\":\"Track &#038; Trace\"}]},{\"@type\":\"WebSite\",\"@id\":\"https:\\\/\\\/www.boomkwekerijroelofs.nl\\\/de\\\/#website\",\"url\":\"https:\\\/\\\/www.boomkwekerijroelofs.nl\\\/de\\\/\",\"name\":\"Roelofs Baumschule\",\"description\":\"\",\"potentialAction\":[{\"@type\":\"SearchAction\",\"target\":{\"@type\":\"EntryPoint\",\"urlTemplate\":\"https:\\\/\\\/www.boomkwekerijroelofs.nl\\\/de\\\/?s={search_term_string}\"},\"query-input\":{\"@type\":\"PropertyValueSpecification\",\"valueRequired\":true,\"valueName\":\"search_term_string\"}}],\"inLanguage\":\"de\"}]}<\/script>\n<!-- \/ Yoast SEO plugin. -->","yoast_head_json":{"title":"Track & Trace - Roelofs Baumschule","robots":{"index":"index","follow":"follow","max-snippet":"max-snippet:-1","max-image-preview":"max-image-preview:large","max-video-preview":"max-video-preview:-1"},"canonical":"https:\/\/www.boomkwekerijroelofs.nl\/de\/unsere-qualitaet\/track-trace\/","og_locale":"de_DE","og_type":"article","og_title":"Track & Trace - Roelofs Baumschule","og_description":"Seit 2015 k\u00f6nnen wir die R\u00fcckverfolgbarkeit unserer Unterlagen und B\u00e4ume garantieren. W\u00e4hrend der gesamten Anzucht, der Lagerung, dem Transport und der Auslieferung kann der Weg der Pflanzen verfolgt und der Produktionsprozess eingesehen werden. Die Kontrolle der Bestandsverwaltung, eine bessere Zusammenstellung der Partien, eine h\u00f6here Effizienz und geringere Kosten durch Automatisierung sind die wichtigsten Argumente daf\u00fcr. [&hellip;]","og_url":"https:\/\/www.boomkwekerijroelofs.nl\/de\/unsere-qualitaet\/track-trace\/","og_site_name":"Roelofs Baumschule","article_modified_time":"2019-07-11T12:29:47+00:00","og_image":[{"width":1024,"height":683,"url":"https:\/\/www.boomkwekerijroelofs.nl\/wp-content\/uploads\/sites\/3\/2019\/07\/2018-track-and-trace-sorteren-onderstammen13.jpg","type":"image\/jpeg"}],"twitter_card":"summary_large_image","twitter_misc":{"Gesch\u00e4tzte Lesezeit":"1\u00a0Minute"},"schema":{"@context":"https:\/\/schema.org","@graph":[{"@type":"WebPage","@id":"https:\/\/www.boomkwekerijroelofs.nl\/de\/unsere-qualitaet\/track-trace\/","url":"https:\/\/www.boomkwekerijroelofs.nl\/de\/unsere-qualitaet\/track-trace\/","name":"Track & Trace - Roelofs Baumschule","isPartOf":{"@id":"https:\/\/www.boomkwekerijroelofs.nl\/de\/#website"},"primaryImageOfPage":{"@id":"https:\/\/www.boomkwekerijroelofs.nl\/de\/unsere-qualitaet\/track-trace\/#primaryimage"},"image":{"@id":"https:\/\/www.boomkwekerijroelofs.nl\/de\/unsere-qualitaet\/track-trace\/#primaryimage"},"thumbnailUrl":"https:\/\/www.boomkwekerijroelofs.nl\/wp-content\/uploads\/sites\/3\/2019\/07\/2018-track-and-trace-sorteren-onderstammen13.jpg","datePublished":"2019-07-05T13:35:47+00:00","dateModified":"2019-07-11T12:29:47+00:00","breadcrumb":{"@id":"https:\/\/www.boomkwekerijroelofs.nl\/de\/unsere-qualitaet\/track-trace\/#breadcrumb"},"inLanguage":"de","potentialAction":[{"@type":"ReadAction","target":["https:\/\/www.boomkwekerijroelofs.nl\/de\/unsere-qualitaet\/track-trace\/"]}]},{"@type":"ImageObject","inLanguage":"de","@id":"https:\/\/www.boomkwekerijroelofs.nl\/de\/unsere-qualitaet\/track-trace\/#primaryimage","url":"https:\/\/www.boomkwekerijroelofs.nl\/wp-content\/uploads\/sites\/3\/2019\/07\/2018-track-and-trace-sorteren-onderstammen13.jpg","contentUrl":"https:\/\/www.boomkwekerijroelofs.nl\/wp-content\/uploads\/sites\/3\/2019\/07\/2018-track-and-trace-sorteren-onderstammen13.jpg","width":1024,"height":683},{"@type":"BreadcrumbList","@id":"https:\/\/www.boomkwekerijroelofs.nl\/de\/unsere-qualitaet\/track-trace\/#breadcrumb","itemListElement":[{"@type":"ListItem","position":1,"name":"Home","item":"https:\/\/www.boomkwekerijroelofs.nl\/de\/"},{"@type":"ListItem","position":2,"name":"Unsere Qualit\u00e4t","item":"https:\/\/www.boomkwekerijroelofs.nl\/de\/unsere-qualitaet\/"},{"@type":"ListItem","position":3,"name":"Track &#038; Trace"}]},{"@type":"WebSite","@id":"https:\/\/www.boomkwekerijroelofs.nl\/de\/#website","url":"https:\/\/www.boomkwekerijroelofs.nl\/de\/","name":"Roelofs Baumschule","description":"","potentialAction":[{"@type":"SearchAction","target":{"@type":"EntryPoint","urlTemplate":"https:\/\/www.boomkwekerijroelofs.nl\/de\/?s={search_term_string}"},"query-input":{"@type":"PropertyValueSpecification","valueRequired":true,"valueName":"search_term_string"}}],"inLanguage":"de"}]}},"_links":{"self":[{"href":"https:\/\/www.boomkwekerijroelofs.nl\/de\/wp-json\/wp\/v2\/pages\/90","targetHints":{"allow":["GET"]}}],"collection":[{"href":"https:\/\/www.boomkwekerijroelofs.nl\/de\/wp-json\/wp\/v2\/pages"}],"about":[{"href":"https:\/\/www.boomkwekerijroelofs.nl\/de\/wp-json\/wp\/v2\/types\/page"}],"author":[{"embeddable":true,"href":"https:\/\/www.boomkwekerijroelofs.nl\/de\/wp-json\/wp\/v2\/users\/1"}],"replies":[{"embeddable":true,"href":"https:\/\/www.boomkwekerijroelofs.nl\/de\/wp-json\/wp\/v2\/comments?post=90"}],"version-history":[{"count":4,"href":"https:\/\/www.boomkwekerijroelofs.nl\/de\/wp-json\/wp\/v2\/pages\/90\/revisions"}],"predecessor-version":[{"id":261,"href":"https:\/\/www.boomkwekerijroelofs.nl\/de\/wp-json\/wp\/v2\/pages\/90\/revisions\/261"}],"up":[{"embeddable":true,"href":"https:\/\/www.boomkwekerijroelofs.nl\/de\/wp-json\/wp\/v2\/pages\/81"}],"wp:featuredmedia":[{"embeddable":true,"href":"https:\/\/www.boomkwekerijroelofs.nl\/de\/wp-json\/wp\/v2\/media\/162"}],"wp:attachment":[{"href":"https:\/\/www.boomkwekerijroelofs.nl\/de\/wp-json\/wp\/v2\/media?parent=90"}],"curies":[{"name":"wp","href":"https:\/\/api.w.org\/{rel}","templated":true}]}}