{"id":86,"date":"2019-07-05T15:30:09","date_gmt":"2019-07-05T13:30:09","guid":{"rendered":"https:\/\/www.boomkwekerijroelofs.nl\/de\/?page_id=86"},"modified":"2019-07-12T11:41:03","modified_gmt":"2019-07-12T09:41:03","slug":"anzucht-von-obstbaeumen","status":"publish","type":"page","link":"https:\/\/www.boomkwekerijroelofs.nl\/de\/unsere-qualitaet\/anzucht-von-obstbaeumen\/","title":{"rendered":"Anzucht von Obst&shy;b\u00e4umen"},"content":{"rendered":"<p>Der fruchtbare und wuchsstarker Meeresboden im S\u00fcden der Provinz Flevoland verf\u00fcgt \u00fcber eine hervorragende Struktur. Sie bilden die ideale Grundlage f\u00fcr die Erzeugung von qualitativ hochwertigem Ausgangsmaterial. Die Pr\u00e4zisions-Pflanzmaschinen garantieren einen exakten Pflanzabstand und eine pr\u00e4zise Pflanztiefe. Dadurch k\u00f6nnen sich die Triebe in allen Richtungen optimal entwickeln.<\/p>\n<p>F\u00fcr die Anzucht unserer B\u00e4ume verwenden wir nach M\u00f6glichkeit virusfreie Edelreiser, u.a. von den\u00a0<strong><em><a href=\"http:\/\/vermeerderingstuinen.nl\/\">Vermeerderingstuinen Nederland<\/a><\/em><\/strong>. Die Kopulation mit Gegenzunge bildet die st\u00e4rkste Verbindung zwischen Unterlage und Sorte und damit die Grundlage f\u00fcr die Entwicklung des Apfelbaums in der Baumschule.<\/p>\n<p><img loading=\"lazy\" decoding=\"async\" class=\"alignnone size-medium wp-image-151\" src=\"https:\/\/www.boomkwekerijroelofs.nl\/wp-content\/uploads\/sites\/3\/2019\/07\/2018-opkweek-bomen-copulatie-met-tegentong2-300x200.jpg\" alt=\"\" width=\"300\" height=\"200\" srcset=\"https:\/\/www.boomkwekerijroelofs.nl\/wp-content\/uploads\/sites\/3\/2019\/07\/2018-opkweek-bomen-copulatie-met-tegentong2-300x200.jpg 300w, https:\/\/www.boomkwekerijroelofs.nl\/wp-content\/uploads\/sites\/3\/2019\/07\/2018-opkweek-bomen-copulatie-met-tegentong2-768x512.jpg 768w, https:\/\/www.boomkwekerijroelofs.nl\/wp-content\/uploads\/sites\/3\/2019\/07\/2018-opkweek-bomen-copulatie-met-tegentong2-1024x683.jpg 1024w\" sizes=\"auto, (max-width: 300px) 100vw, 300px\" \/><\/p>\n<p>Birnenb\u00e4ume werden im August veredelt. Daf\u00fcr verwenden wir nur die besten Unterlagen aus den eigenen Mutterbeeten, denn die Qualit\u00e4t des Ausgangsmaterials hat gro\u00dfen Einfluss auf die Entwicklung der B\u00e4ume in der Wachstumsphase.<\/p>\n<h2>Wachstum der B\u00e4ume im Sommer<\/h2>\n<p>In der Anzuchtphase wird die Qualit\u00e4t der B\u00e4ume und Unterlagen \u00fcberwacht und es werden, wenn n\u00f6tig, Gegenma\u00dfnahmen ergriffen. Wenn es um die Planung der verschiedenen Anzuchtschritte geht, hat jeder Baumtyp und jede Sorte seine bzw. ihre eigenen Bed\u00fcrfnisse, z.\u00a0B. beim Setzen der Pf\u00e4hle, beim Anbinden der B\u00e4ume, beim Aufputzen, bei der Selektion \u00a0bei der Veredlung, \u00a0beim Unkrautbk\u00e4mpfen und beim Pflanzenschutz.<\/p>\n<p><img loading=\"lazy\" decoding=\"async\" class=\"alignnone size-medium wp-image-152\" src=\"https:\/\/www.boomkwekerijroelofs.nl\/wp-content\/uploads\/sites\/3\/2019\/07\/2018-opkweek-bomen-perenboom-4-300x200.jpg\" alt=\"\" width=\"300\" height=\"200\" srcset=\"https:\/\/www.boomkwekerijroelofs.nl\/wp-content\/uploads\/sites\/3\/2019\/07\/2018-opkweek-bomen-perenboom-4-300x200.jpg 300w, https:\/\/www.boomkwekerijroelofs.nl\/wp-content\/uploads\/sites\/3\/2019\/07\/2018-opkweek-bomen-perenboom-4-768x513.jpg 768w, https:\/\/www.boomkwekerijroelofs.nl\/wp-content\/uploads\/sites\/3\/2019\/07\/2018-opkweek-bomen-perenboom-4-1024x683.jpg 1024w\" sizes=\"auto, (max-width: 300px) 100vw, 300px\" \/><\/p>\n<p>Eventuelle Sonderw\u00fcnsche der Obsterzeuger, etwa in Bezug auf die Veredelungsh\u00f6he, die H\u00f6he der Zweige oder die Baumform werden vorab dokumentiert. Rechtzeitige Absprachen \u00fcber den perfekten Baum sind f\u00fcr uns ein wichtiger Aspekt. Die qualitativen Grundanforderungen, die die B\u00e4ume erf\u00fcllen m\u00fcssen, werden von <strong><em><a href=\"http:\/\/www.naktuinbouw.nl\/\">Naktuinbouw<\/a><\/em><\/strong> festgelegt und \u00fcberpr\u00fcft. Weitere Qualit\u00e4tskriterien werden in Absprache mit dem Kunden festgelegt. Kunden, die ihre B\u00e4ume in unserer Baumschule besichtigen m\u00f6chten, sollten dies kurz vor der Ernte tun.<\/p>\n<h2><img loading=\"lazy\" decoding=\"async\" class=\"size-medium wp-image-147 alignnone\" src=\"https:\/\/www.boomkwekerijroelofs.nl\/wp-content\/uploads\/sites\/3\/2019\/07\/2018-kwaliteitsstrategie-inspectie-blad-1-300x196.jpg\" alt=\"\" width=\"300\" height=\"196\" srcset=\"https:\/\/www.boomkwekerijroelofs.nl\/wp-content\/uploads\/sites\/3\/2019\/07\/2018-kwaliteitsstrategie-inspectie-blad-1-300x196.jpg 300w, https:\/\/www.boomkwekerijroelofs.nl\/wp-content\/uploads\/sites\/3\/2019\/07\/2018-kwaliteitsstrategie-inspectie-blad-1-768x503.jpg 768w, https:\/\/www.boomkwekerijroelofs.nl\/wp-content\/uploads\/sites\/3\/2019\/07\/2018-kwaliteitsstrategie-inspectie-blad-1-1024x670.jpg 1024w\" sizes=\"auto, (max-width: 300px) 100vw, 300px\" \/><\/h2>\n<p>&nbsp;<\/p>\n<h2>Rodung<\/h2>\n<p>Beim Roden der Obstb\u00e4ume kommt ein eigens entwickelter Klemmbandroder zum Einsatz.\u00a0Dabei d\u00fcrfen die B\u00e4ume nicht zu viel Laub tragen, da sonst die Gefahr einer Austrocknung bzw. Selbsterhitzung besteht. Gut ausgereifte B\u00e4ume sind weniger anf\u00e4llig und wachsen besser.<\/p>\n<p><img loading=\"lazy\" decoding=\"async\" class=\"alignnone size-medium wp-image-153\" src=\"https:\/\/www.boomkwekerijroelofs.nl\/wp-content\/uploads\/sites\/3\/2019\/07\/2018-opkweek-bomen-rooien-appelbomen2-300x169.jpg\" alt=\"\" width=\"300\" height=\"169\" srcset=\"https:\/\/www.boomkwekerijroelofs.nl\/wp-content\/uploads\/sites\/3\/2019\/07\/2018-opkweek-bomen-rooien-appelbomen2-300x169.jpg 300w, https:\/\/www.boomkwekerijroelofs.nl\/wp-content\/uploads\/sites\/3\/2019\/07\/2018-opkweek-bomen-rooien-appelbomen2-768x432.jpg 768w, https:\/\/www.boomkwekerijroelofs.nl\/wp-content\/uploads\/sites\/3\/2019\/07\/2018-opkweek-bomen-rooien-appelbomen2-1024x576.jpg 1024w, https:\/\/www.boomkwekerijroelofs.nl\/wp-content\/uploads\/sites\/3\/2019\/07\/2018-opkweek-bomen-rooien-appelbomen2.jpg 1600w\" sizes=\"auto, (max-width: 300px) 100vw, 300px\" \/><\/p>\n","protected":false},"excerpt":{"rendered":"<p>Der fruchtbare und wuchsstarker Meeresboden im S\u00fcden der Provinz Flevoland verf\u00fcgt \u00fcber eine hervorragende Struktur. Sie bilden die ideale Grundlage f\u00fcr die Erzeugung von qualitativ hochwertigem Ausgangsmaterial. Die Pr\u00e4zisions-Pflanzmaschinen garantieren einen exakten Pflanzabstand und eine pr\u00e4zise Pflanztiefe. Dadurch k\u00f6nnen sich die Triebe in allen Richtungen optimal entwickeln. F\u00fcr die Anzucht unserer B\u00e4ume verwenden wir nach [&hellip;]<\/p>\n","protected":false},"author":1,"featured_media":145,"parent":81,"menu_order":0,"comment_status":"closed","ping_status":"closed","template":"","meta":{"_acf_changed":false,"footnotes":""},"class_list":["post-86","page","type-page","status-publish","has-post-thumbnail","hentry"],"acf":[],"yoast_head":"<!-- This site is optimized with the Yoast SEO plugin v27.5 - https:\/\/yoast.com\/product\/yoast-seo-wordpress\/ -->\n<title>Anzucht von Obst&shy;b\u00e4umen - Roelofs Baumschule<\/title>\n<meta name=\"robots\" content=\"index, follow, max-snippet:-1, max-image-preview:large, max-video-preview:-1\" \/>\n<link rel=\"canonical\" href=\"https:\/\/www.boomkwekerijroelofs.nl\/de\/unsere-qualitaet\/anzucht-von-obstbaeumen\/\" \/>\n<meta property=\"og:locale\" content=\"de_DE\" \/>\n<meta property=\"og:type\" content=\"article\" \/>\n<meta property=\"og:title\" content=\"Anzucht von Obst&shy;b\u00e4umen - Roelofs Baumschule\" \/>\n<meta property=\"og:description\" content=\"Der fruchtbare und wuchsstarker Meeresboden im S\u00fcden der Provinz Flevoland verf\u00fcgt \u00fcber eine hervorragende Struktur. Sie bilden die ideale Grundlage f\u00fcr die Erzeugung von qualitativ hochwertigem Ausgangsmaterial. Die Pr\u00e4zisions-Pflanzmaschinen garantieren einen exakten Pflanzabstand und eine pr\u00e4zise Pflanztiefe. Dadurch k\u00f6nnen sich die Triebe in allen Richtungen optimal entwickeln. F\u00fcr die Anzucht unserer B\u00e4ume verwenden wir nach [&hellip;]\" \/>\n<meta property=\"og:url\" content=\"https:\/\/www.boomkwekerijroelofs.nl\/de\/unsere-qualitaet\/anzucht-von-obstbaeumen\/\" \/>\n<meta property=\"og:site_name\" content=\"Roelofs Baumschule\" \/>\n<meta property=\"article:modified_time\" content=\"2019-07-12T09:41:03+00:00\" \/>\n<meta property=\"og:image\" content=\"https:\/\/www.boomkwekerijroelofs.nl\/wp-content\/uploads\/sites\/3\/2019\/07\/2018-opkweek-bomen-perenboom-vastzetten2-1024x683.jpg\" \/>\n\t<meta property=\"og:image:width\" content=\"1024\" \/>\n\t<meta property=\"og:image:height\" content=\"683\" \/>\n\t<meta property=\"og:image:type\" content=\"image\/jpeg\" \/>\n<meta name=\"twitter:card\" content=\"summary_large_image\" \/>\n<meta name=\"twitter:label1\" content=\"Gesch\u00e4tzte Lesezeit\" \/>\n\t<meta name=\"twitter:data1\" content=\"2\u00a0Minuten\" \/>\n<script type=\"application\/ld+json\" class=\"yoast-schema-graph\">{\"@context\":\"https:\\\/\\\/schema.org\",\"@graph\":[{\"@type\":\"WebPage\",\"@id\":\"https:\\\/\\\/www.boomkwekerijroelofs.nl\\\/de\\\/unsere-qualitaet\\\/anzucht-von-obstbaeumen\\\/\",\"url\":\"https:\\\/\\\/www.boomkwekerijroelofs.nl\\\/de\\\/unsere-qualitaet\\\/anzucht-von-obstbaeumen\\\/\",\"name\":\"Anzucht von Obst&shy;b\u00e4umen - Roelofs Baumschule\",\"isPartOf\":{\"@id\":\"https:\\\/\\\/www.boomkwekerijroelofs.nl\\\/de\\\/#website\"},\"primaryImageOfPage\":{\"@id\":\"https:\\\/\\\/www.boomkwekerijroelofs.nl\\\/de\\\/unsere-qualitaet\\\/anzucht-von-obstbaeumen\\\/#primaryimage\"},\"image\":{\"@id\":\"https:\\\/\\\/www.boomkwekerijroelofs.nl\\\/de\\\/unsere-qualitaet\\\/anzucht-von-obstbaeumen\\\/#primaryimage\"},\"thumbnailUrl\":\"https:\\\/\\\/www.boomkwekerijroelofs.nl\\\/wp-content\\\/uploads\\\/sites\\\/3\\\/2019\\\/07\\\/2018-opkweek-bomen-perenboom-vastzetten2.jpg\",\"datePublished\":\"2019-07-05T13:30:09+00:00\",\"dateModified\":\"2019-07-12T09:41:03+00:00\",\"breadcrumb\":{\"@id\":\"https:\\\/\\\/www.boomkwekerijroelofs.nl\\\/de\\\/unsere-qualitaet\\\/anzucht-von-obstbaeumen\\\/#breadcrumb\"},\"inLanguage\":\"de\",\"potentialAction\":[{\"@type\":\"ReadAction\",\"target\":[\"https:\\\/\\\/www.boomkwekerijroelofs.nl\\\/de\\\/unsere-qualitaet\\\/anzucht-von-obstbaeumen\\\/\"]}]},{\"@type\":\"ImageObject\",\"inLanguage\":\"de\",\"@id\":\"https:\\\/\\\/www.boomkwekerijroelofs.nl\\\/de\\\/unsere-qualitaet\\\/anzucht-von-obstbaeumen\\\/#primaryimage\",\"url\":\"https:\\\/\\\/www.boomkwekerijroelofs.nl\\\/wp-content\\\/uploads\\\/sites\\\/3\\\/2019\\\/07\\\/2018-opkweek-bomen-perenboom-vastzetten2.jpg\",\"contentUrl\":\"https:\\\/\\\/www.boomkwekerijroelofs.nl\\\/wp-content\\\/uploads\\\/sites\\\/3\\\/2019\\\/07\\\/2018-opkweek-bomen-perenboom-vastzetten2.jpg\",\"width\":3539,\"height\":2362},{\"@type\":\"BreadcrumbList\",\"@id\":\"https:\\\/\\\/www.boomkwekerijroelofs.nl\\\/de\\\/unsere-qualitaet\\\/anzucht-von-obstbaeumen\\\/#breadcrumb\",\"itemListElement\":[{\"@type\":\"ListItem\",\"position\":1,\"name\":\"Home\",\"item\":\"https:\\\/\\\/www.boomkwekerijroelofs.nl\\\/de\\\/\"},{\"@type\":\"ListItem\",\"position\":2,\"name\":\"Unsere Qualit\u00e4t\",\"item\":\"https:\\\/\\\/www.boomkwekerijroelofs.nl\\\/de\\\/unsere-qualitaet\\\/\"},{\"@type\":\"ListItem\",\"position\":3,\"name\":\"Anzucht von Obst&shy;b\u00e4umen\"}]},{\"@type\":\"WebSite\",\"@id\":\"https:\\\/\\\/www.boomkwekerijroelofs.nl\\\/de\\\/#website\",\"url\":\"https:\\\/\\\/www.boomkwekerijroelofs.nl\\\/de\\\/\",\"name\":\"Roelofs Baumschule\",\"description\":\"\",\"potentialAction\":[{\"@type\":\"SearchAction\",\"target\":{\"@type\":\"EntryPoint\",\"urlTemplate\":\"https:\\\/\\\/www.boomkwekerijroelofs.nl\\\/de\\\/?s={search_term_string}\"},\"query-input\":{\"@type\":\"PropertyValueSpecification\",\"valueRequired\":true,\"valueName\":\"search_term_string\"}}],\"inLanguage\":\"de\"}]}<\/script>\n<!-- \/ Yoast SEO plugin. -->","yoast_head_json":{"title":"Anzucht von Obst&shy;b\u00e4umen - Roelofs Baumschule","robots":{"index":"index","follow":"follow","max-snippet":"max-snippet:-1","max-image-preview":"max-image-preview:large","max-video-preview":"max-video-preview:-1"},"canonical":"https:\/\/www.boomkwekerijroelofs.nl\/de\/unsere-qualitaet\/anzucht-von-obstbaeumen\/","og_locale":"de_DE","og_type":"article","og_title":"Anzucht von Obst&shy;b\u00e4umen - Roelofs Baumschule","og_description":"Der fruchtbare und wuchsstarker Meeresboden im S\u00fcden der Provinz Flevoland verf\u00fcgt \u00fcber eine hervorragende Struktur. Sie bilden die ideale Grundlage f\u00fcr die Erzeugung von qualitativ hochwertigem Ausgangsmaterial. Die Pr\u00e4zisions-Pflanzmaschinen garantieren einen exakten Pflanzabstand und eine pr\u00e4zise Pflanztiefe. Dadurch k\u00f6nnen sich die Triebe in allen Richtungen optimal entwickeln. F\u00fcr die Anzucht unserer B\u00e4ume verwenden wir nach [&hellip;]","og_url":"https:\/\/www.boomkwekerijroelofs.nl\/de\/unsere-qualitaet\/anzucht-von-obstbaeumen\/","og_site_name":"Roelofs Baumschule","article_modified_time":"2019-07-12T09:41:03+00:00","og_image":[{"width":1024,"height":683,"url":"https:\/\/www.boomkwekerijroelofs.nl\/wp-content\/uploads\/sites\/3\/2019\/07\/2018-opkweek-bomen-perenboom-vastzetten2-1024x683.jpg","type":"image\/jpeg"}],"twitter_card":"summary_large_image","twitter_misc":{"Gesch\u00e4tzte Lesezeit":"2\u00a0Minuten"},"schema":{"@context":"https:\/\/schema.org","@graph":[{"@type":"WebPage","@id":"https:\/\/www.boomkwekerijroelofs.nl\/de\/unsere-qualitaet\/anzucht-von-obstbaeumen\/","url":"https:\/\/www.boomkwekerijroelofs.nl\/de\/unsere-qualitaet\/anzucht-von-obstbaeumen\/","name":"Anzucht von Obst&shy;b\u00e4umen - Roelofs Baumschule","isPartOf":{"@id":"https:\/\/www.boomkwekerijroelofs.nl\/de\/#website"},"primaryImageOfPage":{"@id":"https:\/\/www.boomkwekerijroelofs.nl\/de\/unsere-qualitaet\/anzucht-von-obstbaeumen\/#primaryimage"},"image":{"@id":"https:\/\/www.boomkwekerijroelofs.nl\/de\/unsere-qualitaet\/anzucht-von-obstbaeumen\/#primaryimage"},"thumbnailUrl":"https:\/\/www.boomkwekerijroelofs.nl\/wp-content\/uploads\/sites\/3\/2019\/07\/2018-opkweek-bomen-perenboom-vastzetten2.jpg","datePublished":"2019-07-05T13:30:09+00:00","dateModified":"2019-07-12T09:41:03+00:00","breadcrumb":{"@id":"https:\/\/www.boomkwekerijroelofs.nl\/de\/unsere-qualitaet\/anzucht-von-obstbaeumen\/#breadcrumb"},"inLanguage":"de","potentialAction":[{"@type":"ReadAction","target":["https:\/\/www.boomkwekerijroelofs.nl\/de\/unsere-qualitaet\/anzucht-von-obstbaeumen\/"]}]},{"@type":"ImageObject","inLanguage":"de","@id":"https:\/\/www.boomkwekerijroelofs.nl\/de\/unsere-qualitaet\/anzucht-von-obstbaeumen\/#primaryimage","url":"https:\/\/www.boomkwekerijroelofs.nl\/wp-content\/uploads\/sites\/3\/2019\/07\/2018-opkweek-bomen-perenboom-vastzetten2.jpg","contentUrl":"https:\/\/www.boomkwekerijroelofs.nl\/wp-content\/uploads\/sites\/3\/2019\/07\/2018-opkweek-bomen-perenboom-vastzetten2.jpg","width":3539,"height":2362},{"@type":"BreadcrumbList","@id":"https:\/\/www.boomkwekerijroelofs.nl\/de\/unsere-qualitaet\/anzucht-von-obstbaeumen\/#breadcrumb","itemListElement":[{"@type":"ListItem","position":1,"name":"Home","item":"https:\/\/www.boomkwekerijroelofs.nl\/de\/"},{"@type":"ListItem","position":2,"name":"Unsere Qualit\u00e4t","item":"https:\/\/www.boomkwekerijroelofs.nl\/de\/unsere-qualitaet\/"},{"@type":"ListItem","position":3,"name":"Anzucht von Obst&shy;b\u00e4umen"}]},{"@type":"WebSite","@id":"https:\/\/www.boomkwekerijroelofs.nl\/de\/#website","url":"https:\/\/www.boomkwekerijroelofs.nl\/de\/","name":"Roelofs Baumschule","description":"","potentialAction":[{"@type":"SearchAction","target":{"@type":"EntryPoint","urlTemplate":"https:\/\/www.boomkwekerijroelofs.nl\/de\/?s={search_term_string}"},"query-input":{"@type":"PropertyValueSpecification","valueRequired":true,"valueName":"search_term_string"}}],"inLanguage":"de"}]}},"_links":{"self":[{"href":"https:\/\/www.boomkwekerijroelofs.nl\/de\/wp-json\/wp\/v2\/pages\/86","targetHints":{"allow":["GET"]}}],"collection":[{"href":"https:\/\/www.boomkwekerijroelofs.nl\/de\/wp-json\/wp\/v2\/pages"}],"about":[{"href":"https:\/\/www.boomkwekerijroelofs.nl\/de\/wp-json\/wp\/v2\/types\/page"}],"author":[{"embeddable":true,"href":"https:\/\/www.boomkwekerijroelofs.nl\/de\/wp-json\/wp\/v2\/users\/1"}],"replies":[{"embeddable":true,"href":"https:\/\/www.boomkwekerijroelofs.nl\/de\/wp-json\/wp\/v2\/comments?post=86"}],"version-history":[{"count":6,"href":"https:\/\/www.boomkwekerijroelofs.nl\/de\/wp-json\/wp\/v2\/pages\/86\/revisions"}],"predecessor-version":[{"id":273,"href":"https:\/\/www.boomkwekerijroelofs.nl\/de\/wp-json\/wp\/v2\/pages\/86\/revisions\/273"}],"up":[{"embeddable":true,"href":"https:\/\/www.boomkwekerijroelofs.nl\/de\/wp-json\/wp\/v2\/pages\/81"}],"wp:featuredmedia":[{"embeddable":true,"href":"https:\/\/www.boomkwekerijroelofs.nl\/de\/wp-json\/wp\/v2\/media\/145"}],"wp:attachment":[{"href":"https:\/\/www.boomkwekerijroelofs.nl\/de\/wp-json\/wp\/v2\/media?parent=86"}],"curies":[{"name":"wp","href":"https:\/\/api.w.org\/{rel}","templated":true}]}}