{"id":81,"date":"2019-07-05T15:26:18","date_gmt":"2019-07-05T13:26:18","guid":{"rendered":"https:\/\/www.boomkwekerijroelofs.nl\/de\/?page_id=81"},"modified":"2019-07-11T13:41:53","modified_gmt":"2019-07-11T11:41:53","slug":"unsere-qualitaet","status":"publish","type":"page","link":"https:\/\/www.boomkwekerijroelofs.nl\/de\/unsere-qualitaet\/","title":{"rendered":"Unsere Qualit\u00e4t"},"content":{"rendered":"<p>Mit der Qualit\u00e4t und Vitalit\u00e4t unserer Obstb\u00e4ume m\u00f6chten wir uns unterscheiden. Der wichtigste Aspekt unserer Qualit\u00e4tsstrategie sind die regelm\u00e4\u00dfigen Kontakte mit den Kunden. Denn wenn wir ihre W\u00fcnsche kennen, k\u00f6nnen wir uns auch darauf einstellen. Dieser Grundsatz zieht sich wie ein roter Faden durch unser Betriebsmanagement.<\/p>\n<h2><strong>Kenmerkend f\u00fcr unsere Obstb\u00e4ume und Unterlagen ist \u00a0unsere Vitalit\u00e4t<\/strong><\/h2>\n<p>&nbsp;<\/p>\n<p>Die ausgew\u00e4hlten Unterlagen stammen von eigenen, sorgf\u00e4ltig gepflegten Mutterbeeten.<\/p>\n<ul>\n<li>Das hochwertige, virusfreie Ausgangsmaterial beziehen wir haupts\u00e4chlich von den \u201eVermeerderingstuinen\u201c, dem Niederl\u00e4ndischen Reiserschnittgarten.<\/li>\n<li>Zertifikat erster Klasse (Elite\u00ae) von Naktuinbouw f\u00fcr alle unsere Obstb\u00e4ume und Unterlagen<\/li>\n<li>Anzucht auf fruchtbarem und jungfr\u00e4ulichem Meeresboden.<\/li>\n<li>Das Fertigationssystem bewirkt eine zeitige und gleichm\u00e4ssige Wasser- und N\u00e4hrstoffzugabe an die Obstb\u00e4ume, was zu einem g\u00fcnstigen Wachstum beitr\u00e4gt.<\/li>\n<li>Die Pflanzenschutzmittel und Blattd\u00fcnger werden horizontal und vertikal ausgebracht, um eine optimal Verteilung zu erreichen.<\/li>\n<li>Die Obstb\u00e4ume werden in Netze verpackt, um Astbruch zu vermeiden.<\/li>\n<li>Eine deutliche Etikettierung mit einem Barcode auf den Paletten garantiert eine Zur\u00fcckverfolgung der Obstb\u00e4ume und Unterlagen.<\/li>\n<li>Forschung und Investitionen in neue Obstsorten und Mutanten im Hinblick auf die Rentabilit\u00e4t bei der Erzeugung<\/li>\n<\/ul>\n<p>&nbsp;<\/p>\n<h2><strong>Lagerung<\/strong><\/h2>\n<p>Nach dem Roden werden die Obstb\u00e4ume und Unterlagen in einem K\u00fchllager mit Verneblungssystem eingelagert. Wir achten auf eine sorgf\u00e4ltige Verpackung und Transport der Pflanzen bis zu den Erzeugern. Auch bei der Lagerung der B\u00e4ume bei den Erzeugern bis zum Zeitpunkt der Pflanzung,\u00a0 beraten wir gerne. Unser Ziel ist es, um damit die besten Voraussetzungen vor dem Pflanzen zu haben.<\/p>\n<h2>Kontrolle intern und extern<\/h2>\n<p>W\u00e4hrend der gesamten Anzucht werden die Pflanzen sorgf\u00e4ltig kontrolliert. Die zust\u00e4ndigen Mitarbeiter achten dabei vor allem auf \u00e4u\u00dferlich erkennbare Krankheiten, Sortenreinheit, Vitalit\u00e4t und ein ausgewogenes Wachstum.\u00a0Die externe Kontrolle wird vom Pr\u00fcfmeister von Naktuinbouw vorgenommen. Er kontrolliert s\u00e4mtliche B\u00e4ume und Unterlagen auf ihre innere und \u00e4u\u00dfere Qualit\u00e4t hin. Unregelm\u00e4\u00dfigkeiten werden sowohl vom Pr\u00fcfmeister als auch den unternehmenseigenen Qualit\u00e4tsmitarbeitern registriert und anschlie\u00dfend werden geeignete Gegenma\u00dfnahmen ergriffen. Beim Roden und Sortieren werden die gepr\u00fcften B\u00e4ume mit dem Zertifikat von Naktuinbouw versehen.<\/p>\n<h2>Track &amp; Trace<\/h2>\n<p>Seit 2015 k\u00f6nnen wir die R\u00fcckverfolgbarkeit unserer Unterlagen und B\u00e4ume garantieren. W\u00e4hrend der gesamten Anzucht, der Lagerung, dem Transport und der Auslieferung kann der Weg der Pflanzen verfolgt und der Produktionsprozess eingesehen werden. Die Kontrolle der Bestandsverwaltung, eine bessere Zusammenstellung der Partien, eine h\u00f6here Effizienz und geringere Kosten durch Automatisierung sind die wichtigsten Argumente daf\u00fcr.<\/p>\n","protected":false},"excerpt":{"rendered":"<p>Mit der Qualit\u00e4t und Vitalit\u00e4t unserer Obstb\u00e4ume m\u00f6chten wir uns unterscheiden. Der wichtigste Aspekt unserer Qualit\u00e4tsstrategie sind die regelm\u00e4\u00dfigen Kontakte mit den Kunden. Denn wenn wir ihre W\u00fcnsche kennen, k\u00f6nnen wir uns auch darauf einstellen. Dieser Grundsatz zieht sich wie ein roter Faden durch unser Betriebsmanagement. Kenmerkend f\u00fcr unsere Obstb\u00e4ume und Unterlagen ist \u00a0unsere Vitalit\u00e4t [&hellip;]<\/p>\n","protected":false},"author":1,"featured_media":135,"parent":0,"menu_order":0,"comment_status":"closed","ping_status":"closed","template":"","meta":{"_acf_changed":false,"footnotes":""},"class_list":["post-81","page","type-page","status-publish","has-post-thumbnail","hentry"],"acf":[],"yoast_head":"<!-- This site is optimized with the Yoast SEO plugin v27.5 - https:\/\/yoast.com\/product\/yoast-seo-wordpress\/ -->\n<title>Unsere Qualit\u00e4t - Roelofs Baumschule<\/title>\n<meta name=\"robots\" content=\"index, follow, max-snippet:-1, max-image-preview:large, max-video-preview:-1\" \/>\n<link rel=\"canonical\" href=\"https:\/\/www.boomkwekerijroelofs.nl\/de\/unsere-qualitaet\/\" \/>\n<meta property=\"og:locale\" content=\"de_DE\" \/>\n<meta property=\"og:type\" content=\"article\" \/>\n<meta property=\"og:title\" content=\"Unsere Qualit\u00e4t - Roelofs Baumschule\" \/>\n<meta property=\"og:description\" content=\"Mit der Qualit\u00e4t und Vitalit\u00e4t unserer Obstb\u00e4ume m\u00f6chten wir uns unterscheiden. Der wichtigste Aspekt unserer Qualit\u00e4tsstrategie sind die regelm\u00e4\u00dfigen Kontakte mit den Kunden. Denn wenn wir ihre W\u00fcnsche kennen, k\u00f6nnen wir uns auch darauf einstellen. Dieser Grundsatz zieht sich wie ein roter Faden durch unser Betriebsmanagement. Kenmerkend f\u00fcr unsere Obstb\u00e4ume und Unterlagen ist \u00a0unsere Vitalit\u00e4t [&hellip;]\" \/>\n<meta property=\"og:url\" content=\"https:\/\/www.boomkwekerijroelofs.nl\/de\/unsere-qualitaet\/\" \/>\n<meta property=\"og:site_name\" content=\"Roelofs Baumschule\" \/>\n<meta property=\"article:modified_time\" content=\"2019-07-11T11:41:53+00:00\" \/>\n<meta property=\"og:image\" content=\"https:\/\/www.boomkwekerijroelofs.nl\/wp-content\/uploads\/sites\/3\/2019\/07\/2018-kwaliteitsstrategie-inspectie-blad-e1562337913540.jpg\" \/>\n\t<meta property=\"og:image:width\" content=\"4996\" \/>\n\t<meta property=\"og:image:height\" content=\"1236\" \/>\n\t<meta property=\"og:image:type\" content=\"image\/jpeg\" \/>\n<meta name=\"twitter:card\" content=\"summary_large_image\" \/>\n<meta name=\"twitter:label1\" content=\"Gesch\u00e4tzte Lesezeit\" \/>\n\t<meta name=\"twitter:data1\" content=\"2\u00a0Minuten\" \/>\n<script type=\"application\/ld+json\" class=\"yoast-schema-graph\">{\"@context\":\"https:\\\/\\\/schema.org\",\"@graph\":[{\"@type\":\"WebPage\",\"@id\":\"https:\\\/\\\/www.boomkwekerijroelofs.nl\\\/de\\\/unsere-qualitaet\\\/\",\"url\":\"https:\\\/\\\/www.boomkwekerijroelofs.nl\\\/de\\\/unsere-qualitaet\\\/\",\"name\":\"Unsere Qualit\u00e4t - Roelofs Baumschule\",\"isPartOf\":{\"@id\":\"https:\\\/\\\/www.boomkwekerijroelofs.nl\\\/de\\\/#website\"},\"primaryImageOfPage\":{\"@id\":\"https:\\\/\\\/www.boomkwekerijroelofs.nl\\\/de\\\/unsere-qualitaet\\\/#primaryimage\"},\"image\":{\"@id\":\"https:\\\/\\\/www.boomkwekerijroelofs.nl\\\/de\\\/unsere-qualitaet\\\/#primaryimage\"},\"thumbnailUrl\":\"https:\\\/\\\/www.boomkwekerijroelofs.nl\\\/wp-content\\\/uploads\\\/sites\\\/3\\\/2019\\\/07\\\/2018-kwaliteitsstrategie-inspectie-blad-e1562337913540.jpg\",\"datePublished\":\"2019-07-05T13:26:18+00:00\",\"dateModified\":\"2019-07-11T11:41:53+00:00\",\"breadcrumb\":{\"@id\":\"https:\\\/\\\/www.boomkwekerijroelofs.nl\\\/de\\\/unsere-qualitaet\\\/#breadcrumb\"},\"inLanguage\":\"de\",\"potentialAction\":[{\"@type\":\"ReadAction\",\"target\":[\"https:\\\/\\\/www.boomkwekerijroelofs.nl\\\/de\\\/unsere-qualitaet\\\/\"]}]},{\"@type\":\"ImageObject\",\"inLanguage\":\"de\",\"@id\":\"https:\\\/\\\/www.boomkwekerijroelofs.nl\\\/de\\\/unsere-qualitaet\\\/#primaryimage\",\"url\":\"https:\\\/\\\/www.boomkwekerijroelofs.nl\\\/wp-content\\\/uploads\\\/sites\\\/3\\\/2019\\\/07\\\/2018-kwaliteitsstrategie-inspectie-blad-e1562337913540.jpg\",\"contentUrl\":\"https:\\\/\\\/www.boomkwekerijroelofs.nl\\\/wp-content\\\/uploads\\\/sites\\\/3\\\/2019\\\/07\\\/2018-kwaliteitsstrategie-inspectie-blad-e1562337913540.jpg\",\"width\":4996,\"height\":1236},{\"@type\":\"BreadcrumbList\",\"@id\":\"https:\\\/\\\/www.boomkwekerijroelofs.nl\\\/de\\\/unsere-qualitaet\\\/#breadcrumb\",\"itemListElement\":[{\"@type\":\"ListItem\",\"position\":1,\"name\":\"Home\",\"item\":\"https:\\\/\\\/www.boomkwekerijroelofs.nl\\\/de\\\/\"},{\"@type\":\"ListItem\",\"position\":2,\"name\":\"Unsere Qualit\u00e4t\"}]},{\"@type\":\"WebSite\",\"@id\":\"https:\\\/\\\/www.boomkwekerijroelofs.nl\\\/de\\\/#website\",\"url\":\"https:\\\/\\\/www.boomkwekerijroelofs.nl\\\/de\\\/\",\"name\":\"Roelofs Baumschule\",\"description\":\"\",\"potentialAction\":[{\"@type\":\"SearchAction\",\"target\":{\"@type\":\"EntryPoint\",\"urlTemplate\":\"https:\\\/\\\/www.boomkwekerijroelofs.nl\\\/de\\\/?s={search_term_string}\"},\"query-input\":{\"@type\":\"PropertyValueSpecification\",\"valueRequired\":true,\"valueName\":\"search_term_string\"}}],\"inLanguage\":\"de\"}]}<\/script>\n<!-- \/ Yoast SEO plugin. -->","yoast_head_json":{"title":"Unsere Qualit\u00e4t - Roelofs Baumschule","robots":{"index":"index","follow":"follow","max-snippet":"max-snippet:-1","max-image-preview":"max-image-preview:large","max-video-preview":"max-video-preview:-1"},"canonical":"https:\/\/www.boomkwekerijroelofs.nl\/de\/unsere-qualitaet\/","og_locale":"de_DE","og_type":"article","og_title":"Unsere Qualit\u00e4t - Roelofs Baumschule","og_description":"Mit der Qualit\u00e4t und Vitalit\u00e4t unserer Obstb\u00e4ume m\u00f6chten wir uns unterscheiden. Der wichtigste Aspekt unserer Qualit\u00e4tsstrategie sind die regelm\u00e4\u00dfigen Kontakte mit den Kunden. Denn wenn wir ihre W\u00fcnsche kennen, k\u00f6nnen wir uns auch darauf einstellen. Dieser Grundsatz zieht sich wie ein roter Faden durch unser Betriebsmanagement. Kenmerkend f\u00fcr unsere Obstb\u00e4ume und Unterlagen ist \u00a0unsere Vitalit\u00e4t [&hellip;]","og_url":"https:\/\/www.boomkwekerijroelofs.nl\/de\/unsere-qualitaet\/","og_site_name":"Roelofs Baumschule","article_modified_time":"2019-07-11T11:41:53+00:00","og_image":[{"width":4996,"height":1236,"url":"https:\/\/www.boomkwekerijroelofs.nl\/wp-content\/uploads\/sites\/3\/2019\/07\/2018-kwaliteitsstrategie-inspectie-blad-e1562337913540.jpg","type":"image\/jpeg"}],"twitter_card":"summary_large_image","twitter_misc":{"Gesch\u00e4tzte Lesezeit":"2\u00a0Minuten"},"schema":{"@context":"https:\/\/schema.org","@graph":[{"@type":"WebPage","@id":"https:\/\/www.boomkwekerijroelofs.nl\/de\/unsere-qualitaet\/","url":"https:\/\/www.boomkwekerijroelofs.nl\/de\/unsere-qualitaet\/","name":"Unsere Qualit\u00e4t - Roelofs Baumschule","isPartOf":{"@id":"https:\/\/www.boomkwekerijroelofs.nl\/de\/#website"},"primaryImageOfPage":{"@id":"https:\/\/www.boomkwekerijroelofs.nl\/de\/unsere-qualitaet\/#primaryimage"},"image":{"@id":"https:\/\/www.boomkwekerijroelofs.nl\/de\/unsere-qualitaet\/#primaryimage"},"thumbnailUrl":"https:\/\/www.boomkwekerijroelofs.nl\/wp-content\/uploads\/sites\/3\/2019\/07\/2018-kwaliteitsstrategie-inspectie-blad-e1562337913540.jpg","datePublished":"2019-07-05T13:26:18+00:00","dateModified":"2019-07-11T11:41:53+00:00","breadcrumb":{"@id":"https:\/\/www.boomkwekerijroelofs.nl\/de\/unsere-qualitaet\/#breadcrumb"},"inLanguage":"de","potentialAction":[{"@type":"ReadAction","target":["https:\/\/www.boomkwekerijroelofs.nl\/de\/unsere-qualitaet\/"]}]},{"@type":"ImageObject","inLanguage":"de","@id":"https:\/\/www.boomkwekerijroelofs.nl\/de\/unsere-qualitaet\/#primaryimage","url":"https:\/\/www.boomkwekerijroelofs.nl\/wp-content\/uploads\/sites\/3\/2019\/07\/2018-kwaliteitsstrategie-inspectie-blad-e1562337913540.jpg","contentUrl":"https:\/\/www.boomkwekerijroelofs.nl\/wp-content\/uploads\/sites\/3\/2019\/07\/2018-kwaliteitsstrategie-inspectie-blad-e1562337913540.jpg","width":4996,"height":1236},{"@type":"BreadcrumbList","@id":"https:\/\/www.boomkwekerijroelofs.nl\/de\/unsere-qualitaet\/#breadcrumb","itemListElement":[{"@type":"ListItem","position":1,"name":"Home","item":"https:\/\/www.boomkwekerijroelofs.nl\/de\/"},{"@type":"ListItem","position":2,"name":"Unsere Qualit\u00e4t"}]},{"@type":"WebSite","@id":"https:\/\/www.boomkwekerijroelofs.nl\/de\/#website","url":"https:\/\/www.boomkwekerijroelofs.nl\/de\/","name":"Roelofs Baumschule","description":"","potentialAction":[{"@type":"SearchAction","target":{"@type":"EntryPoint","urlTemplate":"https:\/\/www.boomkwekerijroelofs.nl\/de\/?s={search_term_string}"},"query-input":{"@type":"PropertyValueSpecification","valueRequired":true,"valueName":"search_term_string"}}],"inLanguage":"de"}]}},"_links":{"self":[{"href":"https:\/\/www.boomkwekerijroelofs.nl\/de\/wp-json\/wp\/v2\/pages\/81","targetHints":{"allow":["GET"]}}],"collection":[{"href":"https:\/\/www.boomkwekerijroelofs.nl\/de\/wp-json\/wp\/v2\/pages"}],"about":[{"href":"https:\/\/www.boomkwekerijroelofs.nl\/de\/wp-json\/wp\/v2\/types\/page"}],"author":[{"embeddable":true,"href":"https:\/\/www.boomkwekerijroelofs.nl\/de\/wp-json\/wp\/v2\/users\/1"}],"replies":[{"embeddable":true,"href":"https:\/\/www.boomkwekerijroelofs.nl\/de\/wp-json\/wp\/v2\/comments?post=81"}],"version-history":[{"count":3,"href":"https:\/\/www.boomkwekerijroelofs.nl\/de\/wp-json\/wp\/v2\/pages\/81\/revisions"}],"predecessor-version":[{"id":257,"href":"https:\/\/www.boomkwekerijroelofs.nl\/de\/wp-json\/wp\/v2\/pages\/81\/revisions\/257"}],"wp:featuredmedia":[{"embeddable":true,"href":"https:\/\/www.boomkwekerijroelofs.nl\/de\/wp-json\/wp\/v2\/media\/135"}],"wp:attachment":[{"href":"https:\/\/www.boomkwekerijroelofs.nl\/de\/wp-json\/wp\/v2\/media?parent=81"}],"curies":[{"name":"wp","href":"https:\/\/api.w.org\/{rel}","templated":true}]}}