{"id":72,"date":"2019-07-05T14:04:53","date_gmt":"2019-07-05T12:04:53","guid":{"rendered":"https:\/\/www.boomkwekerijroelofs.nl\/de\/?page_id=72"},"modified":"2024-11-28T17:11:36","modified_gmt":"2024-11-28T16:11:36","slug":"birnenbaeume","status":"publish","type":"page","link":"https:\/\/www.boomkwekerijroelofs.nl\/de\/baeume\/birnenbaeume\/","title":{"rendered":"Birnenb\u00e4ume"},"content":{"rendered":"<p>Die Birnenb\u00e4ume werden in 3\u00a0Jahren angezogen. Sie sind in vier Baumtypen erh\u00e4ltlich:<\/p>\n<ul>\n<li>V-Hecke<\/li>\n<li>2- oder 3-Kopf<\/li>\n<li>Spindel<\/li>\n<li>Durchwachsb\u00e4ume<\/li>\n<\/ul>\n<p>&nbsp;<\/p>\n<p>Die Qualit\u00e4tsklassen sind:<\/p>\n<ul>\n<li>AA<\/li>\n<li>A+<\/li>\n<li>A<\/li>\n<\/ul>\n<p>&nbsp;<\/p>\n<p><a class=\"button\" href=\"\/de\/sorten\">Alle Sorten<\/a><\/p>\n<p><a class=\"button\" href=\"https:\/\/www.boomkwekerijroelofs.nl\/wp-content\/uploads\/sites\/3\/2024\/11\/DE-Katalog-Apfel-Birnebaeume-2024-2025.pdf\" target=\"_blank\" rel=\"noopener\">Katalog 2024-2025<\/a><\/p>\n<p><a class=\"button\" href=\"https:\/\/www.boomkwekerijroelofs.nl\/wp-content\/uploads\/sites\/3\/2024\/11\/DE-Katalog-Apfel-Birnebaeume-2025-2026.pdf\" target=\"_blank\" rel=\"noopener\">Katalog 2025-2026<\/a><\/p>\n","protected":false},"excerpt":{"rendered":"<p>Die Birnenb\u00e4ume werden in 3\u00a0Jahren angezogen. Sie sind in vier Baumtypen erh\u00e4ltlich: V-Hecke 2- oder 3-Kopf Spindel Durchwachsb\u00e4ume &nbsp; Die Qualit\u00e4tsklassen sind: AA A+ A &nbsp; Alle Sorten Katalog 2024-2025 Katalog 2025-2026<\/p>\n","protected":false},"author":1,"featured_media":44,"parent":64,"menu_order":2,"comment_status":"closed","ping_status":"closed","template":"","meta":{"_acf_changed":false,"footnotes":""},"class_list":["post-72","page","type-page","status-publish","has-post-thumbnail","hentry"],"acf":[],"yoast_head":"<!-- This site is optimized with the Yoast SEO plugin v27.5 - https:\/\/yoast.com\/product\/yoast-seo-wordpress\/ -->\n<title>Birnenb\u00e4ume - Roelofs Baumschule<\/title>\n<meta name=\"robots\" content=\"index, follow, max-snippet:-1, max-image-preview:large, max-video-preview:-1\" \/>\n<link rel=\"canonical\" href=\"https:\/\/www.boomkwekerijroelofs.nl\/de\/baeume\/birnenbaeume\/\" \/>\n<meta property=\"og:locale\" content=\"de_DE\" \/>\n<meta property=\"og:type\" content=\"article\" \/>\n<meta property=\"og:title\" content=\"Birnenb\u00e4ume - Roelofs Baumschule\" \/>\n<meta property=\"og:description\" content=\"Die Birnenb\u00e4ume werden in 3\u00a0Jahren angezogen. Sie sind in vier Baumtypen erh\u00e4ltlich: V-Hecke 2- oder 3-Kopf Spindel Durchwachsb\u00e4ume &nbsp; Die Qualit\u00e4tsklassen sind: AA A+ A &nbsp; Alle Sorten Katalog 2024-2025 Katalog 2025-2026\" \/>\n<meta property=\"og:url\" content=\"https:\/\/www.boomkwekerijroelofs.nl\/de\/baeume\/birnenbaeume\/\" \/>\n<meta property=\"og:site_name\" content=\"Roelofs Baumschule\" \/>\n<meta property=\"article:modified_time\" content=\"2024-11-28T16:11:36+00:00\" \/>\n<meta property=\"og:image\" content=\"https:\/\/www.boomkwekerijroelofs.nl\/wp-content\/uploads\/sites\/3\/2017\/02\/perenboom-02-augustus-min.jpg\" \/>\n\t<meta property=\"og:image:width\" content=\"1920\" \/>\n\t<meta property=\"og:image:height\" content=\"1280\" \/>\n\t<meta property=\"og:image:type\" content=\"image\/jpeg\" \/>\n<meta name=\"twitter:card\" content=\"summary_large_image\" \/>\n<meta name=\"twitter:label1\" content=\"Gesch\u00e4tzte Lesezeit\" \/>\n\t<meta name=\"twitter:data1\" content=\"1\u00a0Minute\" \/>\n<script type=\"application\/ld+json\" class=\"yoast-schema-graph\">{\"@context\":\"https:\\\/\\\/schema.org\",\"@graph\":[{\"@type\":\"WebPage\",\"@id\":\"https:\\\/\\\/www.boomkwekerijroelofs.nl\\\/de\\\/baeume\\\/birnenbaeume\\\/\",\"url\":\"https:\\\/\\\/www.boomkwekerijroelofs.nl\\\/de\\\/baeume\\\/birnenbaeume\\\/\",\"name\":\"Birnenb\u00e4ume - Roelofs Baumschule\",\"isPartOf\":{\"@id\":\"https:\\\/\\\/www.boomkwekerijroelofs.nl\\\/de\\\/#website\"},\"primaryImageOfPage\":{\"@id\":\"https:\\\/\\\/www.boomkwekerijroelofs.nl\\\/de\\\/baeume\\\/birnenbaeume\\\/#primaryimage\"},\"image\":{\"@id\":\"https:\\\/\\\/www.boomkwekerijroelofs.nl\\\/de\\\/baeume\\\/birnenbaeume\\\/#primaryimage\"},\"thumbnailUrl\":\"https:\\\/\\\/www.boomkwekerijroelofs.nl\\\/wp-content\\\/uploads\\\/sites\\\/3\\\/2017\\\/02\\\/perenboom-02-augustus-min.jpg\",\"datePublished\":\"2019-07-05T12:04:53+00:00\",\"dateModified\":\"2024-11-28T16:11:36+00:00\",\"breadcrumb\":{\"@id\":\"https:\\\/\\\/www.boomkwekerijroelofs.nl\\\/de\\\/baeume\\\/birnenbaeume\\\/#breadcrumb\"},\"inLanguage\":\"de\",\"potentialAction\":[{\"@type\":\"ReadAction\",\"target\":[\"https:\\\/\\\/www.boomkwekerijroelofs.nl\\\/de\\\/baeume\\\/birnenbaeume\\\/\"]}]},{\"@type\":\"ImageObject\",\"inLanguage\":\"de\",\"@id\":\"https:\\\/\\\/www.boomkwekerijroelofs.nl\\\/de\\\/baeume\\\/birnenbaeume\\\/#primaryimage\",\"url\":\"https:\\\/\\\/www.boomkwekerijroelofs.nl\\\/wp-content\\\/uploads\\\/sites\\\/3\\\/2017\\\/02\\\/perenboom-02-augustus-min.jpg\",\"contentUrl\":\"https:\\\/\\\/www.boomkwekerijroelofs.nl\\\/wp-content\\\/uploads\\\/sites\\\/3\\\/2017\\\/02\\\/perenboom-02-augustus-min.jpg\",\"width\":1920,\"height\":1280},{\"@type\":\"BreadcrumbList\",\"@id\":\"https:\\\/\\\/www.boomkwekerijroelofs.nl\\\/de\\\/baeume\\\/birnenbaeume\\\/#breadcrumb\",\"itemListElement\":[{\"@type\":\"ListItem\",\"position\":1,\"name\":\"Home\",\"item\":\"https:\\\/\\\/www.boomkwekerijroelofs.nl\\\/de\\\/\"},{\"@type\":\"ListItem\",\"position\":2,\"name\":\"B\u00e4ume\",\"item\":\"https:\\\/\\\/www.boomkwekerijroelofs.nl\\\/de\\\/baeume\\\/\"},{\"@type\":\"ListItem\",\"position\":3,\"name\":\"Birnenb\u00e4ume\"}]},{\"@type\":\"WebSite\",\"@id\":\"https:\\\/\\\/www.boomkwekerijroelofs.nl\\\/de\\\/#website\",\"url\":\"https:\\\/\\\/www.boomkwekerijroelofs.nl\\\/de\\\/\",\"name\":\"Roelofs Baumschule\",\"description\":\"\",\"potentialAction\":[{\"@type\":\"SearchAction\",\"target\":{\"@type\":\"EntryPoint\",\"urlTemplate\":\"https:\\\/\\\/www.boomkwekerijroelofs.nl\\\/de\\\/?s={search_term_string}\"},\"query-input\":{\"@type\":\"PropertyValueSpecification\",\"valueRequired\":true,\"valueName\":\"search_term_string\"}}],\"inLanguage\":\"de\"}]}<\/script>\n<!-- \/ Yoast SEO plugin. -->","yoast_head_json":{"title":"Birnenb\u00e4ume - Roelofs Baumschule","robots":{"index":"index","follow":"follow","max-snippet":"max-snippet:-1","max-image-preview":"max-image-preview:large","max-video-preview":"max-video-preview:-1"},"canonical":"https:\/\/www.boomkwekerijroelofs.nl\/de\/baeume\/birnenbaeume\/","og_locale":"de_DE","og_type":"article","og_title":"Birnenb\u00e4ume - Roelofs Baumschule","og_description":"Die Birnenb\u00e4ume werden in 3\u00a0Jahren angezogen. Sie sind in vier Baumtypen erh\u00e4ltlich: V-Hecke 2- oder 3-Kopf Spindel Durchwachsb\u00e4ume &nbsp; Die Qualit\u00e4tsklassen sind: AA A+ A &nbsp; Alle Sorten Katalog 2024-2025 Katalog 2025-2026","og_url":"https:\/\/www.boomkwekerijroelofs.nl\/de\/baeume\/birnenbaeume\/","og_site_name":"Roelofs Baumschule","article_modified_time":"2024-11-28T16:11:36+00:00","og_image":[{"width":1920,"height":1280,"url":"https:\/\/www.boomkwekerijroelofs.nl\/wp-content\/uploads\/sites\/3\/2017\/02\/perenboom-02-augustus-min.jpg","type":"image\/jpeg"}],"twitter_card":"summary_large_image","twitter_misc":{"Gesch\u00e4tzte Lesezeit":"1\u00a0Minute"},"schema":{"@context":"https:\/\/schema.org","@graph":[{"@type":"WebPage","@id":"https:\/\/www.boomkwekerijroelofs.nl\/de\/baeume\/birnenbaeume\/","url":"https:\/\/www.boomkwekerijroelofs.nl\/de\/baeume\/birnenbaeume\/","name":"Birnenb\u00e4ume - Roelofs Baumschule","isPartOf":{"@id":"https:\/\/www.boomkwekerijroelofs.nl\/de\/#website"},"primaryImageOfPage":{"@id":"https:\/\/www.boomkwekerijroelofs.nl\/de\/baeume\/birnenbaeume\/#primaryimage"},"image":{"@id":"https:\/\/www.boomkwekerijroelofs.nl\/de\/baeume\/birnenbaeume\/#primaryimage"},"thumbnailUrl":"https:\/\/www.boomkwekerijroelofs.nl\/wp-content\/uploads\/sites\/3\/2017\/02\/perenboom-02-augustus-min.jpg","datePublished":"2019-07-05T12:04:53+00:00","dateModified":"2024-11-28T16:11:36+00:00","breadcrumb":{"@id":"https:\/\/www.boomkwekerijroelofs.nl\/de\/baeume\/birnenbaeume\/#breadcrumb"},"inLanguage":"de","potentialAction":[{"@type":"ReadAction","target":["https:\/\/www.boomkwekerijroelofs.nl\/de\/baeume\/birnenbaeume\/"]}]},{"@type":"ImageObject","inLanguage":"de","@id":"https:\/\/www.boomkwekerijroelofs.nl\/de\/baeume\/birnenbaeume\/#primaryimage","url":"https:\/\/www.boomkwekerijroelofs.nl\/wp-content\/uploads\/sites\/3\/2017\/02\/perenboom-02-augustus-min.jpg","contentUrl":"https:\/\/www.boomkwekerijroelofs.nl\/wp-content\/uploads\/sites\/3\/2017\/02\/perenboom-02-augustus-min.jpg","width":1920,"height":1280},{"@type":"BreadcrumbList","@id":"https:\/\/www.boomkwekerijroelofs.nl\/de\/baeume\/birnenbaeume\/#breadcrumb","itemListElement":[{"@type":"ListItem","position":1,"name":"Home","item":"https:\/\/www.boomkwekerijroelofs.nl\/de\/"},{"@type":"ListItem","position":2,"name":"B\u00e4ume","item":"https:\/\/www.boomkwekerijroelofs.nl\/de\/baeume\/"},{"@type":"ListItem","position":3,"name":"Birnenb\u00e4ume"}]},{"@type":"WebSite","@id":"https:\/\/www.boomkwekerijroelofs.nl\/de\/#website","url":"https:\/\/www.boomkwekerijroelofs.nl\/de\/","name":"Roelofs Baumschule","description":"","potentialAction":[{"@type":"SearchAction","target":{"@type":"EntryPoint","urlTemplate":"https:\/\/www.boomkwekerijroelofs.nl\/de\/?s={search_term_string}"},"query-input":{"@type":"PropertyValueSpecification","valueRequired":true,"valueName":"search_term_string"}}],"inLanguage":"de"}]}},"_links":{"self":[{"href":"https:\/\/www.boomkwekerijroelofs.nl\/de\/wp-json\/wp\/v2\/pages\/72","targetHints":{"allow":["GET"]}}],"collection":[{"href":"https:\/\/www.boomkwekerijroelofs.nl\/de\/wp-json\/wp\/v2\/pages"}],"about":[{"href":"https:\/\/www.boomkwekerijroelofs.nl\/de\/wp-json\/wp\/v2\/types\/page"}],"author":[{"embeddable":true,"href":"https:\/\/www.boomkwekerijroelofs.nl\/de\/wp-json\/wp\/v2\/users\/1"}],"replies":[{"embeddable":true,"href":"https:\/\/www.boomkwekerijroelofs.nl\/de\/wp-json\/wp\/v2\/comments?post=72"}],"version-history":[{"count":6,"href":"https:\/\/www.boomkwekerijroelofs.nl\/de\/wp-json\/wp\/v2\/pages\/72\/revisions"}],"predecessor-version":[{"id":509,"href":"https:\/\/www.boomkwekerijroelofs.nl\/de\/wp-json\/wp\/v2\/pages\/72\/revisions\/509"}],"up":[{"embeddable":true,"href":"https:\/\/www.boomkwekerijroelofs.nl\/de\/wp-json\/wp\/v2\/pages\/64"}],"wp:featuredmedia":[{"embeddable":true,"href":"https:\/\/www.boomkwekerijroelofs.nl\/de\/wp-json\/wp\/v2\/media\/44"}],"wp:attachment":[{"href":"https:\/\/www.boomkwekerijroelofs.nl\/de\/wp-json\/wp\/v2\/media?parent=72"}],"curies":[{"name":"wp","href":"https:\/\/api.w.org\/{rel}","templated":true}]}}